{"id":20275,"date":"2024-06-04T13:52:13","date_gmt":"2024-06-04T13:52:13","guid":{"rendered":"https:\/\/woolskins.eu\/?post_type=product&#038;p=20275"},"modified":"2026-02-12T09:57:26","modified_gmt":"2026-02-12T09:57:26","slug":"couvre-pieds-en-laine-0-3-ans-zaffiro-igrow-4-0-zwar-beige","status":"publish","type":"product","link":"https:\/\/woolskins.eu\/fr\/wollen-voetenzak-0-3-jaar-zaffiro-igrow-4-0-zwar-beige\/","title":{"rendered":"Chanceli\u00e8re en laine 0-3 ans - Zaffiro iGrow 4.0 | Black melange\/beige"},"content":{"rendered":"<p>L&#039;iGrow 4.0 est une version am\u00e9lior\u00e9e de notre best-seller et est disponible chez Woolskins en 4 couleurs. Cette chanceli\u00e8re est fabriqu\u00e9e en laine naturelle premium de haute qualit\u00e9 qui grandit avec votre enfant jusqu&#039;\u00e0 3 ans gr\u00e2ce \u00e0 deux options de r\u00e9glage de la longueur. Gr\u00e2ce \u00e0 l&#039;utilisation de trous longitudinaux pour les ceintures de s\u00e9curit\u00e9, il s&#039;adapte aux mod\u00e8les \u00e9quip\u00e9s d&#039;un syst\u00e8me d&#039;installation de ceinture \u00e0 5 et 3 points ainsi qu&#039;aux mod\u00e8les avec harnais attach\u00e9s qui maintiennent l&#039;enfant. La partie inf\u00e9rieure \u00e9tendue du mod\u00e8le iGrow 4.0 est dot\u00e9e d&#039;un rev\u00eatement de protection sp\u00e9cial W\/R, permettant aux enfants plus \u00e2g\u00e9s de rouler avec des chaussures.<\/p>\n<p>Cette chanceli\u00e8re Zaffiro est luxueuse, chaleureuse et confortable ! La couche ext\u00e9rieure sp\u00e9ciale est imperm\u00e9able et coupe-vent, afin que votre enfant soit toujours prot\u00e9g\u00e9 du froid. Deux couches de laine polaire ont \u00e9t\u00e9 utilis\u00e9es \u00e0 l&#039;int\u00e9rieur pour plus de chaleur et de confort.<\/p>\n<p>La chanceli\u00e8re peut \u00eatre ajust\u00e9e en longueur, cela est possible en ouvrant la partie inf\u00e9rieure. Cela d\u00e9pend de l&#039;\u00e2ge et des besoins de votre tout-petit. La chanceli\u00e8re est dot\u00e9e d&#039;un cordon de serrage dans le col, ce qui permet de l&#039;ajuster facilement \u00e0 la forme de la t\u00eate de votre tout-petit.<\/p>\n<p>Lorsque la partie inf\u00e9rieure est ouverte, elle convient pour un lit parapluie et des si\u00e8ges auto. Une fois que vous avez zipp\u00e9 la partie inf\u00e9rieure de la chanceli\u00e8re, celle-ci convient aux poussettes.<\/p>\n<p>Caract\u00e9ristiques:<\/p>\n<p>\u2013 Dimensions : 84\/106 x 45 cm.<br \/>\n\u2013 Destin\u00e9 aux enfants de la naissance \u00e0 3 ans minimum.<br \/>\n\u2013 S&#039;adapte \u00e0 tous les mod\u00e8les de poussettes.<br \/>\n\u2013 Mat\u00e9riau r\u00e9sistant aux taches pour repousser la salet\u00e9.<br \/>\n\u2013 Coupe-vent et imperm\u00e9able (prot\u00e8ge de la pluie et de la neige).<br \/>\n\u2013 Bonne isolation gr\u00e2ce \u00e0 la chaude laine de mouton premium.<br \/>\n\u2013 Tissu non tiss\u00e9 moelleux antiallergique 300g\/m2 au dos de la gigoteuse, et devant la couette 450g\/m2.<br \/>\n\u2013 La partie sup\u00e9rieure du sac de couchage peut \u00eatre resserr\u00e9e gr\u00e2ce \u00e0 un cordon de serrage pour former une capuche bien chaude.<br \/>\n\u2013 La housse peut \u00eatre relev\u00e9e pour mieux prot\u00e9ger la t\u00eate et le cou de l&#039;enfant du vent et du gel.<br \/>\n\u2013 Le haut peut \u00eatre enti\u00e8rement d\u00e9compress\u00e9.<br \/>\n\u2013 Ne glisse pas facilement dans la poussette ou le tra\u00eeneau.<\/p>\n<p>Laine de qualit\u00e9 sup\u00e9rieure<br \/>\nLe sac de couchage iGrow 4.0 est fabriqu\u00e9 \u00e0 partir de fibres de la plus haute qualit\u00e9 enrichies de processus sp\u00e9cialis\u00e9s suppl\u00e9mentaires, cr\u00e9ant une couverture capillaire des deux c\u00f4t\u00e9s du tissu. Gr\u00e2ce \u00e0 ces propri\u00e9t\u00e9s, la laine de nos sacs de couchage est hygroscopique, absorbe parfaitement l&#039;humidit\u00e9 et prot\u00e8ge des d\u00e9perditions de chaleur. La laine utilis\u00e9e dans le sac de couchage iGrow 4.0 retient mieux la chaleur que la laine ordinaire, gr\u00e2ce \u00e0 deux couches de laine polaire.<\/p>\n<p>La laine de mouton PREMIUM naturelle et douce utilis\u00e9e pour fabriquer le sac de couchage est parfaite pour les hivers froids et les journ\u00e9es plus chaudes. Il assure une thermor\u00e9gulation naturelle encore meilleure, de sorte qu&#039;il prot\u00e8ge efficacement l&#039;enfant m\u00eame en cas de gel s\u00e9v\u00e8re et veille \u00e0 ce qu&#039;il ne surchauffe pas lors des journ\u00e9es chaudes. La laine de mouton poss\u00e8de \u00e9galement des propri\u00e9t\u00e9s anti-allergiques et r\u00e9siste au d\u00e9veloppement des acariens. Il poss\u00e8de des propri\u00e9t\u00e9s hygi\u00e9niques et autonettoyantes. Neutralise les odeurs d\u00e9sagr\u00e9ables et la salet\u00e9.<\/p>\n<p>Compos\u00e9:<br \/>\nTissu de rev\u00eatement : polyester 100% ; tissu int\u00e9rieur : laine polaire 100% ; remplissage : polyester 100%.<\/p>","protected":false},"excerpt":{"rendered":"<p>Profitez de sortir avec votre enfant dans cette chanceli\u00e8re chaude en laine de Zaffiro. L&#039;int\u00e9rieur de la chanceli\u00e8re est en laine naturelle premium de haute qualit\u00e9 et grandit avec votre enfant jusqu&#039;\u00e0 3 ans gr\u00e2ce \u00e0 l&#039;attache suppl\u00e9mentaire. La chanceli\u00e8re peut \u00eatre ajust\u00e9e en longueur, cela est possible en ouvrant la partie inf\u00e9rieure. Gr\u00e2ce aux ouvertures longitudinales pour les ceintures de s\u00e9curit\u00e9, il s&#039;adapte aussi bien aux syst\u00e8mes d&#039;installation de ceintures \u00e0 5 et 3 points qu&#039;aux mod\u00e8les avec sangles attach\u00e9es. La partie inf\u00e9rieure allong\u00e9e est dot\u00e9e d&#039;un rev\u00eatement protecteur sp\u00e9cial r\u00e9sistant \u00e0 l&#039;eau, afin que les enfants plus grands puissent y entrer avec des chaussures. Cette chanceli\u00e8re en laine Zaffiro est luxueuse, chaleureuse et confortable ! La couche ext\u00e9rieure sp\u00e9ciale est imperm\u00e9able et coupe-vent, afin que votre enfant soit toujours prot\u00e9g\u00e9 du froid. Deux couches de laine polaire ont \u00e9t\u00e9 utilis\u00e9es \u00e0 l&#039;int\u00e9rieur pour plus de chaleur et de confort. La chanceli\u00e8re en laine Zaffiro peut \u00eatre utilis\u00e9e toute l&#039;ann\u00e9e, mais elle est plus utile en hiver et en automne. Vous pouvez compter sur votre enfant pour \u00eatre bien au chaud et extr\u00eamement \u00e0 l&#039;aise dans cette chanceli\u00e8re de Zaffiro. Vous trouverez ci-dessous plus d&#039;informations.<\/p>\n<p><strong>Marque : Zaffiro<\/strong><br \/>\n<strong>Production : Pologne<br \/>\nKeur: Oeko-Tex Standard<\/strong><\/p>\n<p><img loading=\"lazy\" decoding=\"async\" class=\"alignnone wp-image-28173 entered lazyloaded\" src=\"https:\/\/woolskins.eu\/wp-content\/uploads\/2024\/05\/csm_OEKO-TEX_Logo_2022_rgb_c1aaeb5ceb-300x300.jpg\" alt=\"\" width=\"89\" height=\"89\" data-lazy-src=\"https:\/\/woolskins.eu\/wp-content\/uploads\/2024\/05\/csm_OEKO-TEX_Logo_2022_rgb_c1aaeb5ceb-300x300.jpg\" data-ll-status=\"loaded\" srcset=\"https:\/\/woolskins.eu\/wp-content\/uploads\/2024\/05\/csm_OEKO-TEX_Logo_2022_rgb_c1aaeb5ceb-300x300.jpg 300w, https:\/\/woolskins.eu\/wp-content\/uploads\/2024\/05\/csm_OEKO-TEX_Logo_2022_rgb_c1aaeb5ceb-150x150.jpg 150w, https:\/\/woolskins.eu\/wp-content\/uploads\/2024\/05\/csm_OEKO-TEX_Logo_2022_rgb_c1aaeb5ceb-768x769.jpg 768w, https:\/\/woolskins.eu\/wp-content\/uploads\/2024\/05\/csm_OEKO-TEX_Logo_2022_rgb_c1aaeb5ceb-12x12.jpg 12w, https:\/\/woolskins.eu\/wp-content\/uploads\/2024\/05\/csm_OEKO-TEX_Logo_2022_rgb_c1aaeb5ceb-600x601.jpg 600w, https:\/\/woolskins.eu\/wp-content\/uploads\/2024\/05\/csm_OEKO-TEX_Logo_2022_rgb_c1aaeb5ceb-100x100.jpg 100w, https:\/\/woolskins.eu\/wp-content\/uploads\/2024\/05\/csm_OEKO-TEX_Logo_2022_rgb_c1aaeb5ceb-64x64.jpg 64w, https:\/\/woolskins.eu\/wp-content\/uploads\/2024\/05\/csm_OEKO-TEX_Logo_2022_rgb_c1aaeb5ceb.jpg 885w\" sizes=\"auto, (max-width: 89px) 100vw, 89px\" \/><\/p>","protected":false},"featured_media":26004,"comment_status":"closed","ping_status":"closed","template":"","meta":{"_acf_changed":false},"product_brand":[],"product_cat":[352,336,502],"product_tag":[],"class_list":{"0":"post-20275","1":"product","2":"type-product","3":"status-publish","4":"has-post-thumbnail","6":"product_cat-merken","7":"product_cat-voetenzakken","8":"product_cat-zaffiro","10":"first","11":"outofstock","12":"sale","13":"taxable","14":"shipping-taxable","15":"purchasable","16":"product-type-simple"},"acf":[],"_links":{"self":[{"href":"https:\/\/woolskins.eu\/fr\/wp-json\/wp\/v2\/product\/20275","targetHints":{"allow":["GET"]}}],"collection":[{"href":"https:\/\/woolskins.eu\/fr\/wp-json\/wp\/v2\/product"}],"about":[{"href":"https:\/\/woolskins.eu\/fr\/wp-json\/wp\/v2\/types\/product"}],"replies":[{"embeddable":true,"href":"https:\/\/woolskins.eu\/fr\/wp-json\/wp\/v2\/comments?post=20275"}],"wp:featuredmedia":[{"embeddable":true,"href":"https:\/\/woolskins.eu\/fr\/wp-json\/wp\/v2\/media\/26004"}],"wp:attachment":[{"href":"https:\/\/woolskins.eu\/fr\/wp-json\/wp\/v2\/media?parent=20275"}],"wp:term":[{"taxonomy":"product_brand","embeddable":true,"href":"https:\/\/woolskins.eu\/fr\/wp-json\/wp\/v2\/product_brand?post=20275"},{"taxonomy":"product_cat","embeddable":true,"href":"https:\/\/woolskins.eu\/fr\/wp-json\/wp\/v2\/product_cat?post=20275"},{"taxonomy":"product_tag","embeddable":true,"href":"https:\/\/woolskins.eu\/fr\/wp-json\/wp\/v2\/product_tag?post=20275"}],"curies":[{"name":"wp","href":"https:\/\/api.w.org\/{rel}","templated":true}]}}