{"id":20175,"date":"2024-05-30T12:11:04","date_gmt":"2024-05-30T12:11:04","guid":{"rendered":"https:\/\/woolskins.eu\/?post_type=product&#038;p=20175"},"modified":"2026-01-10T10:34:52","modified_gmt":"2026-01-10T10:34:52","slug":"moufles-en-laine-pour-bebe-zaffiro-feutre-beige-copie","status":"publish","type":"product","link":"https:\/\/woolskins.eu\/fr\/wollen-wanten-voor-baby-zaffiro-felted-beige-kopie\/","title":{"rendered":"Moufles en laine pour b\u00e9b\u00e9 0-12 mois. - Zaffiro | Feutr\u00e9 gris clair"},"content":{"rendered":"<h5>Mitaines en laine pour b\u00e9b\u00e9 0-12 mois \u2013 Zaffiro<\/h5>\n<p>Gardez les petites mains bien au chaud et confortables avec les mitaines en laine pour b\u00e9b\u00e9 de Zaffiro. Ces jolies mitaines en laine sont le moyen id\u00e9al pour garder les mains de votre b\u00e9b\u00e9 au chaud pendant les journ\u00e9es froides. Les moufles en laine pour b\u00e9b\u00e9 ont un col pratique qui garantit que les moufles restent en place. Ils sont fabriqu\u00e9s \u00e0 partir de laine feutr\u00e9e douce et naturelle de premi\u00e8re qualit\u00e9 et sont doux pour la peau sensible de votre b\u00e9b\u00e9. Les moufles en laine offrent une excellente isolation et gr\u00e2ce au lacet pratique, vous ne perdrez pas facilement les moufles de b\u00e9b\u00e9.<\/p>\n<p>Quelques fonctionnalit\u00e9s :<\/p>\n<ul>\n<li>Chaleur : La laine isole naturellement et garde les mains de votre b\u00e9b\u00e9 bien au chaud m\u00eame par temps les plus froids.<\/li>\n<li>Douceur : les mitaines sont faites de laine luxueusement douce qui n&#039;irritera pas la peau de votre b\u00e9b\u00e9.<\/li>\n<li>Respirabilit\u00e9 : La laine est naturellement respirante, gardant les mains de votre b\u00e9b\u00e9 confortables et sans transpiration.<\/li>\n<li>Facile \u00e0 mettre et \u00e0 enlever : Les moufles sont dot\u00e9es d&#039;un revers qui les rend faciles \u00e0 mettre et \u00e0 enlever, m\u00eame pour les tout-petits qui bougent.<\/li>\n<li>Les mitaines peuvent \u00eatre facilement combin\u00e9es avec tous les autres produits de notre collection Felted.<\/li>\n<\/ul>\n<p data-sourcepos=\"5:1-5:57\">Taille : 0-12 mois.<\/p>\n<h5>Zaffiro<\/h5>\n<p>La soci\u00e9t\u00e9 Zaffiro est une entreprise familiale polonaise. Depuis nos d\u00e9buts en 1989, nous sommes sp\u00e9cialis\u00e9s dans la production de produits pour b\u00e9b\u00e9s et enfants et la plupart de ce que nous produisons est export\u00e9 dans plus de 40 pays. Nous avons cr\u00e9\u00e9 la marque Zaffiro pour promouvoir des produits qui soutiennent les parents conscients de l&#039;importance de l&#039;intimit\u00e9 et du lien avec leur b\u00e9b\u00e9 d\u00e8s les premi\u00e8res heures apr\u00e8s la naissance. Nous promouvons le concept du portage des enfants \u00ab c\u0153ur \u00e0 c\u0153ur \u00bb dans des porte-b\u00e9b\u00e9s et des porte-b\u00e9b\u00e9s, r\u00e9introduisant, red\u00e9couvrant et d\u00e9veloppant la sage tradition des g\u00e9n\u00e9rations pr\u00e9c\u00e9dentes en tenant compte de la recherche psychologique contemporaine.<\/p>","protected":false},"excerpt":{"rendered":"<p>Gardez les petites mains bien au chaud et confortables avec les mitaines en laine pour b\u00e9b\u00e9 de Zaffiro. Ces jolies mitaines en laine sont le moyen id\u00e9al pour garder les mains de votre b\u00e9b\u00e9 au chaud pendant les journ\u00e9es froides. Les mitaines en laine pour b\u00e9b\u00e9 ont une bordure extensible pratique qui garantit qu&#039;elles restent en place. Ils sont fabriqu\u00e9s \u00e0 partir de laine feutr\u00e9e de qualit\u00e9 sup\u00e9rieure 100% et sont doux pour la peau sensible de votre b\u00e9b\u00e9. Les moufles en laine offrent une excellente isolation et gr\u00e2ce au lacet pratique, vous ne perdrez pas facilement les moufles pour b\u00e9b\u00e9. Un v\u00e9ritable incontournable pour les journ\u00e9es les plus froides. Convient aux enfants de 0 \u00e0 12 mois.<\/p>\n<div class=\"woocommerce-product-details__short-description\">\n<p><strong>Marque : Zaffiro<\/strong><br \/>\n<strong>Production : Pologne<br \/>\nKeur: Oeko-Tex Standard<\/strong><\/p>\n<p><img loading=\"lazy\" decoding=\"async\" class=\"alignnone wp-image-28173 entered lazyloaded\" src=\"https:\/\/woolskins.eu\/wp-content\/uploads\/2024\/05\/csm_OEKO-TEX_Logo_2022_rgb_c1aaeb5ceb-300x300.jpg\" alt=\"\" width=\"89\" height=\"89\" data-lazy-src=\"https:\/\/woolskins.eu\/wp-content\/uploads\/2024\/05\/csm_OEKO-TEX_Logo_2022_rgb_c1aaeb5ceb-300x300.jpg\" data-ll-status=\"loaded\" srcset=\"https:\/\/woolskins.eu\/wp-content\/uploads\/2024\/05\/csm_OEKO-TEX_Logo_2022_rgb_c1aaeb5ceb-300x300.jpg 300w, https:\/\/woolskins.eu\/wp-content\/uploads\/2024\/05\/csm_OEKO-TEX_Logo_2022_rgb_c1aaeb5ceb-150x150.jpg 150w, https:\/\/woolskins.eu\/wp-content\/uploads\/2024\/05\/csm_OEKO-TEX_Logo_2022_rgb_c1aaeb5ceb-768x769.jpg 768w, https:\/\/woolskins.eu\/wp-content\/uploads\/2024\/05\/csm_OEKO-TEX_Logo_2022_rgb_c1aaeb5ceb-12x12.jpg 12w, https:\/\/woolskins.eu\/wp-content\/uploads\/2024\/05\/csm_OEKO-TEX_Logo_2022_rgb_c1aaeb5ceb-600x601.jpg 600w, https:\/\/woolskins.eu\/wp-content\/uploads\/2024\/05\/csm_OEKO-TEX_Logo_2022_rgb_c1aaeb5ceb-100x100.jpg 100w, https:\/\/woolskins.eu\/wp-content\/uploads\/2024\/05\/csm_OEKO-TEX_Logo_2022_rgb_c1aaeb5ceb-64x64.jpg 64w, https:\/\/woolskins.eu\/wp-content\/uploads\/2024\/05\/csm_OEKO-TEX_Logo_2022_rgb_c1aaeb5ceb.jpg 885w\" sizes=\"auto, (max-width: 89px) 100vw, 89px\" \/><\/p>\n<\/div>","protected":false},"featured_media":20179,"comment_status":"open","ping_status":"closed","template":"","meta":{"_acf_changed":false},"product_brand":[],"product_cat":[502,345,361,362,200,196,346],"product_tag":[],"class_list":{"0":"post-20175","1":"product","2":"type-product","3":"status-publish","4":"has-post-thumbnail","6":"product_cat-zaffiro","7":"product_cat-accessoires","8":"product_cat-babyshower","9":"product_cat-cadeaus-tot-e-25","10":"product_cat-wollen-babykleding","11":"product_cat-slaapkleding-baby","12":"product_cat-mutsjesensjaaltjes","14":"first","15":"instock","16":"taxable","17":"shipping-taxable","18":"purchasable","19":"product-type-simple"},"acf":[],"_links":{"self":[{"href":"https:\/\/woolskins.eu\/fr\/wp-json\/wp\/v2\/product\/20175","targetHints":{"allow":["GET"]}}],"collection":[{"href":"https:\/\/woolskins.eu\/fr\/wp-json\/wp\/v2\/product"}],"about":[{"href":"https:\/\/woolskins.eu\/fr\/wp-json\/wp\/v2\/types\/product"}],"replies":[{"embeddable":true,"href":"https:\/\/woolskins.eu\/fr\/wp-json\/wp\/v2\/comments?post=20175"}],"wp:featuredmedia":[{"embeddable":true,"href":"https:\/\/woolskins.eu\/fr\/wp-json\/wp\/v2\/media\/20179"}],"wp:attachment":[{"href":"https:\/\/woolskins.eu\/fr\/wp-json\/wp\/v2\/media?parent=20175"}],"wp:term":[{"taxonomy":"product_brand","embeddable":true,"href":"https:\/\/woolskins.eu\/fr\/wp-json\/wp\/v2\/product_brand?post=20175"},{"taxonomy":"product_cat","embeddable":true,"href":"https:\/\/woolskins.eu\/fr\/wp-json\/wp\/v2\/product_cat?post=20175"},{"taxonomy":"product_tag","embeddable":true,"href":"https:\/\/woolskins.eu\/fr\/wp-json\/wp\/v2\/product_tag?post=20175"}],"curies":[{"name":"wp","href":"https:\/\/api.w.org\/{rel}","templated":true}]}}