{"id":20089,"date":"2024-05-29T08:14:01","date_gmt":"2024-05-29T08:14:01","guid":{"rendered":"https:\/\/woolskins.eu\/?post_type=product&#038;p=20089"},"modified":"2026-04-17T12:57:58","modified_gmt":"2026-04-17T12:57:58","slug":"insert-laine-landau-zaffiro-feutre-gris-clair","status":"publish","type":"product","link":"https:\/\/woolskins.eu\/fr\/wollen-inleg-kinderwagen-zaffiro-felted-lichtgrijs\/","title":{"rendered":"Landau en laine incrust\u00e9e - Zaffiro | feutr\u00e9 gris clair"},"content":{"rendered":"<h5>Poussette avec incrustation de laine \u2013 Zaffiro<\/h5>\n<p data-sourcepos=\"5:1-5:57\">Cet insert en laine pour poussette est fabriqu\u00e9 en laine de qualit\u00e9 sup\u00e9rieure 100% et offre \u00e0 votre enfant un confort ultime toute l&#039;ann\u00e9e. La laine feutr\u00e9e douce est respirante et r\u00e9gule l&#039;humidit\u00e9, afin que votre enfant reste toujours confortablement au sec. L&#039;arri\u00e8re de l&#039;inlay est dot\u00e9 d&#039;AIR-Mash afin que l&#039;air puisse continuer \u00e0 circuler librement. La partie inf\u00e9rieure de l&#039;incrustation est constitu\u00e9e d&#039;un tissu imperm\u00e9able et r\u00e9sistant \u00e0 la salet\u00e9, ce qui la rend facile \u00e0 nettoyer. L&#039;incrustation est \u00e9paisse et douce et offre un soutien suppl\u00e9mentaire au dos et au cou de votre enfant.<\/p>\n<p data-sourcepos=\"5:1-5:57\">\u2013 Dimensions : 85 x 35,5\/40,5 cm.<br \/>\n\u2013 Laine premium douce et agr\u00e9able au toucher.<br \/>\n\u2013 La partie inf\u00e9rieure est dot\u00e9e d&#039;un tissu imperm\u00e9able et anti-salissures.<br \/>\n\u2013 Prot\u00e8ge de la transpiration, des \u00ab frottements \u00bb et des effets n\u00e9fastes du plastique de la poussette sur la peau de l&#039;enfant.<br \/>\n\u2013 Am\u00e9liore le confort de d\u00e9placement lors de la conduite de la poussette sur des surfaces in\u00e9gales.<br \/>\n\u2013 Prot\u00e8ge le rev\u00eatement du si\u00e8ge contre la salet\u00e9.<br \/>\n\u2013 Installation simple et rapide de l\u2019insert.<\/p>\n<h5>Zaffiro<\/h5>\n<p>La soci\u00e9t\u00e9 Zaffiro est une entreprise familiale polonaise. Depuis nos d\u00e9buts en 1989, nous sommes sp\u00e9cialis\u00e9s dans la production de produits pour b\u00e9b\u00e9s et enfants et la plupart de ce que nous produisons est export\u00e9 dans plus de 40 pays. Nous avons cr\u00e9\u00e9 la marque Zaffiro pour promouvoir des produits qui soutiennent les parents conscients de l&#039;importance de l&#039;intimit\u00e9 et du lien avec leur b\u00e9b\u00e9 d\u00e8s les premi\u00e8res heures apr\u00e8s la naissance. Nous promouvons le concept du portage des enfants \u00ab c\u0153ur \u00e0 c\u0153ur \u00bb dans des porte-b\u00e9b\u00e9s et des porte-b\u00e9b\u00e9s, r\u00e9introduisant, red\u00e9couvrant et d\u00e9veloppant la sage tradition des g\u00e9n\u00e9rations pr\u00e9c\u00e9dentes en tenant compte de la recherche psychologique contemporaine.<\/p>","protected":false},"excerpt":{"rendered":"<p class=\"product_title entry-title\">Profitez de sortir avec votre enfant dans cet insert de poussette chaud de Zaffiro pour le landau ou la poussette. Cette chanceli\u00e8re est fabriqu\u00e9e en laine premium 100% (Feutre) et prend imm\u00e9diatement la temp\u00e9rature de votre enfant. Elle retient bien la chaleur sans que votre enfant ne transpire car la laine respire. Gr\u00e2ce \u00e0 ces propri\u00e9t\u00e9s uniques de la laine, votre enfant sera merveilleusement bien au chaud et confortable. Gr\u00e2ce aux ouvertures pratiques pour les sangles, vous pouvez installer rapidement cette chanceli\u00e8re en laine dans votre landau ou votre poussette. Vous pouvez mettre le cordon de serrage dans le col pour prot\u00e9ger la t\u00eate contre les \u00e9l\u00e9ments. Cette chanceli\u00e8re de Zaffiro peut \u00eatre utilis\u00e9e toute l&#039;ann\u00e9e, mais est plus utile au printemps, en hiver et en automne.<\/p>\n<div class=\"woocommerce-product-details__short-description\">\n<p><strong>Marque : Zaffiro<\/strong><br \/>\n<strong>Production : Pologne<br \/>\nKeur: Oeko-Tex Standard<\/strong><\/p>\n<p><img loading=\"lazy\" decoding=\"async\" class=\"alignnone wp-image-28173 entered lazyloaded\" src=\"https:\/\/woolskins.eu\/wp-content\/uploads\/2024\/05\/csm_OEKO-TEX_Logo_2022_rgb_c1aaeb5ceb-300x300.jpg\" alt=\"\" width=\"89\" height=\"89\" data-lazy-src=\"https:\/\/woolskins.eu\/wp-content\/uploads\/2024\/05\/csm_OEKO-TEX_Logo_2022_rgb_c1aaeb5ceb-300x300.jpg\" data-ll-status=\"loaded\" srcset=\"https:\/\/woolskins.eu\/wp-content\/uploads\/2024\/05\/csm_OEKO-TEX_Logo_2022_rgb_c1aaeb5ceb-300x300.jpg 300w, https:\/\/woolskins.eu\/wp-content\/uploads\/2024\/05\/csm_OEKO-TEX_Logo_2022_rgb_c1aaeb5ceb-150x150.jpg 150w, https:\/\/woolskins.eu\/wp-content\/uploads\/2024\/05\/csm_OEKO-TEX_Logo_2022_rgb_c1aaeb5ceb-768x769.jpg 768w, https:\/\/woolskins.eu\/wp-content\/uploads\/2024\/05\/csm_OEKO-TEX_Logo_2022_rgb_c1aaeb5ceb-12x12.jpg 12w, https:\/\/woolskins.eu\/wp-content\/uploads\/2024\/05\/csm_OEKO-TEX_Logo_2022_rgb_c1aaeb5ceb-600x601.jpg 600w, https:\/\/woolskins.eu\/wp-content\/uploads\/2024\/05\/csm_OEKO-TEX_Logo_2022_rgb_c1aaeb5ceb-100x100.jpg 100w, https:\/\/woolskins.eu\/wp-content\/uploads\/2024\/05\/csm_OEKO-TEX_Logo_2022_rgb_c1aaeb5ceb-64x64.jpg 64w, https:\/\/woolskins.eu\/wp-content\/uploads\/2024\/05\/csm_OEKO-TEX_Logo_2022_rgb_c1aaeb5ceb.jpg 885w\" sizes=\"auto, (max-width: 89px) 100vw, 89px\" \/><\/p>\n<\/div>","protected":false},"featured_media":20102,"comment_status":"open","ping_status":"closed","template":"","meta":{"_acf_changed":false},"product_brand":[],"product_cat":[502,336],"product_tag":[],"class_list":{"0":"post-20089","1":"product","2":"type-product","3":"status-publish","4":"has-post-thumbnail","6":"product_cat-zaffiro","7":"product_cat-voetenzakken","9":"first","10":"instock","11":"sale","12":"taxable","13":"shipping-taxable","14":"purchasable","15":"product-type-simple"},"acf":[],"_links":{"self":[{"href":"https:\/\/woolskins.eu\/fr\/wp-json\/wp\/v2\/product\/20089","targetHints":{"allow":["GET"]}}],"collection":[{"href":"https:\/\/woolskins.eu\/fr\/wp-json\/wp\/v2\/product"}],"about":[{"href":"https:\/\/woolskins.eu\/fr\/wp-json\/wp\/v2\/types\/product"}],"replies":[{"embeddable":true,"href":"https:\/\/woolskins.eu\/fr\/wp-json\/wp\/v2\/comments?post=20089"}],"wp:featuredmedia":[{"embeddable":true,"href":"https:\/\/woolskins.eu\/fr\/wp-json\/wp\/v2\/media\/20102"}],"wp:attachment":[{"href":"https:\/\/woolskins.eu\/fr\/wp-json\/wp\/v2\/media?parent=20089"}],"wp:term":[{"taxonomy":"product_brand","embeddable":true,"href":"https:\/\/woolskins.eu\/fr\/wp-json\/wp\/v2\/product_brand?post=20089"},{"taxonomy":"product_cat","embeddable":true,"href":"https:\/\/woolskins.eu\/fr\/wp-json\/wp\/v2\/product_cat?post=20089"},{"taxonomy":"product_tag","embeddable":true,"href":"https:\/\/woolskins.eu\/fr\/wp-json\/wp\/v2\/product_tag?post=20089"}],"curies":[{"name":"wp","href":"https:\/\/api.w.org\/{rel}","templated":true}]}}