{"id":18821,"date":"2024-01-12T12:46:36","date_gmt":"2024-01-12T12:46:36","guid":{"rendered":"https:\/\/woolskins.eu\/?post_type=product&#038;p=18821"},"modified":"2026-04-15T09:17:48","modified_gmt":"2026-04-15T09:17:48","slug":"a-basic-brand-bodywarmer-wool-adult-ecru","status":"publish","type":"product","link":"https:\/\/woolskins.eu\/fr\/a-basic-brand-bodywarmer-wol-adult-ecru\/","title":{"rendered":"Une marque basique \u2013 Bodywarmer en laine pour adulte | \u00e9cru"},"content":{"rendered":"<h6><strong>Une marque pour b\u00e9b\u00e9<\/strong><\/h6>\n<p>Chauffe-corps en laine 100%. Merveilleusement chaud et confortable, compl\u00e8tement naturel, respirant et super branch\u00e9. Le cardigan a de petites poches et se ferme avec une fermeture \u00e9clair. Portez-le sur un sweat-shirt par temps venteux ou sous une veste par temps tr\u00e8s froid. Ce cardigan est \u00e9galement disponible pour les mamans.<\/p>\n<p>Compos\u00e9<br \/>\nLaine 100%.<\/p>\n<p>Tailles\u00a0:<\/p>\n<div class=\"item-bottom__text _active\">\n<p>longueur cm \/ largeur cm \/ circonf\u00e9rence cm<\/p>\n<p>S\u00a0: 60\u00a0\/\u00a050\u00a0\/\u00a0100<\/p>\n<p>M: 60\/55\/110<\/p>\n<p>L: 60\/60\/120<\/p>\n<\/div>\n<p>Instructions de lavage :<\/p>\n<p>Nous vous recommandons de laver nos produits \u00e0 la main \u00e0 l&#039;eau ti\u00e8de et en utilisant un d\u00e9tergent \u00e0 la lanoline.<\/p>","protected":false},"excerpt":{"rendered":"<h6><strong>Une marque pour b\u00e9b\u00e9<\/strong><\/h6>\n<p>Super chaud et confortable, mais aussi compl\u00e8tement naturel et respirant. Le gilet a de bonnes poches et se ferme avec une fermeture \u00e9clair. Nous vous recommandons de laver nos produits \u00e0 la main \u00e0 l&#039;eau ti\u00e8de et en utilisant un d\u00e9tergent \u00e0 la lanoline. Le mod\u00e8le sur la photo porte une taille M.<\/p>\n<p><strong>Marque\u00a0: Une marque de base<\/strong><br \/>\n<strong>Production : Pologne<\/strong><\/p>","protected":false},"featured_media":18833,"comment_status":"open","ping_status":"closed","template":"","meta":{"_acf_changed":false},"product_brand":[],"product_cat":[335,360,364,350,31],"product_tag":[423,424,420,421,422,425],"class_list":{"0":"post-18821","1":"product","2":"type-product","3":"status-publish","4":"has-post-thumbnail","6":"product_cat-a_baby_brand","7":"product_cat-cadeautips","8":"product_cat-cadeaus-vanaf-e50","9":"product_cat-fashion","10":"product_cat-yogamat-wol","11":"product_tag-a-baby-brand","12":"product_tag-alwero-bodywarmer","13":"product_tag-bodywarmer-wol","14":"product_tag-wollen-bodywarmer","15":"product_tag-wool-vest","16":"product_tag-woolskins","17":"pa_maat-adult-size-l","18":"pa_maat-adult-size-m","19":"pa_maat-adult-size-s","21":"first","22":"instock","23":"taxable","24":"shipping-taxable","25":"purchasable","26":"product-type-variable"},"acf":[],"_links":{"self":[{"href":"https:\/\/woolskins.eu\/fr\/wp-json\/wp\/v2\/product\/18821","targetHints":{"allow":["GET"]}}],"collection":[{"href":"https:\/\/woolskins.eu\/fr\/wp-json\/wp\/v2\/product"}],"about":[{"href":"https:\/\/woolskins.eu\/fr\/wp-json\/wp\/v2\/types\/product"}],"replies":[{"embeddable":true,"href":"https:\/\/woolskins.eu\/fr\/wp-json\/wp\/v2\/comments?post=18821"}],"wp:featuredmedia":[{"embeddable":true,"href":"https:\/\/woolskins.eu\/fr\/wp-json\/wp\/v2\/media\/18833"}],"wp:attachment":[{"href":"https:\/\/woolskins.eu\/fr\/wp-json\/wp\/v2\/media?parent=18821"}],"wp:term":[{"taxonomy":"product_brand","embeddable":true,"href":"https:\/\/woolskins.eu\/fr\/wp-json\/wp\/v2\/product_brand?post=18821"},{"taxonomy":"product_cat","embeddable":true,"href":"https:\/\/woolskins.eu\/fr\/wp-json\/wp\/v2\/product_cat?post=18821"},{"taxonomy":"product_tag","embeddable":true,"href":"https:\/\/woolskins.eu\/fr\/wp-json\/wp\/v2\/product_tag?post=18821"}],"curies":[{"name":"wp","href":"https:\/\/api.w.org\/{rel}","templated":true}]}}