{"id":18330,"date":"2023-12-08T14:16:45","date_gmt":"2023-12-08T14:16:45","guid":{"rendered":"https:\/\/woolskins.eu\/?post_type=product&#038;p=18330"},"modified":"2025-11-17T12:10:11","modified_gmt":"2025-11-17T12:10:11","slug":"boite-cadeau","status":"publish","type":"product","link":"https:\/\/woolskins.eu\/fr\/giftbox\/","title":{"rendered":"Coffret cadeau de luxe"},"content":{"rendered":"","protected":false},"excerpt":{"rendered":"<p>Faites un beau cadeau avec notre coffret cadeau de luxe. Ce coffret cadeau de luxe est unique en raison du ruban c\u00f4tel\u00e9 qui est mont\u00e9 en haut et en bas de la bo\u00eete magn\u00e9tique, de sorte que le coffret cadeau peut \u00e9galement \u00eatre utilis\u00e9 comme sac de transport. Vous pourrez utiliser ce coffret longtemps pour vos objets de b\u00e9b\u00e9, de beaux souvenirs physiques ou d&#039;autres accessoires. Il s&#039;int\u00e8gre parfaitement dans n&#039;importe quel placard ou int\u00e9rieur.<\/p>\n<p>Les dimensions sont 42 x 33 x 10 cm. Couleur : noir mat \/ ruban c\u00f4tel\u00e9 noir<\/p>\n<p>Cette bo\u00eete ne convient pas aux articles trop volumineux tels que la couverture de parc, les grandes couvertures, les coussins d&#039;allaitement ou les commandes compos\u00e9es de nombreux articles. Si les articles ne conviennent pas tous, nous les enverrons avec le coffret cadeau. Si vous avez des doutes, vous pouvez toujours nous contacter.<\/p>\n<p>*Nous ne vendons pas cette bo\u00eete s\u00e9par\u00e9ment.<\/p>","protected":false},"featured_media":18333,"comment_status":"open","ping_status":"closed","template":"","meta":{"_acf_changed":false},"product_brand":[],"product_cat":[360,335,345,361,363,362,364,248,498,529,532,535,534,533,530,536,200,353,232,216,222,356,196,322,337,346,323,413,344,348,370,336,318,321,319,463,194,354,502],"product_tag":[],"class_list":{"0":"post-18330","1":"product","2":"type-product","3":"status-publish","4":"has-post-thumbnail","6":"product_cat-cadeautips","7":"product_cat-a_baby_brand","8":"product_cat-accessoires","9":"product_cat-babyshower","10":"product_cat-cadeaus-e25-e50","11":"product_cat-cadeaus-tot-e-25","12":"product_cat-cadeaus-vanaf-e50","13":"product_cat-engel_natur","14":"product_cat-inlegkussenmaxicosi","15":"product_cat-katoenen-babykleertjes","16":"product_cat-katoenen-babybroekjes","17":"product_cat-katoenen-babymuts-babysjaaltjes","18":"product_cat-katoenen-babypak","19":"product_cat-katoenen-babyrompertjes","20":"product_cat-katoenen-babyshirt","21":"product_cat-katoenen-babyslofjes","22":"product_cat-wollen-babykleding","23":"product_cat-lanacare","24":"product_cat-petit-kolibri","25":"product_cat-schapenvacht-voor-baby","26":"product_cat-buggy-schapenvachtjes","27":"product_cat-skiep-woolcare","28":"product_cat-slaapkleding-baby","29":"product_cat-broekjes","30":"product_cat-vestjes","31":"product_cat-mutsjesensjaaltjes","32":"product_cat-slofjes","33":"product_cat-alwero-bodywarmer","34":"product_cat-kleertjes","35":"product_cat-kussens","36":"product_cat-slaapzakken","37":"product_cat-voetenzakken","38":"product_cat-wollen-wiegdeken-ledikantdeken","39":"product_cat-wikkeldekens","40":"product_cat-pakjes-en-jasjes","41":"product_cat-winterpak","42":"product_cat-wollen-babyproducten","43":"product_cat-woolskins","44":"product_cat-zaffiro","46":"first","47":"instock","48":"taxable","49":"shipping-taxable","50":"purchasable","51":"product-type-simple"},"acf":[],"_links":{"self":[{"href":"https:\/\/woolskins.eu\/fr\/wp-json\/wp\/v2\/product\/18330","targetHints":{"allow":["GET"]}}],"collection":[{"href":"https:\/\/woolskins.eu\/fr\/wp-json\/wp\/v2\/product"}],"about":[{"href":"https:\/\/woolskins.eu\/fr\/wp-json\/wp\/v2\/types\/product"}],"replies":[{"embeddable":true,"href":"https:\/\/woolskins.eu\/fr\/wp-json\/wp\/v2\/comments?post=18330"}],"wp:featuredmedia":[{"embeddable":true,"href":"https:\/\/woolskins.eu\/fr\/wp-json\/wp\/v2\/media\/18333"}],"wp:attachment":[{"href":"https:\/\/woolskins.eu\/fr\/wp-json\/wp\/v2\/media?parent=18330"}],"wp:term":[{"taxonomy":"product_brand","embeddable":true,"href":"https:\/\/woolskins.eu\/fr\/wp-json\/wp\/v2\/product_brand?post=18330"},{"taxonomy":"product_cat","embeddable":true,"href":"https:\/\/woolskins.eu\/fr\/wp-json\/wp\/v2\/product_cat?post=18330"},{"taxonomy":"product_tag","embeddable":true,"href":"https:\/\/woolskins.eu\/fr\/wp-json\/wp\/v2\/product_tag?post=18330"}],"curies":[{"name":"wp","href":"https:\/\/api.w.org\/{rel}","templated":true}]}}