{"id":18295,"date":"2023-12-07T14:05:52","date_gmt":"2023-12-07T14:05:52","guid":{"rendered":"https:\/\/woolskins.eu\/?post_type=product&#038;p=18295"},"modified":"2026-03-10T10:58:18","modified_gmt":"2026-03-10T10:58:18","slug":"insert-en-peau-de-mouton-pour-siege-auto-maxi-cosi-confort-gris-chaud","status":"publish","type":"product","link":"https:\/\/woolskins.eu\/fr\/schapenvacht-inlegkussen-voor-maxi-cosi-autostoel-comfort-warm-grey\/","title":{"rendered":"Coussin incrust\u00e9 en peau de mouton pour Maxi Cosi et si\u00e8ge auto \u2013 Confort (gris chaud)"},"content":{"rendered":"<p>Tr\u00e8s confortable pour les d\u00e9placements et \u00e0 la maison. Id\u00e9al pour les longs voyages de vacances dans des pays froids et chauds. Il est extr\u00eamement confortable car il respire et absorbe imm\u00e9diatement la transpiration sans donner de sensation humide\/moitique \u00e0 votre enfant.<\/p>\n<p>\u2013 Dimensions 70 x 33-22-29 cm (longueur x haut-milieu-bas), manteau 3 cm.<br \/>\n\u2013 Encoches pour sangles de s\u00e9curit\u00e9 3 &amp; 5 points.<br \/>\n\u2013 Bronzage m\u00e9dicinal.<br \/>\n\u2013 Poil doux et compact.<br \/>\n\u2013 Lavable et s\u00e9chable en machine.<br \/>\n- Facile \u00e0 maintenir.<\/p>\n<h5 class=\"Text1234883549__root Text1234883549---typography-11-runningText Text1234883549---priority-7-primary s8gg2 _2UIKs InfoSectionTitle3095652555__root\" aria-hidden=\"false\" data-hook=\"info-section-title\">Voyagez confortablement<\/h5>\n<div class=\"rah-static rah-static--height-auto\" aria-hidden=\"false\">\n<div>\n<div class=\"_1yvxJ fggS- cell\">\n<div class=\"WncCi NTPd3\" data-hook=\"info-section-description\">\n<p>Les fibres de laine respirent et ont la propri\u00e9t\u00e9 d&#039;agir comme un thermostat naturel qui r\u00e9gule la temp\u00e9rature corporelle ? Cela aide votre b\u00e9b\u00e9 \u00e0 maintenir une temp\u00e9rature stable et \u00e0 le garder au sec et \u00e0 l&#039;aise. Il le fait de mani\u00e8re \u00ab dynamique \u00bb, ce qui signifie que cela se produit lorsque cela est n\u00e9cessaire et non lorsque ce n&#039;est pas n\u00e9cessaire. Chaud en hiver et frais en \u00e9t\u00e9.<\/p>\n<\/div>\n<\/div>\n<\/div>\n<\/div>\n<p>Les manteaux Woolskins Baby-Care ont un manteau plus court, ce qui les rend \u00e0 l&#039;\u00e9preuve des b\u00e9b\u00e9s. Ils conviennent d\u00e8s la naissance et parce que leur transformation tient compte de l&#039;environnement, ils prot\u00e8gent \u00e0 la fois les plus petits et la plan\u00e8te. \u00c0 la maison ou en d\u00e9placement, vous cr\u00e9ez un environnement confortable dans lequel votre enfant se sent heureux et d\u00e9tendu. Standard \u00ab\u00a0pr\u00eat \u00e0 offrir\u00a0\u00bb emball\u00e9 avec une note personnelle.<\/p>\n<h5><strong>Propri\u00e9t\u00e9s de la peau de mouton islandais<\/strong><\/h5>\n<p>Le mouton islandais est surtout connu pour son poil long. Nous l&#039;avons fait raser sur une longueur courte, sp\u00e9cialement pour les b\u00e9b\u00e9s, afin que la couche de laine isolante \u00ab sous \u00bb soit mise en avant. Ce manteau se caract\u00e9rise notamment par la souplesse du c\u00f4t\u00e9 cuir et tombe comme une couverture. Comme tous nos autres manteaux, les fibres de laine respirent. Cela aide votre b\u00e9b\u00e9 \u00e0 maintenir une temp\u00e9rature stable et \u00e0 le garder au sec et \u00e0 l&#039;aise. Frais en \u00e9t\u00e9 et chaud en hiver.<\/p>\n<h5><b>Respectueux de la nature<\/b><\/h5>\n<p><span style=\"font-weight: 400;\">Tous les produits utilis\u00e9s en tannerie et en finition sont conformes aux directives essentielles de l&#039;UE relatives \u00e0 la pr\u00e9servation et \u00e0 la protection de l&#039;environnement.<\/span><\/p>\n<p><span style=\"font-weight: 400;\">Nos polaires sont tann\u00e9es conform\u00e9ment \u00e0 la r\u00e9glementation REACH, qui a \u00e9t\u00e9 adopt\u00e9e pour am\u00e9liorer la protection de la sant\u00e9 humaine et de l&#039;environnement contre les risques que peuvent pr\u00e9senter les produits chimiques, tout en augmentant la comp\u00e9titivit\u00e9 de l&#039;industrie chimique europ\u00e9enne. Aucun colorant AZO n\u2019est utilis\u00e9 dans la production.<\/span><\/p>\n<p><span style=\"font-weight: 400;\">PRODUITS \u00c9COLOGIQUES \u2013 les peaux sont des peaux \u00e9cologiques, leur transformation et leur traitement sont sans danger pour les adultes et les enfants. Les peaux sont biod\u00e9gradables, biologiques.<\/span><\/p>\n<p><span style=\"font-weight: 400;\">Woolskins ne vend pas de toisons de mouton auxquelles le Mulesing a \u00e9t\u00e9 appliqu\u00e9 ! Le mulesing n&#039;est pas utilis\u00e9 chez les moutons europ\u00e9ens car le parasite qui pousse les agriculteurs \u00e0 utiliser le mulesing n&#039;est pas pr\u00e9sent en Europe.<\/span><\/p>\n<h5><b>Dormeurs sur le ventre\u2026 attention !<\/b><\/h5>\n<p><span style=\"font-weight: 400;\">Les enfants qui dorment sur le ventre pendant les 12 premiers mois ne doivent pas dormir sur un objet mou pour des raisons de s\u00e9curit\u00e9, car cela peut \u00eatre dangereux. Nous vous recommandons donc d&#039;utiliser le manteau Woolskins \u00e0 bon escient ! Soyez toujours attentif lorsque votre enfant est allong\u00e9 ou dort sur le ventre et assurez-vous qu&#039;il est toujours surveill\u00e9.<\/span><\/p>\n<p>&nbsp;<\/p>","protected":false},"excerpt":{"rendered":"<p>Ce magnifique insert en peau de mouton pour Maxi Cosi est un produit confortable et naturel qui garde votre b\u00e9b\u00e9 au chaud et confortable sur la route et lors de longs voyages. Un coussin incrust\u00e9 de peau de mouton pr\u00e9sente plusieurs avantages, tels que :<\/p>\n<ul>\n<li>Il est fabriqu\u00e9 en peau de mouton v\u00e9ritable 100%, douce, respirante et \u00e9vacuant l&#039;humidit\u00e9. La peau de mouton est \u00e9galement hypoallerg\u00e9nique et antibact\u00e9rienne, ce qui la rend adapt\u00e9e aux b\u00e9b\u00e9s ayant la peau sensible ou allergique.<\/li>\n<li>Il s&#039;adapte \u00e0 la plupart des mod\u00e8les Maxi Cosi, gr\u00e2ce \u00e0 sa forme ronde et ses fentes pour ceinture. Vous pouvez facilement attacher et retirer l&#039;oreiller, cet insert n&#039;est pas lavable comme notre insert m\u00e9dicinal.<\/li>\n<li>Il assure une temp\u00e9rature optimale \u00e0 votre b\u00e9b\u00e9, \u00e9t\u00e9 comme hiver. En \u00e9t\u00e9, l&#039;oreiller est frais et absorbe la transpiration, tandis qu&#039;en hiver, il est chaud et confortable. L&#039;oreiller contribue \u00e9galement \u00e0 am\u00e9liorer la circulation sanguine et le tonus musculaire de votre b\u00e9b\u00e9.<\/li>\n<\/ul>\n<p>Un oreiller incrust\u00e9 de peau de mouton pour le Maxi Cosi est donc un produit id\u00e9al pour les parents qui souhaitent offrir le meilleur \u00e0 leur b\u00e9b\u00e9. C&#039;est un produit durable et respectueux de l&#039;environnement, fabriqu\u00e9 \u00e0 partir de mat\u00e9riaux naturels et exempt de substances nocives. Avec un oreiller en peau de mouton pour le Maxi Cosi, vous pouvez rendre chaque voyage avec votre b\u00e9b\u00e9 confortable et douillet.<\/p>","protected":false},"featured_media":18300,"comment_status":"closed","ping_status":"closed","template":"","meta":{"_acf_changed":false},"product_brand":[],"product_cat":[364,498,216,354],"product_tag":[],"class_list":{"0":"post-18295","1":"product","2":"type-product","3":"status-publish","4":"has-post-thumbnail","6":"product_cat-cadeaus-vanaf-e50","7":"product_cat-inlegkussenmaxicosi","8":"product_cat-schapenvacht-voor-baby","9":"product_cat-woolskins","11":"first","12":"instock","13":"taxable","14":"shipping-taxable","15":"purchasable","16":"product-type-variable","17":"has-default-attributes"},"acf":[],"_links":{"self":[{"href":"https:\/\/woolskins.eu\/fr\/wp-json\/wp\/v2\/product\/18295","targetHints":{"allow":["GET"]}}],"collection":[{"href":"https:\/\/woolskins.eu\/fr\/wp-json\/wp\/v2\/product"}],"about":[{"href":"https:\/\/woolskins.eu\/fr\/wp-json\/wp\/v2\/types\/product"}],"replies":[{"embeddable":true,"href":"https:\/\/woolskins.eu\/fr\/wp-json\/wp\/v2\/comments?post=18295"}],"wp:featuredmedia":[{"embeddable":true,"href":"https:\/\/woolskins.eu\/fr\/wp-json\/wp\/v2\/media\/18300"}],"wp:attachment":[{"href":"https:\/\/woolskins.eu\/fr\/wp-json\/wp\/v2\/media?parent=18295"}],"wp:term":[{"taxonomy":"product_brand","embeddable":true,"href":"https:\/\/woolskins.eu\/fr\/wp-json\/wp\/v2\/product_brand?post=18295"},{"taxonomy":"product_cat","embeddable":true,"href":"https:\/\/woolskins.eu\/fr\/wp-json\/wp\/v2\/product_cat?post=18295"},{"taxonomy":"product_tag","embeddable":true,"href":"https:\/\/woolskins.eu\/fr\/wp-json\/wp\/v2\/product_tag?post=18295"}],"curies":[{"name":"wp","href":"https:\/\/api.w.org\/{rel}","templated":true}]}}