{"id":17847,"date":"2023-11-17T13:12:33","date_gmt":"2023-11-17T13:12:33","guid":{"rendered":"https:\/\/woolskins.eu\/?post_type=product&#038;p=17847"},"modified":"2025-09-01T01:07:51","modified_gmt":"2025-09-01T01:07:51","slug":"tapis-de-jeu-exterieur-pour-la-chambre-de-bebe","status":"publish","type":"product","link":"https:\/\/woolskins.eu\/fr\/speelkleed-voor-babykamer-buiten\/","title":{"rendered":"Tapis de jeu pour chambre de b\u00e9b\u00e9 et ext\u00e9rieur | Gris fonc\u00e9"},"content":{"rendered":"","protected":false},"excerpt":{"rendered":"<p>Nos tapis de jeu en laine sont parfaits pour jouer, faire de la baby gym ou les emmener dehors. Il est merveilleusement chaud, durable et isole bien des surfaces froides. Ce tapis de jeu rond est fait de laine naturelle, poss\u00e8de une couche interm\u00e9diaire douce avec un fond en cuir \u00e9cologique. sont parfaits pour l\u2019int\u00e9rieur, mais vous pouvez aussi facilement les emporter \u00e0 l\u2019ext\u00e9rieur. Ils s&#039;adaptent \u00e9galement parfaitement au Wobbel 360.<\/p>\n<ul>\n<li>Dimensions \u00f8 70 cm.<\/li>\n<\/ul>\n<p><strong>Marque : Woolskins<br \/>\nProduction : Pologne<\/strong><\/p>","protected":false},"featured_media":17853,"comment_status":"open","ping_status":"closed","template":"","meta":{"_acf_changed":false},"product_brand":[],"product_cat":[348,363],"product_tag":[],"class_list":{"0":"post-17847","1":"product","2":"type-product","3":"status-publish","4":"has-post-thumbnail","6":"product_cat-kussens","7":"product_cat-cadeaus-e25-e50","9":"first","10":"outofstock","11":"taxable","12":"shipping-taxable","13":"purchasable","14":"product-type-simple"},"acf":[],"_links":{"self":[{"href":"https:\/\/woolskins.eu\/fr\/wp-json\/wp\/v2\/product\/17847","targetHints":{"allow":["GET"]}}],"collection":[{"href":"https:\/\/woolskins.eu\/fr\/wp-json\/wp\/v2\/product"}],"about":[{"href":"https:\/\/woolskins.eu\/fr\/wp-json\/wp\/v2\/types\/product"}],"replies":[{"embeddable":true,"href":"https:\/\/woolskins.eu\/fr\/wp-json\/wp\/v2\/comments?post=17847"}],"wp:featuredmedia":[{"embeddable":true,"href":"https:\/\/woolskins.eu\/fr\/wp-json\/wp\/v2\/media\/17853"}],"wp:attachment":[{"href":"https:\/\/woolskins.eu\/fr\/wp-json\/wp\/v2\/media?parent=17847"}],"wp:term":[{"taxonomy":"product_brand","embeddable":true,"href":"https:\/\/woolskins.eu\/fr\/wp-json\/wp\/v2\/product_brand?post=17847"},{"taxonomy":"product_cat","embeddable":true,"href":"https:\/\/woolskins.eu\/fr\/wp-json\/wp\/v2\/product_cat?post=17847"},{"taxonomy":"product_tag","embeddable":true,"href":"https:\/\/woolskins.eu\/fr\/wp-json\/wp\/v2\/product_tag?post=17847"}],"curies":[{"name":"wp","href":"https:\/\/api.w.org\/{rel}","templated":true}]}}