{"id":17835,"date":"2023-11-17T12:18:52","date_gmt":"2023-11-17T12:18:52","guid":{"rendered":"https:\/\/woolskins.eu\/?post_type=product&#038;p=17835"},"modified":"2025-11-03T14:12:14","modified_gmt":"2025-11-03T14:12:14","slug":"tapis-pour-chambre-denfant-chambre-denfant-2","status":"publish","type":"product","link":"https:\/\/woolskins.eu\/fr\/vloerkleed-voor-babykamer-kinderkamer-2\/","title":{"rendered":"Tapis pour chambre de b\u00e9b\u00e9 et chambre d&#039;enfant"},"content":{"rendered":"","protected":false},"excerpt":{"rendered":"<p>Nos tapis en laine nou\u00e9s \u00e0 la main sont un compl\u00e9ment parfait \u00e0 la chambre des enfants. Il est chaud, r\u00e9sistant et facile \u00e0 entretenir. Ce tapis en laine est fait de laine naturelle, hypoallerg\u00e9nique, anti-salissures et ignifuge. De plus, un tapis nou\u00e9 \u00e0 la main donne une touche unique et personnelle \u00e0 la pi\u00e8ce, car chaque tapis est diff\u00e9rent.<\/p>\n<p>C&#039;est un excellent moyen de rendre la chambre de b\u00e9b\u00e9 plus douillette, confortable et amusante. C&#039;est un investissement qui durera des ann\u00e9es et procurera beaucoup de plaisir aux enfants, en partie gr\u00e2ce au relief ludique de la laine dans les motifs amusants sur le tapis. Profitez des avantages d&#039;un produit artisanal naturel, beau et de haute qualit\u00e9.<\/p>\n<ul>\n<li>Dimensions 150 x 80 cm.<\/li>\n<li>Laine 100%.<\/li>\n<\/ul>\n<p><strong>Marque : Woolskins<br \/>\nProduction\u00a0:\u00a0Europe<\/strong><\/p>","protected":false},"featured_media":17833,"comment_status":"open","ping_status":"closed","template":"","meta":{"_acf_changed":false},"product_brand":[],"product_cat":[348,528],"product_tag":[],"class_list":{"0":"post-17835","1":"product","2":"type-product","3":"status-publish","4":"has-post-thumbnail","6":"product_cat-kussens","7":"product_cat-schapenvachten-voor-thuis","9":"first","10":"instock","11":"taxable","12":"shipping-taxable","13":"purchasable","14":"product-type-simple"},"acf":[],"_links":{"self":[{"href":"https:\/\/woolskins.eu\/fr\/wp-json\/wp\/v2\/product\/17835","targetHints":{"allow":["GET"]}}],"collection":[{"href":"https:\/\/woolskins.eu\/fr\/wp-json\/wp\/v2\/product"}],"about":[{"href":"https:\/\/woolskins.eu\/fr\/wp-json\/wp\/v2\/types\/product"}],"replies":[{"embeddable":true,"href":"https:\/\/woolskins.eu\/fr\/wp-json\/wp\/v2\/comments?post=17835"}],"wp:featuredmedia":[{"embeddable":true,"href":"https:\/\/woolskins.eu\/fr\/wp-json\/wp\/v2\/media\/17833"}],"wp:attachment":[{"href":"https:\/\/woolskins.eu\/fr\/wp-json\/wp\/v2\/media?parent=17835"}],"wp:term":[{"taxonomy":"product_brand","embeddable":true,"href":"https:\/\/woolskins.eu\/fr\/wp-json\/wp\/v2\/product_brand?post=17835"},{"taxonomy":"product_cat","embeddable":true,"href":"https:\/\/woolskins.eu\/fr\/wp-json\/wp\/v2\/product_cat?post=17835"},{"taxonomy":"product_tag","embeddable":true,"href":"https:\/\/woolskins.eu\/fr\/wp-json\/wp\/v2\/product_tag?post=17835"}],"curies":[{"name":"wp","href":"https:\/\/api.w.org\/{rel}","templated":true}]}}