{"id":16558,"date":"2023-09-25T10:50:25","date_gmt":"2023-09-25T10:50:25","guid":{"rendered":"https:\/\/woolskins.eu\/?post_type=product&#038;p=16558"},"modified":"2026-02-21T13:30:55","modified_gmt":"2026-02-21T13:30:55","slug":"alwero-hand-warmers-mittens-thumbled-light-grey","status":"publish","type":"product","link":"https:\/\/woolskins.eu\/fr\/alwero-handwarmers-wanten-thumbled-licht-grijs\/","title":{"rendered":"Mitaines en laine pour femmes \u2013 Thumbled | Gris clair"},"content":{"rendered":"<p>Pour les mamans, nous avons ces merveilleux chauffe-mains en laine \u2013 mitaines. La pure laine vierge est merveilleusement chaude, respirante et extr\u00eamement confortable. Gr\u00e2ce aux ouvertures pratiques, vous pourrez avoir des mitaines en un rien de temps, ce qui facilitera la mise et la sortie de votre b\u00e9b\u00e9 de la poussette ou lui donnera un biberon, par exemple.<\/p>\n<p>\u2013 Laine vierge 100%, label de qualit\u00e9 Woolmark.<br \/>\n\u2013 Avec passage pratique aux mitaines sans doigts.<br \/>\n\u2013 Diff\u00e9rentes couleurs disponibles.<\/p>\n<p>Tailles en centim\u00e8tres :<\/p>\n<p>Taille S : 10 cm de largeur au poignet x 24 cm de longueur<br \/>\nTaille M : 11 cm Largeur au poignet x 25 cm de longueur<br \/>\nTaille L : 12 cm Largeur au poignet x 26 cm de longueur<\/p>\n<h5>\u00c9tiquette de peaux de laine<\/h5>\n<p class=\"brz-lh-xs-1_8 brz-fs-xs-17 brz-text-xs-center brz-text-lg-center brz-tp-lg-empty brz-ff-roboto brz-ft-google brz-fs-lg-17 brz-fss-lg-px brz-fw-lg-400 brz-ls-lg-0 brz-lh-lg-1_8 brz-css-vesng\" data-generated-css=\"brz-css-djhzh\" data-uniq-id=\"odjfi\"><span class=\"brz-cp-color8\">Apr\u00e8s des ann\u00e9es de collaboration fructueuse avec Alwero, nous pouvons \u00eatre fiers d&#039;annoncer que nous proposons d\u00e9sormais nos produits sous notre propre label Woolskins. <\/span><\/p>\n<p class=\"brz-lh-xs-1_8 brz-fs-xs-17 brz-text-xs-center brz-text-lg-center brz-tp-lg-empty brz-ff-roboto brz-ft-google brz-fs-lg-17 brz-fss-lg-px brz-fw-lg-400 brz-ls-lg-0 brz-lh-lg-1_8 brz-css-vesng\" data-generated-css=\"brz-css-djhzh\" data-uniq-id=\"odjfi\"><span class=\"brz-cp-color8\">De cette fa\u00e7on, vous obtenez toujours la meilleure qualit\u00e9 combin\u00e9e avec les produits\/designs les plus beaux et uniques de Woolskins. <\/span><\/p>\n<p class=\"brz-lh-xs-1_8 brz-fs-xs-17 brz-text-xs-center brz-text-lg-center brz-tp-lg-empty brz-ff-roboto brz-ft-google brz-fs-lg-17 brz-fss-lg-px brz-fw-lg-400 brz-ls-lg-0 brz-lh-lg-1_8 brz-css-vesng\" data-generated-css=\"brz-css-djhzh\" data-uniq-id=\"odjfi\"><span class=\"brz-cp-color8\">La qualit\u00e9 des tissus et des couleurs reste la m\u00eame, mais il existe d\u00e9sormais un plus grand choix avec lequel Woolskins pense pouvoir se distinguer. <\/span><\/p>\n<p class=\"brz-lh-xs-1_8 brz-fs-xs-17 brz-text-xs-center brz-text-lg-center brz-tp-lg-empty brz-ff-roboto brz-ft-google brz-fs-lg-17 brz-fss-lg-px brz-fw-lg-400 brz-ls-lg-0 brz-lh-lg-1_8 brz-css-gyngf\" data-generated-css=\"brz-css-djhzh\" data-uniq-id=\"odjfi\"><span class=\"brz-cp-color8\">Notre vaste collection est compos\u00e9e de telle mani\u00e8re qu&#039;ils constituent un bon compl\u00e9ment \u00e0 tout ensemble pour b\u00e9b\u00e9, fabriqu\u00e9s \u00e0 partir de laine europ\u00e9enne 100% qui respire et convient \u00e0 chaque saison. <\/span><\/p>\n<p class=\"brz-lh-xs-1_8 brz-fs-xs-17 brz-text-xs-center brz-text-lg-center brz-tp-lg-empty brz-ff-roboto brz-ft-google brz-fs-lg-17 brz-fss-lg-px brz-fw-lg-400 brz-ls-lg-0 brz-lh-lg-1_8 brz-css-gyngf\" data-generated-css=\"brz-css-djhzh\" data-uniq-id=\"odjfi\"><span class=\"brz-cp-color8\">Nous unissons nos forces avec enthousiasme pour un produit durable, naturel et des plus confortables pour votre enfant.<\/span><\/p>","protected":false},"excerpt":{"rendered":"<p>Pour les mamans, nous avons ces merveilleux chauffe-mains en laine \u2013 mitaines. La pure laine vierge est merveilleusement chaude, respirante et extr\u00eamement confortable. Gr\u00e2ce aux ouvertures pratiques, vous pourrez avoir des mitaines en un rien de temps, ce qui facilitera la mise et la sortie de votre b\u00e9b\u00e9 de la poussette ou lui donnera un biberon, par exemple.<\/p>\n<p><strong>Marque : Woolskins<\/strong><br \/>\n<strong>Production : Pologne<\/strong><\/p>","protected":false},"featured_media":17591,"comment_status":"open","ping_status":"closed","template":"","meta":{"_acf_changed":false},"product_brand":[],"product_cat":[360,351,362,350,31,194],"product_tag":[],"class_list":{"0":"post-16558","1":"product","2":"type-product","3":"status-publish","4":"has-post-thumbnail","6":"product_cat-cadeautips","7":"product_cat-accessoiresvoormama","8":"product_cat-cadeaus-tot-e-25","9":"product_cat-fashion","10":"product_cat-yogamat-wol","11":"product_cat-wollen-babyproducten","12":"pa_maat-l","13":"pa_maat-m","14":"pa_maat-s","16":"first","17":"instock","18":"taxable","19":"shipping-taxable","20":"purchasable","21":"product-type-variable"},"acf":[],"_links":{"self":[{"href":"https:\/\/woolskins.eu\/fr\/wp-json\/wp\/v2\/product\/16558","targetHints":{"allow":["GET"]}}],"collection":[{"href":"https:\/\/woolskins.eu\/fr\/wp-json\/wp\/v2\/product"}],"about":[{"href":"https:\/\/woolskins.eu\/fr\/wp-json\/wp\/v2\/types\/product"}],"replies":[{"embeddable":true,"href":"https:\/\/woolskins.eu\/fr\/wp-json\/wp\/v2\/comments?post=16558"}],"wp:featuredmedia":[{"embeddable":true,"href":"https:\/\/woolskins.eu\/fr\/wp-json\/wp\/v2\/media\/17591"}],"wp:attachment":[{"href":"https:\/\/woolskins.eu\/fr\/wp-json\/wp\/v2\/media?parent=16558"}],"wp:term":[{"taxonomy":"product_brand","embeddable":true,"href":"https:\/\/woolskins.eu\/fr\/wp-json\/wp\/v2\/product_brand?post=16558"},{"taxonomy":"product_cat","embeddable":true,"href":"https:\/\/woolskins.eu\/fr\/wp-json\/wp\/v2\/product_cat?post=16558"},{"taxonomy":"product_tag","embeddable":true,"href":"https:\/\/woolskins.eu\/fr\/wp-json\/wp\/v2\/product_tag?post=16558"}],"curies":[{"name":"wp","href":"https:\/\/api.w.org\/{rel}","templated":true}]}}