{"id":14398,"date":"2023-02-22T09:24:44","date_gmt":"2023-02-22T09:24:44","guid":{"rendered":"https:\/\/woolskins.eu\/?post_type=product&#038;p=14398"},"modified":"2025-07-15T07:35:51","modified_gmt":"2025-07-15T07:35:51","slug":"robe-de-chambre-maternite-nouveau-ne-naturel","status":"publish","type":"product","link":"https:\/\/woolskins.eu\/fr\/zwangerschapsjas-ochtendjas-newborn-natural\/","title":{"rendered":"Manteau de grossesse \u2013 Robe de chambre nouveau-n\u00e9 en laine m\u00e9lang\u00e9e | Naturel"},"content":{"rendered":"<p>Ce joli manteau de grossesse en laine est id\u00e9al lorsque vous \u00eates enceinte ou sur le point d&#039;accoucher. Que vous accouchiez \u00e0 la maison ou \u00e0 l&#039;h\u00f4pital, avec ce manteau de grossesse confortable, vous serez \u00e0 votre meilleur lors de l&#039;arriv\u00e9e des visiteurs. Le large passepoil donne \u00e0 l&#039;ensemble un aspect luxueux. Cette robe de chambre de grossesse est agr\u00e9able \u00e0 porter apr\u00e8s la douche ou lorsque vous souhaitez passer une journ\u00e9e sur le canap\u00e9. La laine respire et est extr\u00eamement douce et confortable.<\/p>\n<p>\u2013 Disponible exclusivement chez Woolskins, produit par Alwero<br \/>\n\u2013 Woolblend 56% pure laine vierge non transform\u00e9e (label de qualit\u00e9 Woolmark) fibre synth\u00e9tique 44%.<br \/>\n\u2013 Pour la maison et en d\u00e9placement.<br \/>\n\u2013 Production europ\u00e9enne.<br \/>\n\u2013 lavable \u00e0 30\u00b0C programme laine.<\/p>\n<h5>Marque priv\u00e9e Woolskins fabriqu\u00e9e par Alwero<\/h5>\n<p>Apr\u00e8s des ann\u00e9es de collaboration fructueuse avec Alwero, nous pouvons \u00eatre fiers d&#039;annoncer que nous pouvons proposer Alwero sous notre propre label Woolskins.<\/p>\n<p>De cette fa\u00e7on, vous obtenez toujours la meilleure qualit\u00e9 d&#039;Alwero combin\u00e9e aux produits\/designs les plus beaux et uniques de Woolskins.<\/p>\n<p>Qu&#039;est-ce qui change alors ? Pas tellement! La qualit\u00e9, les tissus et les couleurs restent les m\u00eames, mais il existe un plus grand choix de produits uniques qui, selon Woolskins, peuvent se distinguer et constituent un bon ajout \u00e0 l&#039;ensemble pour b\u00e9b\u00e9.<\/p>\n<p>Vous pouvez reconna\u00eetre nos produits gr\u00e2ce \u00e0 notre label Woolskins et l&#039;\u00e9tiquette de lavage indique qu&#039;ils ont \u00e9t\u00e9 fabriqu\u00e9s par Alwero.<\/p>\n<p>Nous unissons nos forces avec enthousiasme pour cr\u00e9er un produit durable, naturel et des plus confortables pour votre enfant.<\/p>\n<h5>Alwero<\/h5>\n<p>L&#039;entreprise familiale Alwero a \u00e9t\u00e9 fond\u00e9e \u00e0 la fin des ann\u00e9es 1990 par le besoin de cr\u00e9er quelque chose. Au milieu de la nature, l\u00e0 o\u00f9 paissent les moutons dans les montagnes, Alwerode trouve la mati\u00e8re premi\u00e8re unique dont il s&#039;agit : la laine brute.<\/p>\n<p>En combinant traditions anciennes et innovation technique, Alwero cr\u00e9e un monde de confort. Le savoir-faire, l&#039;artisanat et l&#039;amour de la laine ont permis aux produits Alwero d&#039;\u00eatre appr\u00e9ci\u00e9s dans le monde entier.<\/p>","protected":false},"excerpt":{"rendered":"<p>Ce joli manteau de grossesse en laine est id\u00e9al lorsque vous \u00eates enceinte ou sur le point d&#039;accoucher. Que vous accouchiez \u00e0 la maison ou \u00e0 l&#039;h\u00f4pital, avec ce manteau de grossesse confortable, vous serez \u00e0 votre meilleur lors de l&#039;arriv\u00e9e des visiteurs. Le large passepoil donne \u00e0 l&#039;ensemble un aspect luxueux. Cette robe de chambre de grossesse est agr\u00e9able \u00e0 porter apr\u00e8s la douche ou lorsque vous souhaitez passer une journ\u00e9e sur le canap\u00e9. La laine respire et est extr\u00eamement douce et confortable.<\/p>\n<p><strong>Marque : Woolskins<\/strong><br \/>\n<strong>Producteur\u00a0: Woolskins Private Lable est produit par Alwero<\/strong><\/p>","protected":false},"featured_media":14400,"comment_status":"open","ping_status":"closed","template":"","meta":{"_acf_changed":false},"product_brand":[],"product_cat":[360,349,364,350,31,194],"product_tag":[],"class_list":{"0":"post-14398","1":"product","2":"type-product","3":"status-publish","4":"has-post-thumbnail","6":"product_cat-cadeautips","7":"product_cat-borstvoedingenvoedingskussens","8":"product_cat-cadeaus-vanaf-e50","9":"product_cat-fashion","10":"product_cat-yogamat-wol","11":"product_cat-wollen-babyproducten","12":"pa_maat-s-m","13":"pa_maat-xxs-xs","15":"first","16":"instock","17":"taxable","18":"shipping-taxable","19":"purchasable","20":"product-type-variable"},"acf":[],"_links":{"self":[{"href":"https:\/\/woolskins.eu\/fr\/wp-json\/wp\/v2\/product\/14398","targetHints":{"allow":["GET"]}}],"collection":[{"href":"https:\/\/woolskins.eu\/fr\/wp-json\/wp\/v2\/product"}],"about":[{"href":"https:\/\/woolskins.eu\/fr\/wp-json\/wp\/v2\/types\/product"}],"replies":[{"embeddable":true,"href":"https:\/\/woolskins.eu\/fr\/wp-json\/wp\/v2\/comments?post=14398"}],"wp:featuredmedia":[{"embeddable":true,"href":"https:\/\/woolskins.eu\/fr\/wp-json\/wp\/v2\/media\/14400"}],"wp:attachment":[{"href":"https:\/\/woolskins.eu\/fr\/wp-json\/wp\/v2\/media?parent=14398"}],"wp:term":[{"taxonomy":"product_brand","embeddable":true,"href":"https:\/\/woolskins.eu\/fr\/wp-json\/wp\/v2\/product_brand?post=14398"},{"taxonomy":"product_cat","embeddable":true,"href":"https:\/\/woolskins.eu\/fr\/wp-json\/wp\/v2\/product_cat?post=14398"},{"taxonomy":"product_tag","embeddable":true,"href":"https:\/\/woolskins.eu\/fr\/wp-json\/wp\/v2\/product_tag?post=14398"}],"curies":[{"name":"wp","href":"https:\/\/api.w.org\/{rel}","templated":true}]}}