{"id":14150,"date":"2023-01-25T10:53:36","date_gmt":"2023-01-25T10:53:36","guid":{"rendered":"https:\/\/woolskins.eu\/?post_type=product&#038;p=14150"},"modified":"2023-11-25T12:31:09","modified_gmt":"2023-11-25T12:31:09","slug":"gilet-alwero","status":"publish","type":"product","link":"https:\/\/woolskins.eu\/fr\/alwero-vest\/","title":{"rendered":"Cardigan Alwero"},"content":{"rendered":"<p>Ce cardigan Alwero est en laine. Il tombe en douceur et une fois que vous l&#039;enfilez, vous ressentez le confort que la laine a \u00e0 offrir. Restez bien au chaud avec ce cardigan en laine d&#039;Alwero pendant les journ\u00e9es les plus froides.<\/p>\n<p>\u2013 100% Boucle de laine<br \/>\n\u2013 Ce gilet offre une chaleur suppl\u00e9mentaire pour les journ\u00e9es les plus froides.<br \/>\n\u2013 La laine isole bien et respire.<\/p>\n<p>Ce produit porte le label de qualit\u00e9 Woolmark.<\/p>\n<h5>Alwero<\/h5>\n<p>L&#039;entreprise familiale Alwero a \u00e9t\u00e9 fond\u00e9e \u00e0 la fin des ann\u00e9es 1990 par le besoin de cr\u00e9er quelque chose. Au milieu de la nature, l\u00e0 o\u00f9 paissent les moutons dans les montagnes, Alwerode trouve la mati\u00e8re premi\u00e8re unique dont il s&#039;agit : la laine brute.<\/p>\n<p>En combinant traditions anciennes et innovation technique, Alwero cr\u00e9e un monde de confort. Le savoir-faire, l&#039;artisanat et l&#039;amour de la laine ont permis aux produits Alwero d&#039;\u00eatre appr\u00e9ci\u00e9s dans le monde entier.<\/p>","protected":false},"excerpt":{"rendered":"<p>Ce cardigan Alwero est en laine. Il tombe en douceur et une fois que vous l&#039;enfilez, vous ressentez le confort que la laine a \u00e0 offrir. Restez bien au chaud avec ce cardigan en laine d&#039;Alwero pendant les journ\u00e9es les plus froides.<\/p>","protected":false},"featured_media":14155,"comment_status":"open","ping_status":"closed","template":"","meta":{"_acf_changed":false},"product_brand":[],"product_cat":[31,350,459],"product_tag":[],"class_list":{"0":"post-14150","1":"product","2":"type-product","3":"status-publish","4":"has-post-thumbnail","6":"product_cat-yogamat-wol","7":"product_cat-fashion","8":"product_cat-sale","9":"pa_maat-l-xl","10":"pa_maat-s-m","12":"first","13":"outofstock","14":"sale","15":"taxable","16":"shipping-taxable","17":"purchasable","18":"product-type-variable"},"acf":[],"_links":{"self":[{"href":"https:\/\/woolskins.eu\/fr\/wp-json\/wp\/v2\/product\/14150","targetHints":{"allow":["GET"]}}],"collection":[{"href":"https:\/\/woolskins.eu\/fr\/wp-json\/wp\/v2\/product"}],"about":[{"href":"https:\/\/woolskins.eu\/fr\/wp-json\/wp\/v2\/types\/product"}],"replies":[{"embeddable":true,"href":"https:\/\/woolskins.eu\/fr\/wp-json\/wp\/v2\/comments?post=14150"}],"wp:featuredmedia":[{"embeddable":true,"href":"https:\/\/woolskins.eu\/fr\/wp-json\/wp\/v2\/media\/14155"}],"wp:attachment":[{"href":"https:\/\/woolskins.eu\/fr\/wp-json\/wp\/v2\/media?parent=14150"}],"wp:term":[{"taxonomy":"product_brand","embeddable":true,"href":"https:\/\/woolskins.eu\/fr\/wp-json\/wp\/v2\/product_brand?post=14150"},{"taxonomy":"product_cat","embeddable":true,"href":"https:\/\/woolskins.eu\/fr\/wp-json\/wp\/v2\/product_cat?post=14150"},{"taxonomy":"product_tag","embeddable":true,"href":"https:\/\/woolskins.eu\/fr\/wp-json\/wp\/v2\/product_tag?post=14150"}],"curies":[{"name":"wp","href":"https:\/\/api.w.org\/{rel}","templated":true}]}}