{"id":13549,"date":"2022-12-12T11:25:35","date_gmt":"2022-12-12T11:25:35","guid":{"rendered":"https:\/\/woolskins.eu\/?post_type=product&#038;p=13549"},"modified":"2024-09-25T11:37:24","modified_gmt":"2024-09-25T11:37:24","slug":"sac-des-mamans-lammy-maman-aventuriere","status":"publish","type":"product","link":"https:\/\/woolskins.eu\/fr\/moms-bag-lammy-adventurous-mom\/","title":{"rendered":"Laine pour sac de maman - Zebra"},"content":{"rendered":"<p>Le sac est doubl\u00e9 d&#039;un tissu imperm\u00e9able et dispose de nombreux espaces de rangement. Disponible dans un certain nombre de couleurs \u00e9l\u00e9gantes et peut \u00eatre facilement combin\u00e9 avec tous les autres produits de notre s\u00e9rie Thumbled.<\/p>\n<p>\u2013 Dimensions : 58 x 42 cm<br \/>\n\u2013 Poign\u00e9es pratiques<br \/>\n\u2013 Laine 100% (doublure int\u00e9rieure imperm\u00e9able)<\/p>\n<h5>\u00c9tiquette de peaux de laine<\/h5>\n<p>Apr\u00e8s des ann\u00e9es de collaboration fructueuse avec Alwero, nous pouvons \u00eatre fiers d&#039;annoncer que nous proposons d\u00e9sormais nos produits sous notre propre label Woolskins.<\/p>\n<p>De cette fa\u00e7on, vous obtenez toujours la meilleure qualit\u00e9, mais combin\u00e9e avec les produits et designs les plus beaux et uniques.<\/p>\n<p>La qualit\u00e9 des tissus et des couleurs reste la m\u00eame qu&#039;elle a toujours \u00e9t\u00e9, mais il existe d\u00e9sormais un plus grand choix qui, selon Woolskins, peut se distinguer.<\/p>\n<p>Notre vaste collection est compos\u00e9e de telle mani\u00e8re qu&#039;ils constituent un bon compl\u00e9ment \u00e0 tout ensemble pour b\u00e9b\u00e9, fabriqu\u00e9s \u00e0 partir de laine europ\u00e9enne 100% qui respire et convient \u00e0 chaque saison.<\/p>\n<p>Nous unissons nos forces avec enthousiasme pour cr\u00e9er un produit durable, naturel et des plus confortables pour votre enfant.<\/p>","protected":false},"excerpt":{"rendered":"<p>Ce Mom Bag en laine pratique de Woolskins est id\u00e9al pour votre poussette ou comme sac de courses. Un v\u00e9ritable \u00ab\u00a0must have\u00a0\u00bb lorsque vous \u00eates souvent en d\u00e9placement. Le sac est doubl\u00e9 d&#039;un tissu imperm\u00e9able, vous pouvez donc \u00e9galement l&#039;utiliser \u00e0 l&#039;envers lorsqu&#039;il pleut. Notre Mom Bag est un accessoire polyvalent et pratique qui facilite la vie de chaque maman. Le Mom Bag peut contenir tout le n\u00e9cessaire pour votre enfant, comme des couches, des chiffons de nettoyage, des biberons, des jouets et des v\u00eatements, mais il offre \u00e9galement suffisamment d&#039;espace pour vos objets personnels tels que le t\u00e9l\u00e9phone, les cl\u00e9s et les cosm\u00e9tiques. Notre Mom Bag est disponible dans de nombreuses couleurs \u00e9l\u00e9gantes et peut \u00eatre facilement combin\u00e9 avec tous les autres produits de notre s\u00e9rie Thumbled.<\/p>\n<p><strong>Marque : Woolskins<\/strong><br \/>\n<strong>Production : Pologne<\/strong><\/p>\n<h5><span style=\"font-size: 16px;\">)<\/span><\/h5>","protected":false},"featured_media":13552,"comment_status":"closed","ping_status":"closed","template":"","meta":{"_acf_changed":false},"product_brand":[],"product_cat":[351,364,350,31,196,194],"product_tag":[],"class_list":{"0":"post-13549","1":"product","2":"type-product","3":"status-publish","4":"has-post-thumbnail","6":"product_cat-accessoiresvoormama","7":"product_cat-cadeaus-vanaf-e50","8":"product_cat-fashion","9":"product_cat-yogamat-wol","10":"product_cat-slaapkleding-baby","11":"product_cat-wollen-babyproducten","13":"first","14":"instock","15":"taxable","16":"shipping-taxable","17":"purchasable","18":"product-type-simple"},"acf":[],"_links":{"self":[{"href":"https:\/\/woolskins.eu\/fr\/wp-json\/wp\/v2\/product\/13549","targetHints":{"allow":["GET"]}}],"collection":[{"href":"https:\/\/woolskins.eu\/fr\/wp-json\/wp\/v2\/product"}],"about":[{"href":"https:\/\/woolskins.eu\/fr\/wp-json\/wp\/v2\/types\/product"}],"replies":[{"embeddable":true,"href":"https:\/\/woolskins.eu\/fr\/wp-json\/wp\/v2\/comments?post=13549"}],"wp:featuredmedia":[{"embeddable":true,"href":"https:\/\/woolskins.eu\/fr\/wp-json\/wp\/v2\/media\/13552"}],"wp:attachment":[{"href":"https:\/\/woolskins.eu\/fr\/wp-json\/wp\/v2\/media?parent=13549"}],"wp:term":[{"taxonomy":"product_brand","embeddable":true,"href":"https:\/\/woolskins.eu\/fr\/wp-json\/wp\/v2\/product_brand?post=13549"},{"taxonomy":"product_cat","embeddable":true,"href":"https:\/\/woolskins.eu\/fr\/wp-json\/wp\/v2\/product_cat?post=13549"},{"taxonomy":"product_tag","embeddable":true,"href":"https:\/\/woolskins.eu\/fr\/wp-json\/wp\/v2\/product_tag?post=13549"}],"curies":[{"name":"wp","href":"https:\/\/api.w.org\/{rel}","templated":true}]}}