{"id":13427,"date":"2022-12-06T15:59:23","date_gmt":"2022-12-06T15:59:23","guid":{"rendered":"https:\/\/woolskins.eu\/?post_type=product&#038;p=13427"},"modified":"2025-12-31T18:38:40","modified_gmt":"2025-12-31T18:38:40","slug":"baby-jacket-bomber-essential-beige-2","status":"publish","type":"product","link":"https:\/\/woolskins.eu\/fr\/baby-jasje-bomber-essential-beige-2\/","title":{"rendered":"Veste b\u00e9b\u00e9 en laine Bomber feutr\u00e9 | Beige"},"content":{"rendered":"<p>Ce produit porte le label de qualit\u00e9 Safe for Children et Woolmark. Ce gilet est souvent port\u00e9 comme v\u00eatement d&#039;ext\u00e9rieur, alors gardez cela \u00e0 l&#039;esprit lorsque vous choisissez la bonne taille.<\/p>\n<p>\u2013 Laine vierge 100%, label de qualit\u00e9 Woolmark.<br \/>\n\u2013 Tr\u00e8s chaud pour la maison ou en d\u00e9placement.<br \/>\n\u2013 Diff\u00e9rentes couleurs disponibles.<br \/>\n\u2013 Boutons pression pratiques, se ferme facilement.<br \/>\n\u2013 Les poignets s&#039;ajustent bien au corps, gardant le froid \u00e0 l&#039;ext\u00e9rieur.<\/p>\n<h5>\u00c9tiquette de peaux de laine<\/h5>\n<p>Apr\u00e8s des ann\u00e9es de collaboration fructueuse avec Alwero, nous pouvons \u00eatre fiers d&#039;annoncer que nous proposons d\u00e9sormais nos produits sous notre propre label Woolskins.<\/p>\n<p>De cette fa\u00e7on, vous obtenez toujours la meilleure qualit\u00e9, mais combin\u00e9e avec les produits et designs les plus beaux et uniques.<\/p>\n<p>La qualit\u00e9 des tissus et des couleurs reste la m\u00eame qu&#039;elle a toujours \u00e9t\u00e9, mais il existe d\u00e9sormais un plus grand choix qui, selon Woolskins, peut se distinguer.<\/p>\n<p>Notre vaste collection est compos\u00e9e de telle mani\u00e8re qu&#039;ils constituent un bon compl\u00e9ment \u00e0 tout ensemble pour b\u00e9b\u00e9, fabriqu\u00e9s \u00e0 partir de laine europ\u00e9enne 100% qui respire et convient \u00e0 chaque saison.<\/p>\n<p>Nous unissons nos forces avec enthousiasme pour cr\u00e9er un produit durable, naturel et des plus confortables pour votre enfant.<\/p>","protected":false},"excerpt":{"rendered":"<p>Cette veste est un v\u00e9ritable \u00ab Must Have \u00bb pour chaque tenue de b\u00e9b\u00e9. Il est extr\u00eamement confortable et est compos\u00e9 de laine 100%. Cela garantit que votre enfant est compl\u00e8tement pr\u00eat \u00e0 sortir. Le revers des manches bien ajust\u00e9 garantit que le vent ne peut pas souffler. La veste a des boutons-pression et des lettres brod\u00e9es \u00ab A True Lovestory Never Ends \u00bb dans le dos. Il est pr\u00e9f\u00e9rable de ne commander aucun texte au dos plut\u00f4t que de simplement commander sans. Fabriqu\u00e9 \u00e0 partir de laine feutr\u00e9e 100%, si merveilleusement chaude. Cette veste convient au printemps, \u00e0 l&#039;hiver et \u00e0 l&#039;automne.<\/p>\n<p><strong>Marque : Woolskins<\/strong><br \/>\n<strong>Production : Pologne<\/strong><\/p>","protected":false},"featured_media":13436,"comment_status":"open","ping_status":"closed","template":"","meta":{"_acf_changed":false},"product_brand":[],"product_cat":[360,364,200,196,337,344,194],"product_tag":[],"class_list":{"0":"post-13427","1":"product","2":"type-product","3":"status-publish","4":"has-post-thumbnail","6":"product_cat-cadeautips","7":"product_cat-cadeaus-vanaf-e50","8":"product_cat-wollen-babykleding","9":"product_cat-slaapkleding-baby","10":"product_cat-vestjes","11":"product_cat-kleertjes","12":"product_cat-wollen-babyproducten","13":"pa_maat-3-6-maanden","14":"pa_maat-6-12-maanden","16":"first","17":"instock","18":"taxable","19":"shipping-taxable","20":"purchasable","21":"product-type-variable"},"acf":[],"_links":{"self":[{"href":"https:\/\/woolskins.eu\/fr\/wp-json\/wp\/v2\/product\/13427","targetHints":{"allow":["GET"]}}],"collection":[{"href":"https:\/\/woolskins.eu\/fr\/wp-json\/wp\/v2\/product"}],"about":[{"href":"https:\/\/woolskins.eu\/fr\/wp-json\/wp\/v2\/types\/product"}],"replies":[{"embeddable":true,"href":"https:\/\/woolskins.eu\/fr\/wp-json\/wp\/v2\/comments?post=13427"}],"wp:featuredmedia":[{"embeddable":true,"href":"https:\/\/woolskins.eu\/fr\/wp-json\/wp\/v2\/media\/13436"}],"wp:attachment":[{"href":"https:\/\/woolskins.eu\/fr\/wp-json\/wp\/v2\/media?parent=13427"}],"wp:term":[{"taxonomy":"product_brand","embeddable":true,"href":"https:\/\/woolskins.eu\/fr\/wp-json\/wp\/v2\/product_brand?post=13427"},{"taxonomy":"product_cat","embeddable":true,"href":"https:\/\/woolskins.eu\/fr\/wp-json\/wp\/v2\/product_cat?post=13427"},{"taxonomy":"product_tag","embeddable":true,"href":"https:\/\/woolskins.eu\/fr\/wp-json\/wp\/v2\/product_tag?post=13427"}],"curies":[{"name":"wp","href":"https:\/\/api.w.org\/{rel}","templated":true}]}}