{"id":13249,"date":"2022-11-28T10:51:34","date_gmt":"2022-11-28T10:51:34","guid":{"rendered":"https:\/\/woolskins.eu\/?post_type=product&#038;p=13249"},"modified":"2025-12-08T11:19:04","modified_gmt":"2025-12-08T11:19:04","slug":"pantoufles-alwero-essential-beige","status":"publish","type":"product","link":"https:\/\/woolskins.eu\/fr\/alwero-slofjes-essential-beige\/","title":{"rendered":"Chaussons b\u00e9b\u00e9 en laine feutr\u00e9s | Beige"},"content":{"rendered":"<p>Les chaussons en laine Woolskins sont disponibles en diff\u00e9rentes couleurs et tailles, afin que vous puissiez toujours trouver la meilleure solution pour votre enfant. Ce produit porte le label de qualit\u00e9 Safe for Children et Woolmark.<\/p>\n<p>\u2013 Laine vierge 100%, label de qualit\u00e9 Woolmark.<br \/>\n\u2013 Tr\u00e8s chaud pour la maison ou en d\u00e9placement.<br \/>\n\u2013 un ruban pratique que vous pouvez nouer.<br \/>\n\u2013 Taille 0-3 mois. (8 cm) et 3-6 mois. (9,5 cm).<br \/>\n\u2013 Diff\u00e9rentes couleurs disponibles.<\/p>\n<h5>\u00c9tiquette de peaux de laine<\/h5>\n<p>Apr\u00e8s des ann\u00e9es de collaboration fructueuse avec Alwero, nous pouvons \u00eatre fiers d&#039;annoncer que nous proposons d\u00e9sormais nos produits sous notre propre label Woolskins.<\/p>\n<p>De cette fa\u00e7on, vous obtenez toujours la meilleure qualit\u00e9, mais combin\u00e9e avec les produits et designs les plus beaux et uniques.<\/p>\n<p>La qualit\u00e9 des tissus et des couleurs reste la m\u00eame qu&#039;elle a toujours \u00e9t\u00e9, mais il existe d\u00e9sormais un plus grand choix qui, selon Woolskins, peut se distinguer.<\/p>\n<p>Notre vaste collection est compos\u00e9e de telle mani\u00e8re qu&#039;ils constituent un bon compl\u00e9ment \u00e0 tout ensemble pour b\u00e9b\u00e9, fabriqu\u00e9s \u00e0 partir de laine europ\u00e9enne 100% qui respire et convient \u00e0 chaque saison.<\/p>\n<p>Nous unissons nos forces avec enthousiasme pour cr\u00e9er un produit durable, naturel et des plus confortables pour votre enfant.<\/p>","protected":false},"excerpt":{"rendered":"<p>Nos chaussures confortables pour b\u00e9b\u00e9 sont un choix parfait pour garder les plus petits pieds merveilleusement au chaud. Ils poss\u00e8dent toutes les bonnes propri\u00e9t\u00e9s de la laine \u00e9cologique 100% et prennent imm\u00e9diatement la temp\u00e9rature de l&#039;enfant lorsque vous les enfilez. Les chaussures pour b\u00e9b\u00e9 en laine sont \u00e9galement un cadeau super amusant et pratique pour toute occasion. Ces pantoufles peuvent \u00eatre joliment combin\u00e9es avec toute notre s\u00e9rie \u00ab Felted \u00bb. Votre enfant va adorer ces chaussons en laine.<\/p>\n<p><strong>Marque : Woolskins<\/strong><br \/>\n<strong>Produit\u00a0:\u00a0Pologne<\/strong><\/p>","protected":false},"featured_media":14411,"comment_status":"closed","ping_status":"closed","template":"","meta":{"_acf_changed":false},"product_brand":[],"product_cat":[345,361,360,362,200,323,194],"product_tag":[],"class_list":{"0":"post-13249","1":"product","2":"type-product","3":"status-publish","4":"has-post-thumbnail","6":"product_cat-accessoires","7":"product_cat-babyshower","8":"product_cat-cadeautips","9":"product_cat-cadeaus-tot-e-25","10":"product_cat-wollen-babykleding","11":"product_cat-slofjes","12":"product_cat-wollen-babyproducten","13":"pa_maat-0-6-maanden-9cm","14":"pa_maat-6-12-maanden11cm","16":"first","17":"outofstock","18":"taxable","19":"shipping-taxable","20":"purchasable","21":"product-type-variable"},"acf":[],"_links":{"self":[{"href":"https:\/\/woolskins.eu\/fr\/wp-json\/wp\/v2\/product\/13249","targetHints":{"allow":["GET"]}}],"collection":[{"href":"https:\/\/woolskins.eu\/fr\/wp-json\/wp\/v2\/product"}],"about":[{"href":"https:\/\/woolskins.eu\/fr\/wp-json\/wp\/v2\/types\/product"}],"replies":[{"embeddable":true,"href":"https:\/\/woolskins.eu\/fr\/wp-json\/wp\/v2\/comments?post=13249"}],"wp:featuredmedia":[{"embeddable":true,"href":"https:\/\/woolskins.eu\/fr\/wp-json\/wp\/v2\/media\/14411"}],"wp:attachment":[{"href":"https:\/\/woolskins.eu\/fr\/wp-json\/wp\/v2\/media?parent=13249"}],"wp:term":[{"taxonomy":"product_brand","embeddable":true,"href":"https:\/\/woolskins.eu\/fr\/wp-json\/wp\/v2\/product_brand?post=13249"},{"taxonomy":"product_cat","embeddable":true,"href":"https:\/\/woolskins.eu\/fr\/wp-json\/wp\/v2\/product_cat?post=13249"},{"taxonomy":"product_tag","embeddable":true,"href":"https:\/\/woolskins.eu\/fr\/wp-json\/wp\/v2\/product_tag?post=13249"}],"curies":[{"name":"wp","href":"https:\/\/api.w.org\/{rel}","templated":true}]}}