{"id":12858,"date":"2022-11-08T11:18:43","date_gmt":"2022-11-08T11:18:43","guid":{"rendered":"https:\/\/woolskins.eu\/?post_type=product&#038;p=12858"},"modified":"2025-11-25T11:34:40","modified_gmt":"2025-11-25T11:34:40","slug":"alwero-hand-warmers-mittens-ecru","status":"publish","type":"product","link":"https:\/\/woolskins.eu\/fr\/alwero-handwarmers-wanten-ecru\/","title":{"rendered":"Mitaines en laine pour femmes \u2013 Thumbled | \u00e9cru"},"content":{"rendered":"<p>\u2013 Laine vierge 100%, label de qualit\u00e9 Woolmark.<br \/>\n\u2013 Avec passage pratique aux mitaines sans doigts.<br \/>\n\u2013 Diff\u00e9rentes couleurs disponibles.<\/p>\n<p>Tailles en centim\u00e8tres :<\/p>\n<p>Taille S : 10 cm de largeur au poignet x 24 cm de longueur<br \/>\nTaille M : 11 cm Largeur au poignet x 25 cm de longueur<br \/>\nTaille L : 12 cm Largeur au poignet x 26 cm de longueur<\/p>\n<h5>\u00c9tiquette de peaux de laine<\/h5>\n<p>Apr\u00e8s des ann\u00e9es de collaboration fructueuse avec Alwero, nous pouvons \u00eatre fiers d&#039;annoncer que nous proposons d\u00e9sormais nos produits sous notre propre label Woolskins.<\/p>\n<p>De cette fa\u00e7on, vous obtenez toujours la meilleure qualit\u00e9, mais combin\u00e9e avec les produits et designs les plus beaux et uniques.<\/p>\n<p>La qualit\u00e9 des tissus et des couleurs reste la m\u00eame qu&#039;elle a toujours \u00e9t\u00e9, mais il existe d\u00e9sormais un plus grand choix qui, selon Woolskins, peut se distinguer.<\/p>\n<p>Notre vaste collection est compos\u00e9e de telle mani\u00e8re qu&#039;ils constituent un bon compl\u00e9ment \u00e0 tout ensemble pour b\u00e9b\u00e9, fabriqu\u00e9s \u00e0 partir de laine europ\u00e9enne 100% qui respire et convient \u00e0 chaque saison.<\/p>\n<p>Nous unissons nos forces avec enthousiasme pour cr\u00e9er un produit durable, naturel et des plus confortables pour votre enfant.<\/p>","protected":false},"excerpt":{"rendered":"<p>Si vous recherchez une paire de mitaines en laine pour vous faire plaisir ou faire plaisir \u00e0 un proche, nous vous recommandons vivement ces mitaines de chez Woolskins. Gr\u00e2ce aux ouvertures pratiques, vous pourrez avoir des mitaines en un rien de temps, ce qui facilitera la mise et la sortie de votre b\u00e9b\u00e9 de la poussette ou lui donnera un biberon, par exemple. Nos mitaines en laine sont un excellent moyen de garder vos mains au chaud et confortables pendant les mois froids de l&#039;hiver. Ils sont doux et respirants, ce qui les rend adapt\u00e9s aux personnes \u00e0 la peau sensible. Nos mitaines en laine sont disponibles en diff\u00e9rentes couleurs et tailles.<\/p>\n<p><strong>Marque : Woolskins<\/strong><br \/>\n<strong>Production : Pologne<\/strong><\/p>","protected":false},"featured_media":12860,"comment_status":"open","ping_status":"closed","template":"","meta":{"_acf_changed":false},"product_brand":[],"product_cat":[360,351,362,350,31,194],"product_tag":[],"class_list":{"0":"post-12858","1":"product","2":"type-product","3":"status-publish","4":"has-post-thumbnail","6":"product_cat-cadeautips","7":"product_cat-accessoiresvoormama","8":"product_cat-cadeaus-tot-e-25","9":"product_cat-fashion","10":"product_cat-yogamat-wol","11":"product_cat-wollen-babyproducten","12":"pa_maat-l","13":"pa_maat-m","14":"pa_maat-s","16":"first","17":"outofstock","18":"taxable","19":"shipping-taxable","20":"purchasable","21":"product-type-variable"},"acf":[],"_links":{"self":[{"href":"https:\/\/woolskins.eu\/fr\/wp-json\/wp\/v2\/product\/12858","targetHints":{"allow":["GET"]}}],"collection":[{"href":"https:\/\/woolskins.eu\/fr\/wp-json\/wp\/v2\/product"}],"about":[{"href":"https:\/\/woolskins.eu\/fr\/wp-json\/wp\/v2\/types\/product"}],"replies":[{"embeddable":true,"href":"https:\/\/woolskins.eu\/fr\/wp-json\/wp\/v2\/comments?post=12858"}],"wp:featuredmedia":[{"embeddable":true,"href":"https:\/\/woolskins.eu\/fr\/wp-json\/wp\/v2\/media\/12860"}],"wp:attachment":[{"href":"https:\/\/woolskins.eu\/fr\/wp-json\/wp\/v2\/media?parent=12858"}],"wp:term":[{"taxonomy":"product_brand","embeddable":true,"href":"https:\/\/woolskins.eu\/fr\/wp-json\/wp\/v2\/product_brand?post=12858"},{"taxonomy":"product_cat","embeddable":true,"href":"https:\/\/woolskins.eu\/fr\/wp-json\/wp\/v2\/product_cat?post=12858"},{"taxonomy":"product_tag","embeddable":true,"href":"https:\/\/woolskins.eu\/fr\/wp-json\/wp\/v2\/product_tag?post=12858"}],"curies":[{"name":"wp","href":"https:\/\/api.w.org\/{rel}","templated":true}]}}