{"id":12675,"date":"2022-10-25T14:53:29","date_gmt":"2022-10-25T14:53:29","guid":{"rendered":"https:\/\/woolskins.eu\/?post_type=product&#038;p=12675"},"modified":"2026-02-18T13:42:32","modified_gmt":"2026-02-18T13:42:32","slug":"coussin-alwero-star-beige","status":"publish","type":"product","link":"https:\/\/woolskins.eu\/fr\/alwero-kussen-ster-beige\/","title":{"rendered":"Coussin b\u00e9b\u00e9 en laine \u00c9toile \u2013 Feutr\u00e9 | Beige"},"content":{"rendered":"<p>Un coussin en laine merveilleusement doux en forme d&#039;\u00e9toile. Ce joli coussin s&#039;int\u00e8gre parfaitement dans la chambre tendance de b\u00e9b\u00e9 et la chambre des enfants. Combinez ce coussin avec les autres magnifiques produits en laine de Woolskins !<\/p>\n<p>Dimensions : 50 x 35 cm.<\/p>\n<p>Ce produit porte le label de qualit\u00e9 Safe for Children et Woolmark.<\/p>\n<h5>\u00c9tiquette de peaux de laine<\/h5>\n<p>Apr\u00e8s des ann\u00e9es de collaboration fructueuse avec Alwero, nous pouvons \u00eatre fiers d&#039;annoncer que nous proposons d\u00e9sormais nos produits sous notre propre label Woolskins.<\/p>\n<p>De cette fa\u00e7on, vous obtenez toujours la meilleure qualit\u00e9, mais combin\u00e9e avec les produits et designs les plus beaux et uniques.<\/p>\n<p>La qualit\u00e9 des tissus et des couleurs reste la m\u00eame qu&#039;elle a toujours \u00e9t\u00e9, mais il existe d\u00e9sormais un plus grand choix qui, selon Woolskins, peut se distinguer.<\/p>\n<p>Notre vaste collection est compos\u00e9e de telle mani\u00e8re qu&#039;ils constituent un bon compl\u00e9ment \u00e0 tout ensemble pour b\u00e9b\u00e9, fabriqu\u00e9s \u00e0 partir de laine europ\u00e9enne 100% qui respire et convient \u00e0 chaque saison.<\/p>\n<p>Nous unissons nos forces avec enthousiasme pour cr\u00e9er un produit durable, naturel et des plus confortables pour votre enfant.<\/p>","protected":false},"excerpt":{"rendered":"<p>Les coussins d\u00e9coratifs en laine sont une fa\u00e7on amusante et confortable d&#039;\u00e9gayer la chambre de b\u00e9b\u00e9. Ils sont doux, chauds et confortables \u00e0 c\u00e2liner. De plus, ils sont disponibles en diff\u00e9rentes couleurs et formes, vous pouvez donc les assortir au style et au th\u00e8me de la pi\u00e8ce. Combinez ce coussin avec les autres magnifiques produits en laine de la s\u00e9rie Thumbled de Woolskins. Les coussins d\u00e9coratifs en laine sont un excellent accessoire pour la chambre de b\u00e9b\u00e9, non seulement beaux \u00e0 regarder, mais aussi amusants \u00e0 jouer !<\/p>\n<p><strong>Marque : Woolskins<\/strong><br \/>\n<strong>Production : Pologne<\/strong><\/p>","protected":false},"featured_media":12676,"comment_status":"closed","ping_status":"closed","template":"","meta":{"_acf_changed":false},"product_brand":[],"product_cat":[361,360,363,196,348,194],"product_tag":[],"class_list":{"0":"post-12675","1":"product","2":"type-product","3":"status-publish","4":"has-post-thumbnail","6":"product_cat-babyshower","7":"product_cat-cadeautips","8":"product_cat-cadeaus-e25-e50","9":"product_cat-slaapkleding-baby","10":"product_cat-kussens","11":"product_cat-wollen-babyproducten","13":"first","14":"instock","15":"taxable","16":"shipping-taxable","17":"purchasable","18":"product-type-simple"},"acf":[],"_links":{"self":[{"href":"https:\/\/woolskins.eu\/fr\/wp-json\/wp\/v2\/product\/12675","targetHints":{"allow":["GET"]}}],"collection":[{"href":"https:\/\/woolskins.eu\/fr\/wp-json\/wp\/v2\/product"}],"about":[{"href":"https:\/\/woolskins.eu\/fr\/wp-json\/wp\/v2\/types\/product"}],"replies":[{"embeddable":true,"href":"https:\/\/woolskins.eu\/fr\/wp-json\/wp\/v2\/comments?post=12675"}],"wp:featuredmedia":[{"embeddable":true,"href":"https:\/\/woolskins.eu\/fr\/wp-json\/wp\/v2\/media\/12676"}],"wp:attachment":[{"href":"https:\/\/woolskins.eu\/fr\/wp-json\/wp\/v2\/media?parent=12675"}],"wp:term":[{"taxonomy":"product_brand","embeddable":true,"href":"https:\/\/woolskins.eu\/fr\/wp-json\/wp\/v2\/product_brand?post=12675"},{"taxonomy":"product_cat","embeddable":true,"href":"https:\/\/woolskins.eu\/fr\/wp-json\/wp\/v2\/product_cat?post=12675"},{"taxonomy":"product_tag","embeddable":true,"href":"https:\/\/woolskins.eu\/fr\/wp-json\/wp\/v2\/product_tag?post=12675"}],"curies":[{"name":"wp","href":"https:\/\/api.w.org\/{rel}","templated":true}]}}