{"id":12021,"date":"2022-09-15T12:35:04","date_gmt":"2022-09-15T12:35:04","guid":{"rendered":"https:\/\/woolskins.eu\/?post_type=product&#038;p=12021"},"modified":"2026-03-03T13:14:01","modified_gmt":"2026-03-03T13:14:01","slug":"alwero-matelas-a-langer-gris","status":"publish","type":"product","link":"https:\/\/woolskins.eu\/fr\/alwero-verschoningsmat-grijs\/","title":{"rendered":"Matelas \u00e0 langer en laine b\u00e9b\u00e9 \u2013 feutr\u00e9 | Gris clair"},"content":{"rendered":"<p>Matelas \u00e0 langer Woolskins, bien pens\u00e9 et tr\u00e8s pratique pour les d\u00e9placements ou \u00e0 la maison si vous souhaitez changer votre b\u00e9b\u00e9. Notre matelas \u00e0 langer est fabriqu\u00e9 en laine 100% et dispose d&#039;un insert en molleton imperm\u00e9able pour les accidents mineurs. Cela signifie que vous n&#039;avez pas besoin de laver tout votre matelas \u00e0 langer \u00e0 chaque fois. Le matelas \u00e0 langer est facile \u00e0 plier et poss\u00e8de deux poches lat\u00e9rales o\u00f9 vous pourrez ranger les couches et les lingettes \u00e0 langer. Le matelas \u00e0 langer peut \u00e9galement \u00eatre utilis\u00e9 \u00e0 la maison sur le matelas \u00e0 langer.<\/p>\n<p>Le cordon maintient non seulement le tapis ensemble une fois pli\u00e9, mais sert \u00e9galement de petite distraction avec des perles pour votre enfant afin que vous puissiez le changer tranquillement.<\/p>\n<p>Dimensions : 50 x 70 cm, pli\u00e9 24 x 22 cm.<\/p>\n<p>Un matelas \u00e0 langer en laine, c&#039;est :<\/p>\n<p>\u2013 Laine vierge 100% feutr\u00e9e avec le label de qualit\u00e9 Woolmark.<br \/>\n\u2013 Structure lisse, douce et compacte<br \/>\n\u2013 Bonnes propri\u00e9t\u00e9s thermiques<br \/>\n\u2013 Pour la maison et en d\u00e9placement.<br \/>\n\u2013 Hydrofuge, confortable et hygi\u00e9nique<br \/>\n\u2013 Production europ\u00e9enne.<br \/>\n\u2013 lavable \u00e0 30\u00b0C programme laine.<\/p>\n<p>Ce produit porte le label de qualit\u00e9 Safe for Children et Woolmark.<\/p>","protected":false},"excerpt":{"rendered":"<p>Ce matelas \u00e0 langer en laine est un produit doux et chaud, id\u00e9al pour changer votre b\u00e9b\u00e9. Ce matelas \u00e0 langer est bien pens\u00e9 et tr\u00e8s utile pour les d\u00e9placements ou \u00e0 la maison si vous souhaitez changer votre b\u00e9b\u00e9. Notre matelas \u00e0 langer est fabriqu\u00e9 en laine 100% et dispose d&#039;un insert en molleton imperm\u00e9able pour les accidents mineurs, vous n&#039;avez donc pas besoin de laver tout votre matelas \u00e0 langer \u00e0 chaque fois. Le matelas \u00e0 langer est facile \u00e0 plier et poss\u00e8de deux poches lat\u00e9rales o\u00f9 vous pourrez ranger les couches et les lingettes \u00e0 langer. Le matelas \u00e0 langer peut \u00e9galement \u00eatre utilis\u00e9 \u00e0 la maison sur le matelas \u00e0 langer. C&#039;est un incontournable pour tout parent qui souhaite prendre soin de son b\u00e9b\u00e9 de mani\u00e8re confortable et hygi\u00e9nique.<\/p>\n<p><strong>Marque : Woolskins<\/strong><br \/>\n<strong>Production : Pologne<\/strong><\/p>","protected":false},"featured_media":12011,"comment_status":"open","ping_status":"closed","template":"","meta":{"_acf_changed":false},"product_brand":[],"product_cat":[360,363,196,318,194],"product_tag":[],"class_list":{"0":"post-12021","1":"product","2":"type-product","3":"status-publish","4":"has-post-thumbnail","6":"product_cat-cadeautips","7":"product_cat-cadeaus-e25-e50","8":"product_cat-slaapkleding-baby","9":"product_cat-wollen-wiegdeken-ledikantdeken","10":"product_cat-wollen-babyproducten","12":"first","13":"instock","14":"taxable","15":"shipping-taxable","16":"purchasable","17":"product-type-simple"},"acf":[],"_links":{"self":[{"href":"https:\/\/woolskins.eu\/fr\/wp-json\/wp\/v2\/product\/12021","targetHints":{"allow":["GET"]}}],"collection":[{"href":"https:\/\/woolskins.eu\/fr\/wp-json\/wp\/v2\/product"}],"about":[{"href":"https:\/\/woolskins.eu\/fr\/wp-json\/wp\/v2\/types\/product"}],"replies":[{"embeddable":true,"href":"https:\/\/woolskins.eu\/fr\/wp-json\/wp\/v2\/comments?post=12021"}],"wp:featuredmedia":[{"embeddable":true,"href":"https:\/\/woolskins.eu\/fr\/wp-json\/wp\/v2\/media\/12011"}],"wp:attachment":[{"href":"https:\/\/woolskins.eu\/fr\/wp-json\/wp\/v2\/media?parent=12021"}],"wp:term":[{"taxonomy":"product_brand","embeddable":true,"href":"https:\/\/woolskins.eu\/fr\/wp-json\/wp\/v2\/product_brand?post=12021"},{"taxonomy":"product_cat","embeddable":true,"href":"https:\/\/woolskins.eu\/fr\/wp-json\/wp\/v2\/product_cat?post=12021"},{"taxonomy":"product_tag","embeddable":true,"href":"https:\/\/woolskins.eu\/fr\/wp-json\/wp\/v2\/product_tag?post=12021"}],"curies":[{"name":"wp","href":"https:\/\/api.w.org\/{rel}","templated":true}]}}