{"id":11528,"date":"2022-06-30T12:36:29","date_gmt":"2022-06-30T12:36:29","guid":{"rendered":"https:\/\/woolskins.eu\/?post_type=product&#038;p=11528"},"modified":"2025-12-12T15:02:40","modified_gmt":"2025-12-12T15:02:40","slug":"une-pierre-corporelle-de-marque-bebe","status":"publish","type":"product","link":"https:\/\/woolskins.eu\/fr\/a-baby-brand-body-stone\/","title":{"rendered":"Une marque basique \u2013 Barboteuse b\u00e9b\u00e9 | Pierre"},"content":{"rendered":"<h6>Une marque pour b\u00e9b\u00e9<\/h6>\n<p>Barboteuse en coton biologique ultra l\u00e9ger. La qualit\u00e9 la plus fine et la plus douce que vous puissiez imaginer. La combinaison s&#039;adapte bien aux cuisses gr\u00e2ce aux ouvertures \u00e9lastiques douces.<\/p>\n<p>100% Coton biologique certifi\u00e9 GOTS.<\/p>\n<p>Tailles\u00a0:<\/p>\n<p>longueur cm \/ longueur manche cm \/ largeur cm<\/p>\n<p>0m \u2013 32\/9\/21<br \/>\n3m \u2013 35 \/ 9 \/ 22<br \/>\n6m \u2013 38\/10\/25<br \/>\n1 an \u2013 42 \/ 10 \/ 27<\/p>\n<h5>Une marque pour b\u00e9b\u00e9<\/h5>\n<p>D\u00e9couvrez une garde-robe v\u00e9ritablement minimaliste pleine d&#039;essentiels pratiques. M\u00e9langez et assortissez nos mod\u00e8les et couleurs unisexes. Pas de logo, pas d&#039;impression, pas de chichi.<\/p>\n<p>Notre mission est de vous faciliter la vie, c&#039;est pourquoi l&#039;une des id\u00e9es principales derri\u00e8re notre philosophie est la PRATIQUE. Nous nous soucions \u00e9galement profond\u00e9ment de notre plan\u00e8te et souhaitons que tout le monde m\u00e8ne une vie plus minimaliste et utilise donc moins de v\u00eatements (#CONSUMEWISELY).<\/p>\n<p>C&#039;est pourquoi la qualit\u00e9 de nos produits est la plus \u00e9lev\u00e9e possible. Vous pouvez les utiliser pendant des ann\u00e9es et les transmettre une fois que vous avez termin\u00e9. Nous utilisons des tissus de qualit\u00e9 sup\u00e9rieure certifi\u00e9s GOTS en coton biologique et STANDARD 100 by OEKO-TEX\u00ae. Tous nos produits peuvent \u00eatre lav\u00e9s et s\u00e9ch\u00e9s en machine aussi souvent que vous le souhaitez. Vous d\u00e9couvrirez que notre molleton de coton n&#039;a m\u00eame pas besoin d&#039;\u00eatre repass\u00e9 pour \u00eatre beau.<\/p>","protected":false},"excerpt":{"rendered":"<h6>Une marque pour b\u00e9b\u00e9<\/h6>\n<p>Barboteuse en coton biologique ultra l\u00e9ger. La qualit\u00e9 la plus fine et la plus douce que vous puissiez imaginer. La combinaison s&#039;adapte bien aux cuisses gr\u00e2ce aux ouvertures \u00e9lastiques douces.<\/p>","protected":false},"featured_media":11503,"comment_status":"closed","ping_status":"closed","template":"","meta":{"_acf_changed":false},"product_brand":[],"product_cat":[335,361,360,363,529,533],"product_tag":[],"class_list":{"0":"post-11528","1":"product","2":"type-product","3":"status-publish","4":"has-post-thumbnail","6":"product_cat-a_baby_brand","7":"product_cat-babyshower","8":"product_cat-cadeautips","9":"product_cat-cadeaus-e25-e50","10":"product_cat-katoenen-babykleertjes","11":"product_cat-katoenen-babyrompertjes","12":"pa_maat-0-maanden","13":"pa_maat-1-jaar","14":"pa_maat-3-maanden","15":"pa_maat-6-maanden","17":"first","18":"instock","19":"taxable","20":"shipping-taxable","21":"purchasable","22":"product-type-variable"},"acf":[],"_links":{"self":[{"href":"https:\/\/woolskins.eu\/fr\/wp-json\/wp\/v2\/product\/11528","targetHints":{"allow":["GET"]}}],"collection":[{"href":"https:\/\/woolskins.eu\/fr\/wp-json\/wp\/v2\/product"}],"about":[{"href":"https:\/\/woolskins.eu\/fr\/wp-json\/wp\/v2\/types\/product"}],"replies":[{"embeddable":true,"href":"https:\/\/woolskins.eu\/fr\/wp-json\/wp\/v2\/comments?post=11528"}],"wp:featuredmedia":[{"embeddable":true,"href":"https:\/\/woolskins.eu\/fr\/wp-json\/wp\/v2\/media\/11503"}],"wp:attachment":[{"href":"https:\/\/woolskins.eu\/fr\/wp-json\/wp\/v2\/media?parent=11528"}],"wp:term":[{"taxonomy":"product_brand","embeddable":true,"href":"https:\/\/woolskins.eu\/fr\/wp-json\/wp\/v2\/product_brand?post=11528"},{"taxonomy":"product_cat","embeddable":true,"href":"https:\/\/woolskins.eu\/fr\/wp-json\/wp\/v2\/product_cat?post=11528"},{"taxonomy":"product_tag","embeddable":true,"href":"https:\/\/woolskins.eu\/fr\/wp-json\/wp\/v2\/product_tag?post=11528"}],"curies":[{"name":"wp","href":"https:\/\/api.w.org\/{rel}","templated":true}]}}