{"id":11434,"date":"2022-06-24T11:06:23","date_gmt":"2022-06-24T11:06:23","guid":{"rendered":"https:\/\/woolskins.eu\/?post_type=product&#038;p=11434"},"modified":"2025-12-12T15:05:40","modified_gmt":"2025-12-12T15:05:40","slug":"un-debardeur-de-marque-baby-stone","status":"publish","type":"product","link":"https:\/\/woolskins.eu\/fr\/a-baby-brand-tanktop-stone\/","title":{"rendered":"Une marque basique \u2013 Chemise b\u00e9b\u00e9 | Pierre"},"content":{"rendered":"<h6>Une marque pour b\u00e9b\u00e9<\/h6>\n<p>Ce joli d\u00e9bardeur a une coupe ample dans une finition brute et cool. Super doux et fin, coton biologique 100% GOTS. Le d\u00e9bardeur d\u00e9contract\u00e9 et confortable parfait pour l&#039;\u00e9t\u00e9. Une entr\u00e9e cool pour une jolie tenue. (les photos d&#039;ambiance sont en &quot;blanc naturel&quot;)<\/p>\n<p>100% Coton biologique certifi\u00e9 GOTS.<\/p>\n<p>Tailles\u00a0:<\/p>\n<p>6m \u2013 68cm<br \/>\n1 an \u2013 80 cm<\/p>\n<h5>Une marque pour b\u00e9b\u00e9<\/h5>\n<p>D\u00e9couvrez une garde-robe v\u00e9ritablement minimaliste pleine d&#039;essentiels pratiques. M\u00e9langez et assortissez nos mod\u00e8les et couleurs unisexes. Pas de logo, pas d&#039;impression, pas de chichi.<\/p>\n<p>Notre mission est de vous faciliter la vie, c&#039;est pourquoi l&#039;une des id\u00e9es principales derri\u00e8re notre philosophie est la PRATIQUE. Nous nous soucions \u00e9galement profond\u00e9ment de notre plan\u00e8te et souhaitons que tout le monde m\u00e8ne une vie plus minimaliste et utilise donc moins de v\u00eatements (#CONSUMEWISELY).<\/p>\n<p>C&#039;est pourquoi la qualit\u00e9 de nos produits est la plus \u00e9lev\u00e9e possible. Vous pouvez les utiliser pendant des ann\u00e9es et les transmettre une fois que vous avez termin\u00e9. Nous utilisons des tissus de qualit\u00e9 sup\u00e9rieure certifi\u00e9s GOTS en coton biologique et STANDARD 100 by OEKO-TEX\u00ae. Tous nos produits peuvent \u00eatre lav\u00e9s et s\u00e9ch\u00e9s en machine aussi souvent que vous le souhaitez. Vous d\u00e9couvrirez que notre molleton de coton n&#039;a m\u00eame pas besoin d&#039;\u00eatre repass\u00e9 pour \u00eatre beau.<\/p>","protected":false},"excerpt":{"rendered":"<h6>Une marque pour b\u00e9b\u00e9<\/h6>\n<p>Ce joli d\u00e9bardeur a une coupe ample dans une finition brute et cool. Super doux et fin, coton biologique 100% GOTS. Le d\u00e9bardeur d\u00e9contract\u00e9 et confortable parfait pour l&#039;\u00e9t\u00e9. Une entr\u00e9e cool pour une jolie tenue. (photos d&#039;ambiance uniquement en couleur &#039;blanc naturel&#039;)<\/p>","protected":false},"featured_media":11411,"comment_status":"closed","ping_status":"closed","template":"","meta":{"_acf_changed":false},"product_brand":[],"product_cat":[335,361,360,363,529,530],"product_tag":[],"class_list":{"0":"post-11434","1":"product","2":"type-product","3":"status-publish","4":"has-post-thumbnail","6":"product_cat-a_baby_brand","7":"product_cat-babyshower","8":"product_cat-cadeautips","9":"product_cat-cadeaus-e25-e50","10":"product_cat-katoenen-babykleertjes","11":"product_cat-katoenen-babyshirt","12":"pa_maat-1-jaar","13":"pa_maat-6-maanden","15":"first","16":"instock","17":"taxable","18":"shipping-taxable","19":"purchasable","20":"product-type-variable"},"acf":[],"_links":{"self":[{"href":"https:\/\/woolskins.eu\/fr\/wp-json\/wp\/v2\/product\/11434","targetHints":{"allow":["GET"]}}],"collection":[{"href":"https:\/\/woolskins.eu\/fr\/wp-json\/wp\/v2\/product"}],"about":[{"href":"https:\/\/woolskins.eu\/fr\/wp-json\/wp\/v2\/types\/product"}],"replies":[{"embeddable":true,"href":"https:\/\/woolskins.eu\/fr\/wp-json\/wp\/v2\/comments?post=11434"}],"wp:featuredmedia":[{"embeddable":true,"href":"https:\/\/woolskins.eu\/fr\/wp-json\/wp\/v2\/media\/11411"}],"wp:attachment":[{"href":"https:\/\/woolskins.eu\/fr\/wp-json\/wp\/v2\/media?parent=11434"}],"wp:term":[{"taxonomy":"product_brand","embeddable":true,"href":"https:\/\/woolskins.eu\/fr\/wp-json\/wp\/v2\/product_brand?post=11434"},{"taxonomy":"product_cat","embeddable":true,"href":"https:\/\/woolskins.eu\/fr\/wp-json\/wp\/v2\/product_cat?post=11434"},{"taxonomy":"product_tag","embeddable":true,"href":"https:\/\/woolskins.eu\/fr\/wp-json\/wp\/v2\/product_tag?post=11434"}],"curies":[{"name":"wp","href":"https:\/\/api.w.org\/{rel}","templated":true}]}}