{"id":11134,"date":"2022-06-09T09:42:54","date_gmt":"2022-06-09T09:42:54","guid":{"rendered":"https:\/\/woolskins.eu\/?post_type=product&#038;p=11134"},"modified":"2026-01-14T20:08:57","modified_gmt":"2026-01-14T20:08:57","slug":"bodywarmer-laine-ecru-a-baby-brand","status":"publish","type":"product","link":"https:\/\/woolskins.eu\/fr\/bodywarmer-wol-ecru-a-baby-brand\/","title":{"rendered":"Une marque basique \u2013 Bodywarmer en laine pour enfants | \u00e9cru"},"content":{"rendered":"<h6><strong>Une marque pour b\u00e9b\u00e9<\/strong><\/h6>\n<p>Chauffe-corps en laine 100%. Merveilleusement chaud et confortable, compl\u00e8tement naturel, respirant et super branch\u00e9. Le cardigan a de petites poches et se ferme avec une fermeture \u00e9clair. Portez-le sur un sweat-shirt par temps venteux ou sous une veste par temps tr\u00e8s froid. Ce cardigan est \u00e9galement disponible pour les mamans.<\/p>\n<p>Compos\u00e9<br \/>\nLaine 100%.<\/p>\n<p>Tailles\u00a0:<\/p>\n<p>6m \u2013 70cm<br \/>\n1 an \u2013 86 cm<br \/>\n2 ans \u2013 92 cm<br \/>\n4 ans \u2013 104 cm<br \/>\n6 ans \u2013 116 cm<\/p>\n<p>Instructions de lavage :<\/p>\n<p>Nous vous recommandons de laver nos produits \u00e0 la main \u00e0 l&#039;eau ti\u00e8de et en utilisant un d\u00e9tergent \u00e0 la lanoline.<\/p>","protected":false},"excerpt":{"rendered":"<h6><strong>Une marque pour b\u00e9b\u00e9<\/strong><\/h6>\n<p>Chauffe-corps en laine merveilleusement chaud et confortable. Ce cardigan poss\u00e8de une fermeture \u00e9clair et des poches et peut \u00eatre facilement combin\u00e9 avec tous nos autres produits. \u00c9galement disponible en plus grandes tailles pour les mamans en laine 100%.<\/p>","protected":false},"featured_media":11147,"comment_status":"open","ping_status":"closed","template":"","meta":{"_acf_changed":false},"product_brand":[],"product_cat":[335,360,363,200,337,413,344],"product_tag":[423,424,420,421,422,425],"class_list":{"0":"post-11134","1":"product","2":"type-product","3":"status-publish","4":"has-post-thumbnail","6":"product_cat-a_baby_brand","7":"product_cat-cadeautips","8":"product_cat-cadeaus-e25-e50","9":"product_cat-wollen-babykleding","10":"product_cat-vestjes","11":"product_cat-alwero-bodywarmer","12":"product_cat-kleertjes","13":"product_tag-a-baby-brand","14":"product_tag-alwero-bodywarmer","15":"product_tag-bodywarmer-wol","16":"product_tag-wollen-bodywarmer","17":"product_tag-wool-vest","18":"product_tag-woolskins","19":"pa_maat-1-jaar","20":"pa_maat-2-jaar","21":"pa_maat-4-jaar","22":"pa_maat-6-jaar","23":"pa_maat-6-maanden","24":"pa_maat-8-jaar","26":"first","27":"instock","28":"taxable","29":"shipping-taxable","30":"purchasable","31":"product-type-variable"},"acf":[],"_links":{"self":[{"href":"https:\/\/woolskins.eu\/fr\/wp-json\/wp\/v2\/product\/11134","targetHints":{"allow":["GET"]}}],"collection":[{"href":"https:\/\/woolskins.eu\/fr\/wp-json\/wp\/v2\/product"}],"about":[{"href":"https:\/\/woolskins.eu\/fr\/wp-json\/wp\/v2\/types\/product"}],"replies":[{"embeddable":true,"href":"https:\/\/woolskins.eu\/fr\/wp-json\/wp\/v2\/comments?post=11134"}],"wp:featuredmedia":[{"embeddable":true,"href":"https:\/\/woolskins.eu\/fr\/wp-json\/wp\/v2\/media\/11147"}],"wp:attachment":[{"href":"https:\/\/woolskins.eu\/fr\/wp-json\/wp\/v2\/media?parent=11134"}],"wp:term":[{"taxonomy":"product_brand","embeddable":true,"href":"https:\/\/woolskins.eu\/fr\/wp-json\/wp\/v2\/product_brand?post=11134"},{"taxonomy":"product_cat","embeddable":true,"href":"https:\/\/woolskins.eu\/fr\/wp-json\/wp\/v2\/product_cat?post=11134"},{"taxonomy":"product_tag","embeddable":true,"href":"https:\/\/woolskins.eu\/fr\/wp-json\/wp\/v2\/product_tag?post=11134"}],"curies":[{"name":"wp","href":"https:\/\/api.w.org\/{rel}","templated":true}]}}