{"id":11038,"date":"2022-05-31T13:47:03","date_gmt":"2022-05-31T13:47:03","guid":{"rendered":"https:\/\/woolskins.eu\/?post_type=product&#038;p=11038"},"modified":"2026-05-12T13:24:45","modified_gmt":"2026-05-12T13:24:45","slug":"lanacare-coussinets-dallaitement-laine","status":"publish","type":"product","link":"https:\/\/woolskins.eu\/fr\/lanacare-zoogcompressen-wol\/","title":{"rendered":"LanaCare Coussinets d&#039;allaitement Laine"},"content":{"rendered":"<p>Les coussinets d&#039;allaitement en laine LanaCare sont sp\u00e9cialement con\u00e7us pour les m\u00e8res qui allaitent. Ils offrent les meilleures conditions pour un allaitement r\u00e9ussi \u00e0 long terme et sans probl\u00e8me.<\/p>\n<p>Ces coussinets d&#039;allaitement en laine sont merveilleusement doux et gardent les seins au chaud et prot\u00e9g\u00e9s. La chaleur naturelle de la laine stimule la circulation sanguine et procure un soulagement apaisant pendant l&#039;allaitement.<\/p>\n<p>La laine absorbe l&#039;humidit\u00e9 sans \u00eatre mouill\u00e9e et garde la poitrine au chaud et confortable. Les coussinets d&#039;allaitement LanaCare contiennent de la lanoline naturelle et ont un effet apaisant sur les mamelons douloureux et gerc\u00e9s.<\/p>\n<p>Il est recommand\u00e9 par LanaCare d&#039;utiliser une taille qui couvre la totalit\u00e9 de la poitrine. Les coussinets d&#039;allaitement LanaCare sont fournis par paires.<\/p>\n<h5 class=\"font_4\">Coussinets d&#039;allaitement LANACare<\/h5>\n<p class=\"font_8\">Les coussinets d&#039;allaitement en laine LANACare sont con\u00e7us par LANACare, sp\u00e9cialement pour les mamans qui allaitent. Ils offrent les meilleures conditions pour un allaitement r\u00e9ussi et durable.<\/p>\n<p class=\"font_8\">Les compresses de laine sont extr\u00eamement douces et confortables, gardant les seins au chaud et confortables. La chaleur naturelle de la laine stimule la circulation sanguine et procure un soulagement apaisant pendant l&#039;allaitement. La laine m\u00e9rinos absorbe l&#039;humidit\u00e9 sans donner de sensation d&#039;humidit\u00e9 ni de froid.<\/p>\n<p class=\"font_8\">Les coussinets d&#039;allaitement LanaCare contiennent de la lanoline naturelle, qui apaise les mamelons douloureux et a un effet antibact\u00e9rien. Il est recommand\u00e9 d&#039;utiliser une taille qui couvre toute la poitrine. Les compresses peuvent \u00eatre utilis\u00e9es toute l&#039;ann\u00e9e. En \u00e9t\u00e9 aussi !<\/p>\n<div id=\"comp-knyogau5\" class=\"_1Q9if\" data-testid=\"richTextElement\">\n<h5 class=\"font_4\">Avantages des coussinets d&#039;allaitement en laine :<\/h5>\n<ul class=\"font_8\">\n<li>\n<p class=\"font_8\">La plupart des femmes n\u2019ont besoin que de 2 \u00e0 3 paires pendant toute la p\u00e9riode d\u2019allaitement. C\u2019est \u00e9conomique, durable et respectueux de l\u2019environnement !<\/p>\n<\/li>\n<li>\n<p class=\"font_8\">La laine absorbe l&#039;humidit\u00e9 et garde la peau s\u00e8che et confortable, m\u00eame dans les climats chauds. Lorsque les coussinets d&#039;allaitement sont humides, ils sont secs au toucher et ne refroidissent pas comme les coussinets d&#039;allaitement en coton ou en papier.<\/p>\n<\/li>\n<li>\n<p class=\"font_8\">La peau reste s\u00e8che et peut respirer, permettant aux mamelons douloureux de gu\u00e9rir.<\/p>\n<\/li>\n<li>\n<p class=\"font_8\">\u00c9tant donn\u00e9 que les coussinets d&#039;allaitement LANACare contiennent de la lanoline, l&#039;utilisation de la pommade pour mamelons LanaCare constitue une combinaison parfaite pour le traitement des mamelons douloureux.<\/p>\n<\/li>\n<li>\n<p class=\"font_8\">Les sages-femmes et sages-femmes scandinaves conseillent depuis des si\u00e8cles aux m\u00e8res de garder leurs seins au chaud pour \u00e9viter l&#039;obstruction des canaux galactophores et la mammite.<\/p>\n<\/li>\n<li>\n<p class=\"font_8\">Les plus grandes tailles offrent une couverture protectrice sur toute la poitrine. Le bord de cette taille de coussinet d&#039;allaitement tombe plus loin sur la poitrine afin que les coussinets deviennent invisibles sous vos v\u00eatements.<\/p>\n<\/li>\n<\/ul>\n<\/div>\n<div id=\"comp-knyoktft\" class=\"_1Q9if\" data-testid=\"richTextElement\">\n<h5 class=\"font_2\">Qualit\u00e9<\/h5>\n<p class=\"font_8\">La laine s\u00e9lectionn\u00e9e pour les produits LanaCare est trait\u00e9e avec un soin particulier. Nous utilisons uniquement de la laine qui r\u00e9pond aux exigences environnementales europ\u00e9ennes les plus \u00e9lev\u00e9es. Des tests r\u00e9guliers prouvent que notre laine est exempte de substances nocives. Les p\u00e2turages o\u00f9 paissent les moutons sont exempts d\u2019engrais et de pesticides et aucun produit chimique agressif n\u2019est utilis\u00e9 pour laver la laine. Seule la laine m\u00e9rinos la plus douce est utilis\u00e9e pour les produits LANACare.<\/p>\n<h5><strong>Entretien des coussinets d&#039;allaitement<\/strong><\/h5>\n<h5><strong>Laver<\/strong><\/h5>\n<p>Lavage \u00e0 la main \u00e0 l&#039;eau ti\u00e8de avec le savon \u00e0 la lanoline LANACare pour reconstituer la teneur en lanoline de la laine. L&#039;eau froide et chaude peut choquer les fibres de laine, les faisant feutrer et\/ou r\u00e9tr\u00e9cir. L&#039;eau chaude rince \u00e9galement la lanoline de la laine. Utilisez juste assez de savon \u00e0 la lanoline pour garder l&#039;eau l\u00e9g\u00e8rement mousseuse. D\u00e9placez doucement les coussinets dans l&#039;eau, puis laissez-les tremper dans l&#039;eau pendant 5 \u00e0 10 minutes.<\/p>\n<h5><strong>Rincer<\/strong><\/h5>\n<p>Rincer \u00e0 l&#039;eau ti\u00e8de. Utilisez toujours de l\u2019eau ti\u00e8de pour laver et rincer la laine. L&#039;eau froide peut choquer les fibres de la laine, provoquant un r\u00e9tr\u00e9cissement et\/ou un feutre de la laine.<\/p>\n<h5><strong>S\u00e9cher<\/strong><\/h5>\n<p>Placez ou roulez les coussinets d&#039;allaitement dans une serviette et essorez l&#039;exc\u00e8s d&#039;eau. Secouez les coussinets rapidement et vigoureusement pour retrouver leur forme et leur \u00e9lasticit\u00e9. Faites s\u00e9cher les coussinets, de pr\u00e9f\u00e9rence sur une source de chaleur douce.<\/p>\n<h5 class=\"font_8\"><span class=\"wixGuard\">\u200b<\/span>Certificats<\/h5>\n<p class=\"font_8\">LanaCare utilise uniquement de la laine biologique certifi\u00e9e et non trait\u00e9e chimiquement.<\/p>\n<p class=\"font_8\">La laine LanaCare poss\u00e8de le certificat international Oeko-Tex d\u00e9livr\u00e9 par l&#039;Association internationale pour la recherche et les tests dans le domaine de l&#039;\u00e9cologie textile (Oeko-Tex), bas\u00e9e en Suisse, et r\u00e9cemment \u00e9galement le certificat KbT. Ce certificat est d\u00e9livr\u00e9 si les p\u00e2turages o\u00f9 paissent les moutons sont exempts d&#039;engrais et de pesticides et qu&#039;aucun produit chimique agressif n&#039;est utilis\u00e9 pour laver la laine. La laine de nos moutons est aussi pure qu&#039;elle le sera plus tard dans les v\u00eatements de votre b\u00e9b\u00e9.<\/p>\n<h5 class=\"font_8\"><span class=\"wixGuard\">\u200b<\/span>Les produits LANACare poss\u00e8dent les certificats internationaux suivants\u00a0:<\/h5>\n<p class=\"font_8\">\u2013 GOTS \u2013 Global Organic Textile Standard Le Global Organic Textile Standard (GOTS) est reconnu comme la principale norme de traitement des textiles fabriqu\u00e9s \u00e0 partir de fibres biologiques dans le monde. Elle d\u00e9finit des crit\u00e8res environnementaux de haut niveau tout au long de la cha\u00eene d&#039;approvisionnement du textile biologique et impose \u00e9galement le respect de crit\u00e8res sociaux.<\/p>\n<p class=\"font_8\">\u2013 IVN BEST et KBT \u2013 Naturtextil IVN certifi\u00e9 BEST Ce label de qualit\u00e9, connu dans toute l&#039;Europe, fixe actuellement les normes \u00e9cologiques les plus strictes pour la production textile au plus haut niveau technique actuellement r\u00e9alisable.<br \/>\nBEST refl\u00e8te les normes pour les textiles respectueux de l&#039;environnement d\u00e9velopp\u00e9es par l&#039;Association internationale de l&#039;industrie textile naturelle (IVN) depuis 1990 et \u00e9value l&#039;ensemble de la cha\u00eene de production textile en termes de normes \u00e9cologiques et de responsabilit\u00e9 sociale.<\/p>\n<p class=\"font_8\">\u2013 IVN Best d\u00e9passe la norme GOTS, qui autorise jusqu&#039;\u00e0 30% de fibres non organiques. La production sous IVN est conforme \u00e0 la norme GOTS. L&#039;utilisation du label IVN n\u00e9cessite une adh\u00e9sion et une certification selon les normes IVN.<\/p>\n<p class=\"font_8\">\u2013 Les laines des programmes de cha\u00eene d\u2019approvisionnement IVN proviennent d\u2019\u00e9levages certifi\u00e9s biologiques (\u00e9galement connus sous le nom de kbT).<\/p>\n<p class=\"font_8\">\u2013 Aucun mulesing n&#039;a \u00e9t\u00e9 appliqu\u00e9 aux moutons \u2013 une m\u00e9thode tr\u00e8s critiqu\u00e9e de \u00ab vaccination \u00bb des moutons en Australie.<\/p>\n<p class=\"font_8\">\u2013 La cr\u00e8me pour les seins LANAcare a re\u00e7u le label \u00ab\u00a0A\u00a0\u00bb de l&#039;association danoise des consommateurs car aucun produit chimique probl\u00e9matique n&#039;a \u00e9t\u00e9 trouv\u00e9 dans la cr\u00e8me.<\/p>\n<\/div>\n<div id=\"comp-knyoha3p\" class=\"_1Q9if\" data-testid=\"richTextElement\">\n<h5 class=\"font_2\">Histoire de LANACare<\/h5>\n<p class=\"font_8\">LANACare a \u00e9t\u00e9 fond\u00e9e en 1990 par l&#039;infirmi\u00e8re danoise Jeannette Almstr\u00f8m au Danemark. Maman de 3 enfants, Jeannette Almstr\u00f8m a d\u00e9velopp\u00e9 une gamme de produits pour les mamans et les b\u00e9b\u00e9s en pure laine m\u00e9rinos biologique. Son parcours d&#039;infirmi\u00e8re et sa formation professionnelle en textile et en design se sont r\u00e9v\u00e9l\u00e9s \u00eatre une combinaison parfaite de comp\u00e9tences. Chaque article de LANACare est con\u00e7u pour favoriser la sant\u00e9 et le bien-\u00eatre de la m\u00e8re et du b\u00e9b\u00e9, en offrant le confort apaisant et la chaleur respirante que seule la pure laine peut offrir.<\/p>\n<p class=\"font_8\"><span class=\"wixGuard\">\u200b<\/span>Aujourd&#039;hui, toutes les activit\u00e9s de LANACare sont g\u00e9r\u00e9es par Jeannette Almtr\u00f8m elle-m\u00eame, passionn\u00e9e par la recherche de mat\u00e9riaux nouveaux et durables \u00e0 utiliser dans de nouveaux produits qui favorisent non seulement la sant\u00e9 d&#039;un individu, mais \u00e9galement celle de notre Terre M\u00e8re.<\/p>\n<p class=\"font_8\"><span class=\"wixGuard\">\u200b<\/span>Au fil des ann\u00e9es, les quantit\u00e9s de production et de distribution de LANACare ont \u00e9norm\u00e9ment augment\u00e9. Les produits sont d\u00e9sormais vendus dans 28 pays \u00e0 travers le monde.<\/p>\n<\/div>","protected":false},"excerpt":{"rendered":"<p>L&#039;allaitement est la meilleure nourriture pour votre b\u00e9b\u00e9. Il prot\u00e8ge votre b\u00e9b\u00e9 des maladies et est \u00e9galement bon pour votre sant\u00e9. Par exemple, cela vous aide \u00e0 reprendre du poids rapidement. Les coussinets d&#039;allaitement ultra-doux LanaCare sont un bon choix.<\/p>","protected":false},"featured_media":5511,"comment_status":"closed","ping_status":"closed","template":"","meta":{"_acf_changed":false},"product_brand":[],"product_cat":[349,353,225],"product_tag":[],"class_list":{"0":"post-11038","1":"product","2":"type-product","3":"status-publish","4":"has-post-thumbnail","6":"product_cat-borstvoedingenvoedingskussens","7":"product_cat-lanacare","8":"product_cat-tepelzalf-zoogcompressen","9":"pa_maat-zoogcompres-l-22cm","10":"pa_maat-zoogcompres-m-18cm","11":"pa_maat-zoogcompres-mini-10cm","12":"pa_maat-zoogcompres-s-15cm","13":"pa_maat-zoogcompres-xs-12cm","15":"first","16":"instock","17":"taxable","18":"shipping-taxable","19":"purchasable","20":"product-type-variable"},"acf":[],"_links":{"self":[{"href":"https:\/\/woolskins.eu\/fr\/wp-json\/wp\/v2\/product\/11038","targetHints":{"allow":["GET"]}}],"collection":[{"href":"https:\/\/woolskins.eu\/fr\/wp-json\/wp\/v2\/product"}],"about":[{"href":"https:\/\/woolskins.eu\/fr\/wp-json\/wp\/v2\/types\/product"}],"replies":[{"embeddable":true,"href":"https:\/\/woolskins.eu\/fr\/wp-json\/wp\/v2\/comments?post=11038"}],"wp:featuredmedia":[{"embeddable":true,"href":"https:\/\/woolskins.eu\/fr\/wp-json\/wp\/v2\/media\/5511"}],"wp:attachment":[{"href":"https:\/\/woolskins.eu\/fr\/wp-json\/wp\/v2\/media?parent=11038"}],"wp:term":[{"taxonomy":"product_brand","embeddable":true,"href":"https:\/\/woolskins.eu\/fr\/wp-json\/wp\/v2\/product_brand?post=11038"},{"taxonomy":"product_cat","embeddable":true,"href":"https:\/\/woolskins.eu\/fr\/wp-json\/wp\/v2\/product_cat?post=11038"},{"taxonomy":"product_tag","embeddable":true,"href":"https:\/\/woolskins.eu\/fr\/wp-json\/wp\/v2\/product_tag?post=11038"}],"curies":[{"name":"wp","href":"https:\/\/api.w.org\/{rel}","templated":true}]}}