{"id":8717,"date":"2022-03-28T11:12:52","date_gmt":"2022-03-28T11:12:52","guid":{"rendered":"https:\/\/woolskins.eu\/?post_type=product&#038;p=8717"},"modified":"2026-05-07T11:02:01","modified_gmt":"2026-05-07T11:02:01","slug":"manta-de-cuna-alwero-lammy-pequeno-aventurero","status":"publish","type":"product","link":"https:\/\/woolskins.eu\/es\/alwero-wiegdeken-lammy-little-adventurer\/","title":{"rendered":"Manta de cuna de lana \/ Manta de beb\u00e9 - Thumbled | Zebra"},"content":{"rendered":"<p>Nuestras mantas de cuna Eco Wool son muy adecuadas para los m\u00e1s peque\u00f1os gracias a las propiedades naturales de las fibras de lana. \u00c9stas respiran y tienen la capacidad de actuar como un termostato natural que regula la temperatura corporal? Esto ayuda al beb\u00e9 a mantener una temperatura estable y lo mantiene seco y c\u00f3modo. Lo hace de forma \u2018din\u00e1mica\u2019, es decir, cuando es necesario y no cuando no lo es.<\/p>\n<p>- Lana virgen 100% (Tumbled) con certificaci\u00f3n Woolmark.<br \/>\n- Para casa y para llevar.<br \/>\n- Tama\u00f1o: 75 x 100 cm y 90 x 130 cm.<br \/>\n- Producci\u00f3n europea.<br \/>\n- Lavable en ciclo de lavado de lana a 30\u00b0C.<\/p>\n<p>Los productos de lana desmenuzada se caracterizan por sus fibras de lana sueltas. Para minimizar la esponjosidad, lo mejor es dar palmaditas al producto por fuera antes de usarlo.<\/p>\n<p>Este producto lleva las etiquetas Safe for Children y Woolmark, entre otras.<\/p>\n<h5>Etiqueta Woolskins<\/h5>\n<p>Tras a\u00f1os de fruct\u00edfera colaboraci\u00f3n con Alwero, nos enorgullece anunciar que ahora comercializamos nuestros productos con nuestra propia marca Woolskins.<\/p>\n<p>De este modo, sigue obteniendo la mejor calidad, pero combinada con los productos y dise\u00f1os m\u00e1s bonitos y exclusivos.<\/p>\n<p>La calidad de los tejidos y los colores sigue siendo la de siempre, s\u00f3lo que ahora hay una mayor variedad con la que Woolskins cree que puede distinguirse.<\/p>\n<p>Nuestra amplia colecci\u00f3n es tan parecida que son un gran complemento para cualquier conjunto de beb\u00e9, fabricados con lana europea 100% que transpira y es adecuada para todas las estaciones.<\/p>\n<p>Unimos nuestras fuerzas con entusiasmo para conseguir un producto sostenible, natural y lo m\u00e1s c\u00f3modo posible para tu beb\u00e9.<\/p>","protected":false},"excerpt":{"rendered":"<p>Su hijo dormir\u00e1 y so\u00f1ar\u00e1 bajo esta c\u00f3moda manta de cuna de lana 100%. La manta de cuna de lana es flexible y muy suave y est\u00e1 rematada con un punto de manta. Tienen un aspecto precioso y lujoso y no pueden faltar en el ajuar de ning\u00fan beb\u00e9. Las mantas de lana respiran y adoptan inmediatamente la temperatura del beb\u00e9. Tienen el tama\u00f1o y el peso ideales para dormir bajo ellas o jugar. \u00dasala en casa o de viaje para abrigar bien a tu hijo. La manta es adecuada para cualquier estaci\u00f3n y un regalo perfecto para un baby shower o una visita de maternidad.<\/p>\n<p><strong>Marca: Woolskins<\/strong><br \/>\n<strong>Producci\u00f3n: Polonia<\/strong><\/p>","protected":false},"featured_media":17497,"comment_status":"closed","ping_status":"closed","template":"","meta":{"_acf_changed":false},"product_brand":[],"product_cat":[361,360,363,196,318,194],"product_tag":[372],"class_list":{"0":"post-8717","1":"product","2":"type-product","3":"status-publish","4":"has-post-thumbnail","6":"product_cat-babyshower","7":"product_cat-cadeautips","8":"product_cat-cadeaus-e25-e50","9":"product_cat-slaapkleding-baby","10":"product_cat-wollen-wiegdeken-ledikantdeken","11":"product_cat-wollen-babyproducten","12":"product_tag-populair","13":"pa_maat-75-x-100-cm","14":"pa_maat-90-x-130-cm","16":"first","17":"instock","18":"taxable","19":"shipping-taxable","20":"purchasable","21":"product-type-variable"},"acf":[],"_links":{"self":[{"href":"https:\/\/woolskins.eu\/es\/wp-json\/wp\/v2\/product\/8717","targetHints":{"allow":["GET"]}}],"collection":[{"href":"https:\/\/woolskins.eu\/es\/wp-json\/wp\/v2\/product"}],"about":[{"href":"https:\/\/woolskins.eu\/es\/wp-json\/wp\/v2\/types\/product"}],"replies":[{"embeddable":true,"href":"https:\/\/woolskins.eu\/es\/wp-json\/wp\/v2\/comments?post=8717"}],"wp:featuredmedia":[{"embeddable":true,"href":"https:\/\/woolskins.eu\/es\/wp-json\/wp\/v2\/media\/17497"}],"wp:attachment":[{"href":"https:\/\/woolskins.eu\/es\/wp-json\/wp\/v2\/media?parent=8717"}],"wp:term":[{"taxonomy":"product_brand","embeddable":true,"href":"https:\/\/woolskins.eu\/es\/wp-json\/wp\/v2\/product_brand?post=8717"},{"taxonomy":"product_cat","embeddable":true,"href":"https:\/\/woolskins.eu\/es\/wp-json\/wp\/v2\/product_cat?post=8717"},{"taxonomy":"product_tag","embeddable":true,"href":"https:\/\/woolskins.eu\/es\/wp-json\/wp\/v2\/product_tag?post=8717"}],"curies":[{"name":"wp","href":"https:\/\/api.w.org\/{rel}","templated":true}]}}