{"id":8194,"date":"2022-03-08T10:34:56","date_gmt":"2022-03-08T10:34:56","guid":{"rendered":"https:\/\/woolskins.eu\/?post_type=product&#038;p=8194"},"modified":"2023-03-14T10:21:36","modified_gmt":"2023-03-14T10:21:36","slug":"manta-bebe-phuyu-con-pompones-gris","status":"publish","type":"product","link":"https:\/\/woolskins.eu\/es\/baby-phuyu-deken-met-pompons-grijs\/","title":{"rendered":"Manta beb\u00e9 Phuyu con pompones | Gris claro"},"content":{"rendered":"<p>Siente la intensa suavidad de esta acogedora manta. Utiliza esta manta como el accesorio perfecto para la guarder\u00eda o para mantener a tu peque calentito y acogedor durante los d\u00edas fr\u00edos. <span style=\"font-style: var(--fontStyle, inherit); font-weight: var(--fontWeight); letter-spacing: var(--letterSpacing); text-transform: var(--textTransform);\">Precioso dise\u00f1o simplista con una textura gruesa y esponjosa. Las mantas est\u00e1n rematadas con pompones de colores. Manta o colcha tejida totalmente a mano con amor por tejedoras locales de Per\u00fa.<\/span><\/p>\n<p>- 118 x 88 cm<br \/>\n- Es ligero y muy suave<br \/>\n- Es t\u00e9rmica, por lo que es fresca en verano y agradable y c\u00e1lida en invierno.<br \/>\n- Es 4 veces menos \u201csensible a la abrasi\u00f3n\u201d que la lana merina<br \/>\n- No encoge tras el lavado<br \/>\n- 89% alpaca superfina, 11% poliamida<br \/>\n- 100% ecol\u00f3gico conforme a la norma Oeko-Tex\u00ae Standard 100<\/p>\n<p>Estos plaids de phuyu son uno de nuestros productos especiales de este invierno, dise\u00f1ados por Cocoliso en Per\u00fa. Una empresa que comparte los mismos valores que Petit Kolibri y apoya el empoderamiento a trav\u00e9s de tejedores locales en los Andes.<\/p>\n<h5 class=\"Text1893342656__root Text1893342656---typography-11-runningText Text1893342656---priority-7-primary s8gg2 _2UIKs InfoSectionTitle3095652555__root\" aria-hidden=\"false\" data-hook=\"info-section-title\">Lana Baby Alpaca<\/h5>\n<div class=\"rah-static rah-static--height-auto\" aria-hidden=\"false\">\n<div>\n<div class=\"_1yvxJ fggS- cell\">\n<div class=\"WncCi\" data-hook=\"info-section-description\">\n<p>La estructura de la fibra de la lana de alpaca baby es muy fina y su suavidad puede compararse a la de la lana de cachemira, pero a\u00fan m\u00e1s suave. La lana de alpaca es conocida por su calidad superior, se siente muy suave en la piel y es hipoalerg\u00e9nica. La lana de baby alpaca es la lana de alpaca m\u00e1s suave de la primera urdimbre. Baby alpaca no significa que la lana proceda de cr\u00edas de alpaca, sino que s\u00f3lo se utiliza la lana m\u00e1s fina. Una micra equivale a 0,001 mil\u00edmetros. Cuanto m\u00e1s fina es la lana, m\u00e1s suave es el producto.<\/p>\n<h5>Petit Kolibri<\/h5>\n<p class=\"\">PETIT KOLIBRI naci\u00f3 de un amor incondicional por los productos aut\u00e9nticos, org\u00e1nicos y naturales. Nuestros productos nacen de un compromiso implacable con la promoci\u00f3n de la sostenibilidad ambiental y los negocios conscientes en las comunidades locales de Am\u00e9rica Latina.<\/p>\n<p class=\"\">Todas nuestras prendas de alpaca org\u00e1nica y alpaca beb\u00e9 se obtienen con cuidado y atenci\u00f3n en una relaci\u00f3n mutuamente beneficiosa y transparente con nuestros proveedores. Los productos acabados son elaborados en condiciones justas por un colectivo de artesanos de Colombia y Per\u00fa. El comercio justo se ha convertido en nuestro principio rector.<\/p>\n<p class=\"\">Los ni\u00f1os son la poblaci\u00f3n del ma\u00f1ana. El impacto que tendr\u00e1n en nuestro planeta depende de los principios que les ense\u00f1emos hoy. \u00a1Nuestras prendas de punto minimalistas con dise\u00f1o org\u00e1nico est\u00e1n hechas para todas las peque\u00f1as aventuras!<\/p>\n<p>Nuestro objetivo es proporcionar ropa y accesorios seguros para los ni\u00f1os porque creemos que los productos que tocan los ni\u00f1os deben estar en su estado m\u00e1s puro y sin tratar. Estamos orgullosos de ofrecer productos ecol\u00f3gicos libres de sustancias nocivas, certificados por la norma 100 de OEKO-TEX\u00ae. La lana que utilizamos en PETIT KOLIBRI procede de Per\u00fa, uno de los principales pa\u00edses exportadores de lana de alpaca.<\/p>\n<\/div>\n<\/div>\n<\/div>\n<\/div>","protected":false},"excerpt":{"rendered":"<p>Siente la intensa suavidad de esta acogedora manta. Utiliza esta manta como el accesorio perfecto para la guarder\u00eda o para mantener a tu peque calentito y acogedor durante los d\u00edas fr\u00edos.<\/p>","protected":false},"featured_media":8196,"comment_status":"closed","ping_status":"closed","template":"","meta":{"_acf_changed":false},"product_brand":[],"product_cat":[361,360,364,232,196,318],"product_tag":[],"class_list":{"0":"post-8194","1":"product","2":"type-product","3":"status-publish","4":"has-post-thumbnail","6":"product_cat-babyshower","7":"product_cat-cadeautips","8":"product_cat-cadeaus-vanaf-e50","9":"product_cat-petit-kolibri","10":"product_cat-slaapkleding-baby","11":"product_cat-wollen-wiegdeken-ledikantdeken","13":"first","14":"outofstock","15":"taxable","16":"shipping-taxable","17":"purchasable","18":"product-type-simple"},"acf":[],"_links":{"self":[{"href":"https:\/\/woolskins.eu\/es\/wp-json\/wp\/v2\/product\/8194","targetHints":{"allow":["GET"]}}],"collection":[{"href":"https:\/\/woolskins.eu\/es\/wp-json\/wp\/v2\/product"}],"about":[{"href":"https:\/\/woolskins.eu\/es\/wp-json\/wp\/v2\/types\/product"}],"replies":[{"embeddable":true,"href":"https:\/\/woolskins.eu\/es\/wp-json\/wp\/v2\/comments?post=8194"}],"wp:featuredmedia":[{"embeddable":true,"href":"https:\/\/woolskins.eu\/es\/wp-json\/wp\/v2\/media\/8196"}],"wp:attachment":[{"href":"https:\/\/woolskins.eu\/es\/wp-json\/wp\/v2\/media?parent=8194"}],"wp:term":[{"taxonomy":"product_brand","embeddable":true,"href":"https:\/\/woolskins.eu\/es\/wp-json\/wp\/v2\/product_brand?post=8194"},{"taxonomy":"product_cat","embeddable":true,"href":"https:\/\/woolskins.eu\/es\/wp-json\/wp\/v2\/product_cat?post=8194"},{"taxonomy":"product_tag","embeddable":true,"href":"https:\/\/woolskins.eu\/es\/wp-json\/wp\/v2\/product_tag?post=8194"}],"curies":[{"name":"wp","href":"https:\/\/api.w.org\/{rel}","templated":true}]}}