{"id":7909,"date":"2022-03-03T15:02:21","date_gmt":"2022-03-03T15:02:21","guid":{"rendered":"https:\/\/woolskins.eu\/?post_type=product&#038;p=7909"},"modified":"2024-12-05T11:12:27","modified_gmt":"2024-12-05T11:12:27","slug":"detergente-ecologico-para-lana-con-lanolina","status":"publish","type":"product","link":"https:\/\/woolskins.eu\/es\/ecologisch-wolwasmiddel-met-lanoline\/","title":{"rendered":"Detergente ecol\u00f3gico para lana con lanolina"},"content":{"rendered":"<p>Este detergente para lana limpia la ropa de lana y los tejidos delicados de forma eficaz pero suave. Tanto para el lavado a mano como para el lavado delicado en la lavadora. Se ha a\u00f1adido lanolina adicional, que restaura su producto de lana y lo hace maravillosamente suave.<\/p>\n<p>- Sin blanqueantes \u00f3pticos.<br \/>\n- 250 ml (suficiente para lavar 5 veces su piel de oveja lavable).<br \/>\n- Para lavar a m\u00e1quina y a mano hasta 40 \u00b0C.<br \/>\n&#8211; <i class=\"sui sui-leaf\"><\/i>A base de plantas, sin aceite de palma.<\/p>\n<p>\u00bfBusca un buen detergente ecol\u00f3gico para lana y seda? Entonces pruebe nuestro detergente para lana y detergente fino a base de jab\u00f3n de aceite de oliva. Lava eficazmente de forma natural y elimina las manchas incluso a bajas temperaturas. Este detergente para lana est\u00e1 formulado para limpiar eficazmente y no contiene lej\u00eda \u00f3ptica.<\/p>\n<p>La grasa natural de las prendas de lana no se ve afectada, preservando su suavidad, textura y aspecto. Este detergente ecol\u00f3gico para lana no contiene aceite de palma, potenciadores \u00f3pticos del color ni siliconas.<\/p>\n<p>Si desea lavar sus abrigos lavables (de grado m\u00e9dico, de color amarillo dorado), tambi\u00e9n puede hacerlo con este detergente.<\/p>","protected":false},"excerpt":{"rendered":"<p>\u00bfBusca un buen detergente ecol\u00f3gico para lana y seda? Entonces pruebe nuestro detergente para lana y detergente fino a base de jab\u00f3n de aceite de oliva. Lava eficazmente de forma natural y elimina las manchas, incluso a bajas temperaturas. Contenido: 250 ml.<\/p>","protected":false},"featured_media":7908,"comment_status":"closed","ping_status":"closed","template":"","meta":{"_acf_changed":false},"product_brand":[],"product_cat":[357,216,354],"product_tag":[],"class_list":{"0":"post-7909","1":"product","2":"type-product","3":"status-publish","4":"has-post-thumbnail","6":"product_cat-onderhoud","7":"product_cat-schapenvacht-voor-baby","8":"product_cat-woolskins","10":"first","11":"instock","12":"taxable","13":"shipping-taxable","14":"purchasable","15":"product-type-simple"},"acf":[],"_links":{"self":[{"href":"https:\/\/woolskins.eu\/es\/wp-json\/wp\/v2\/product\/7909","targetHints":{"allow":["GET"]}}],"collection":[{"href":"https:\/\/woolskins.eu\/es\/wp-json\/wp\/v2\/product"}],"about":[{"href":"https:\/\/woolskins.eu\/es\/wp-json\/wp\/v2\/types\/product"}],"replies":[{"embeddable":true,"href":"https:\/\/woolskins.eu\/es\/wp-json\/wp\/v2\/comments?post=7909"}],"wp:featuredmedia":[{"embeddable":true,"href":"https:\/\/woolskins.eu\/es\/wp-json\/wp\/v2\/media\/7908"}],"wp:attachment":[{"href":"https:\/\/woolskins.eu\/es\/wp-json\/wp\/v2\/media?parent=7909"}],"wp:term":[{"taxonomy":"product_brand","embeddable":true,"href":"https:\/\/woolskins.eu\/es\/wp-json\/wp\/v2\/product_brand?post=7909"},{"taxonomy":"product_cat","embeddable":true,"href":"https:\/\/woolskins.eu\/es\/wp-json\/wp\/v2\/product_cat?post=7909"},{"taxonomy":"product_tag","embeddable":true,"href":"https:\/\/woolskins.eu\/es\/wp-json\/wp\/v2\/product_tag?post=7909"}],"curies":[{"name":"wp","href":"https:\/\/api.w.org\/{rel}","templated":true}]}}