{"id":7854,"date":"2022-03-02T11:30:06","date_gmt":"2022-03-02T11:30:06","guid":{"rendered":"https:\/\/woolskins.eu\/?post_type=product&#038;p=7854"},"modified":"2025-09-30T14:01:45","modified_gmt":"2025-09-30T14:01:45","slug":"skiep-woolcare-lanolin-spray","status":"publish","type":"product","link":"https:\/\/woolskins.eu\/es\/skiep-woolcare-lanoline-spray\/","title":{"rendered":"Skiep Woolcare | Lanolin Spray"},"content":{"rendered":"<p>Spray de lanolina naturalmente inodoro de la marca holandesa Skiep Woolcare. Fabricado con ingredientes 100% org\u00e1nicos y naturales.<\/p>\n<p>Ideal para el mantenimiento de pieles de oveja y prendas de lana. Nutre, acondiciona y protege su prenda de lana favorita de forma f\u00e1cil y r\u00e1pida.<\/p>\n<p>- Contenido: 100 ml<br \/>\n- Ingredientes: agua, aceites ecol\u00f3gicos saponificados de oliva, coco y girasol, lanolina.<\/p>\n<p>La lanolina es conocida por sus propiedades nutritivas y desinfectantes. Para pieles sensibles y\/o irritadas, puede ser calmante. <span style=\"font-style: var(--fontStyle, inherit); font-weight: var(--fontWeight); letter-spacing: var(--letterSpacing); text-transform: var(--textTransform);\">Las botellas son un poco grises. Esto se debe a que est\u00e1n hechas de pl\u00e1stico reciclado.<\/span><\/p>\n<p>Uso:<\/p>\n<p>Agitar suavemente antes de usar. Roc\u00ede su prenda de lana o piel de oveja favorita reci\u00e9n lavada con Skiep Lanolin Spray. A continuaci\u00f3n, masajee suavemente las fibras con la soluci\u00f3n de lanolina y cuelgue la prenda durante un rato para que la lana absorba bien la lanolina.<\/p>\n<p>Nota: No es necesario aclarar el spray de lanolina.<\/p>\n<div id=\"jw-element-126665088\" class=\"jw-tree-node jw-element jw-text jw-node-is-first-child jw-image-text\" data-jw-element-id=\"126665088\">\n<div class=\"jw-element-imagetext-text\">\n<h5 class=\"jw-heading-100\">Skiep Woolcare<\/h5>\n<\/div>\n<\/div>\n<div id=\"jw-element-126755716\" class=\"jw-tree-node jw-element jw-text jw-node-is-last-child jw-image-text\" data-jw-element-id=\"126755716\">\n<div class=\"jw-element-imagetext-text\">\n<p>La fabricaci\u00f3n de jab\u00f3n ha sido una de mis aficiones durante a\u00f1os, nacida de mi eterna b\u00fasqueda de productos (de cuidado) naturales a los que mi piel respondiera bien. Si a eso le sumamos mi gran amor por la lana, \u00a1la idea de Skiep Woolcare estaba ah\u00ed!<\/p>\n<p>Tras muchas investigaciones y pruebas, por fin he formulado una buena receta para mi jab\u00f3n ecol\u00f3gico para lavar lana con lanolina. Gracias a su alto contenido en lanolina, el jab\u00f3n devuelve la frescura y la suavidad a la lana. Un poco m\u00e1s tarde, tambi\u00e9n desarroll\u00e9 un fino spray de lanolina org\u00e1nica. Ni que decir tiene que solo he utilizado ingredientes ecol\u00f3gicos y naturalmente puros. Espero que le entusiasme tanto como a m\u00ed.<\/p>\n<h5>\u00bfLo sab\u00edas?<\/h5>\n<p>- Nuestros jabones de lana de lanolina est\u00e1n elaborados con aceites vegetales ecol\u00f3gicos (y, por supuesto, lanolina) y no contienen aceite de palma...<br \/>\n- Hemos utilizado la cantidad m\u00e1xima de aceite esencial permitida por las normas de la UE para todos los jabones? Como resultado, la fragancia est\u00e1 bien presente, pero no es extrema.<br \/>\n- Cada jab\u00f3n tiene un aspecto diferente. Algunos tienen un aspecto ligeramente m\u00e1s \u00e1spero que otros. Esto se debe a que nuestros jabones est\u00e1n hechos a mano y tambi\u00e9n cortados a mano.<br \/>\n- A veces puede haber una \u201cneblina\u201d blanca o manchas blancas visibles en el jab\u00f3n? Esto se llama ceniza de jab\u00f3n y es una reacci\u00f3n natural entre todos los ingredientes y el ox\u00edgeno. Por lo tanto, es puramente cosm\u00e9tica y no afecta a la calidad del jab\u00f3n. Como nos gusta la naturaleza pura, hemos optado por no a\u00f1adir ninguna otra sustancia para contrarrestarla.<br \/>\n- Nuestros materiales de embalaje, etc., est\u00e1n hechos de materiales reciclados? Por ejemplo, los papeles marrones que envuelven los jabones son compostables 80%, y los frascos de los sprays de lanolina est\u00e1n hechos de pl\u00e1stico reciclado 100%.<\/p>\n<p>&nbsp;<\/p>\n<\/div>\n<\/div>","protected":false},"excerpt":{"rendered":"<p>El spray de lanolina Skiep Woolcare es ideal para el mantenimiento de pieles de oveja y prendas de lana. Nutre, acondiciona y protege su prenda de lana favorita de forma f\u00e1cil y r\u00e1pida.<\/p>","protected":false},"featured_media":7853,"comment_status":"open","ping_status":"closed","template":"","meta":{"_acf_changed":false},"product_brand":[],"product_cat":[349,200,31,352,357,216,222,356,196,210],"product_tag":[],"class_list":{"0":"post-7854","1":"product","2":"type-product","3":"status-publish","4":"has-post-thumbnail","6":"product_cat-borstvoedingenvoedingskussens","7":"product_cat-wollen-babykleding","8":"product_cat-yogamat-wol","9":"product_cat-merken","10":"product_cat-onderhoud","11":"product_cat-schapenvacht-voor-baby","12":"product_cat-buggy-schapenvachtjes","13":"product_cat-skiep-woolcare","14":"product_cat-slaapkleding-baby","15":"product_cat-wollen-voedingskussen","17":"first","18":"outofstock","19":"taxable","20":"shipping-taxable","21":"purchasable","22":"product-type-simple"},"acf":[],"_links":{"self":[{"href":"https:\/\/woolskins.eu\/es\/wp-json\/wp\/v2\/product\/7854","targetHints":{"allow":["GET"]}}],"collection":[{"href":"https:\/\/woolskins.eu\/es\/wp-json\/wp\/v2\/product"}],"about":[{"href":"https:\/\/woolskins.eu\/es\/wp-json\/wp\/v2\/types\/product"}],"replies":[{"embeddable":true,"href":"https:\/\/woolskins.eu\/es\/wp-json\/wp\/v2\/comments?post=7854"}],"wp:featuredmedia":[{"embeddable":true,"href":"https:\/\/woolskins.eu\/es\/wp-json\/wp\/v2\/media\/7853"}],"wp:attachment":[{"href":"https:\/\/woolskins.eu\/es\/wp-json\/wp\/v2\/media?parent=7854"}],"wp:term":[{"taxonomy":"product_brand","embeddable":true,"href":"https:\/\/woolskins.eu\/es\/wp-json\/wp\/v2\/product_brand?post=7854"},{"taxonomy":"product_cat","embeddable":true,"href":"https:\/\/woolskins.eu\/es\/wp-json\/wp\/v2\/product_cat?post=7854"},{"taxonomy":"product_tag","embeddable":true,"href":"https:\/\/woolskins.eu\/es\/wp-json\/wp\/v2\/product_tag?post=7854"}],"curies":[{"name":"wp","href":"https:\/\/api.w.org\/{rel}","templated":true}]}}