{"id":7299,"date":"2022-02-09T12:46:48","date_gmt":"2022-02-09T12:46:48","guid":{"rendered":"https:\/\/woolskins.eu\/?post_type=product&#038;p=7299"},"modified":"2026-05-12T09:24:38","modified_gmt":"2026-05-12T09:24:38","slug":"sombrero-cubo-piedra","status":"publish","type":"product","link":"https:\/\/woolskins.eu\/es\/bucket-hat-stone\/","title":{"rendered":"A Basic Brand - Sombrero de cubo para beb\u00e9 | Piedra"},"content":{"rendered":"<h6>Una marca para beb\u00e9s<\/h6>\n<p>Este sombrero de lona con bordes deshilachados es un aut\u00e9ntico imprescindible del verano. Disponible en 4 colores para que lo combines como quieras. La amplia gama de tallas -3 desde reci\u00e9n nacido hasta adulto- hace de este gorro otro producto A BABY BRAND a juego tanto para ni\u00f1os como para padres.<\/p>\n<p>Tallas:<\/p>\n<p>S - 0\/12m - 46 cm<br \/>\nM - 1\/4y - 53 cm<br \/>\nL - 4a\u00f1os\/adulto - 60 cm<\/p>\n<h5>Una marca para beb\u00e9s<\/h5>\n<p>Descubre un armario minimalista repleto de b\u00e1sicos pr\u00e1cticos. Combina nuestros modelos y colores unisex.  Sin logotipos, sin estampados, sin complicaciones.<\/p>\n<p>Nuestra misi\u00f3n es hacerte la vida m\u00e1s f\u00e1cil, por lo que una de las ideas principales de nuestra filosof\u00eda es la PR\u00c1CTICA. Tambi\u00e9n nos preocupamos mucho por nuestro planeta y deseamos que todo el mundo lleve una vida m\u00e1s minimalista y, por tanto, utilice menos ropa (#CONSUMEWISELY).<\/p>\n<p>Por eso, la calidad de nuestros productos es la m\u00e1s alta posible. Podr\u00e1s usarlos durante a\u00f1os y traspasarlos cuando acabes. Utilizamos tejidos de primera calidad con certificado GOTS de algod\u00f3n org\u00e1nico y STANDARD 100 de OEKO-TEX\u00ae. Todos nuestros productos se pueden lavar a m\u00e1quina y secar en secadora tantas veces como quieras. Descubrir\u00e1 que nuestro forro polar de algod\u00f3n ni siquiera necesita planchado para tener buen aspecto.<\/p>","protected":false},"excerpt":{"rendered":"<h6>Una marca para beb\u00e9s<\/h6>\n<p>Este sombrero de lona con bordes deshilachados es un aut\u00e9ntico imprescindible del verano.<\/p>","protected":false},"featured_media":7382,"comment_status":"closed","ping_status":"closed","template":"","meta":{"_acf_changed":false},"product_brand":[],"product_cat":[335,351,361,360,362,350,529,535,31],"product_tag":[372],"class_list":{"0":"post-7299","1":"product","2":"type-product","3":"status-publish","4":"has-post-thumbnail","6":"product_cat-a_baby_brand","7":"product_cat-accessoiresvoormama","8":"product_cat-babyshower","9":"product_cat-cadeautips","10":"product_cat-cadeaus-tot-e-25","11":"product_cat-fashion","12":"product_cat-katoenen-babykleertjes","13":"product_cat-katoenen-babymuts-babysjaaltjes","14":"product_cat-yogamat-wol","15":"product_tag-populair","16":"pa_maat-l","17":"pa_maat-m","18":"pa_maat-s","20":"first","21":"instock","22":"taxable","23":"shipping-taxable","24":"purchasable","25":"product-type-variable"},"acf":[],"_links":{"self":[{"href":"https:\/\/woolskins.eu\/es\/wp-json\/wp\/v2\/product\/7299","targetHints":{"allow":["GET"]}}],"collection":[{"href":"https:\/\/woolskins.eu\/es\/wp-json\/wp\/v2\/product"}],"about":[{"href":"https:\/\/woolskins.eu\/es\/wp-json\/wp\/v2\/types\/product"}],"replies":[{"embeddable":true,"href":"https:\/\/woolskins.eu\/es\/wp-json\/wp\/v2\/comments?post=7299"}],"wp:featuredmedia":[{"embeddable":true,"href":"https:\/\/woolskins.eu\/es\/wp-json\/wp\/v2\/media\/7382"}],"wp:attachment":[{"href":"https:\/\/woolskins.eu\/es\/wp-json\/wp\/v2\/media?parent=7299"}],"wp:term":[{"taxonomy":"product_brand","embeddable":true,"href":"https:\/\/woolskins.eu\/es\/wp-json\/wp\/v2\/product_brand?post=7299"},{"taxonomy":"product_cat","embeddable":true,"href":"https:\/\/woolskins.eu\/es\/wp-json\/wp\/v2\/product_cat?post=7299"},{"taxonomy":"product_tag","embeddable":true,"href":"https:\/\/woolskins.eu\/es\/wp-json\/wp\/v2\/product_tag?post=7299"}],"curies":[{"name":"wp","href":"https:\/\/api.w.org\/{rel}","templated":true}]}}