{"id":7275,"date":"2022-02-09T11:49:20","date_gmt":"2022-02-09T11:49:20","guid":{"rendered":"https:\/\/woolskins.eu\/?post_type=product&#038;p=7275"},"modified":"2025-12-12T15:05:40","modified_gmt":"2025-12-12T15:05:40","slug":"una-sudadera-marca-bebe-nude-2","status":"publish","type":"product","link":"https:\/\/woolskins.eu\/es\/a-baby-brand-sweatshirt-nude-2\/","title":{"rendered":"A Basic Brand - Sudadera beb\u00e9 | Nude"},"content":{"rendered":"<p>Una sudadera informal y holgada confeccionada con nuestro famoso forro polar de algod\u00f3n soplado. Esta mezcla de algod\u00f3n ultraconfortable tiene un tacto incre\u00edblemente suave y el interior de forro polar se convertir\u00e1 al instante en tu favorito. La sudadera de cuello redondo tiene el acabado crudo perfecto m\u00e1s minimalista, que gana car\u00e1cter con cada lavado. Para un look oversize, coge una talla m\u00e1s.<\/p>\n<p>97% algod\u00f3n 3% elastano. STANDARD 100 de OEKO-TEX<\/p>\n<p>Tallas:<\/p>\n<p>longitud total cm \/ longitud de las mangas cm \/ anchura total cm<\/p>\n<p>6m - 30 \/ 23 \/ 29<br \/>\n1j - 33 \/ 27 \/ 31<\/p>\n<h5>Una marca para beb\u00e9s<\/h5>\n<p>Descubre un armario minimalista repleto de b\u00e1sicos pr\u00e1cticos. Combina nuestros modelos y colores unisex.  Sin logotipos, sin estampados, sin complicaciones.<\/p>\n<p>Nuestra misi\u00f3n es hacerte la vida m\u00e1s f\u00e1cil, por lo que una de las ideas principales de nuestra filosof\u00eda es la PR\u00c1CTICA. Tambi\u00e9n nos preocupamos mucho por nuestro planeta y deseamos que todo el mundo lleve una vida m\u00e1s minimalista y, por tanto, utilice menos ropa (#CONSUMEWISELY).<\/p>\n<p>Por eso, la calidad de nuestros productos es la m\u00e1s alta posible. Podr\u00e1s usarlos durante a\u00f1os y traspasarlos cuando acabes. Utilizamos tejidos de primera calidad con certificado GOTS de algod\u00f3n org\u00e1nico y STANDARD 100 de OEKO-TEX\u00ae. Todos nuestros productos se pueden lavar a m\u00e1quina y secar en secadora tantas veces como quieras. Descubrir\u00e1 que nuestro forro polar de algod\u00f3n ni siquiera necesita planchado para tener buen aspecto.<\/p>","protected":false},"excerpt":{"rendered":"<p>Una sudadera informal y holgada confeccionada con nuestro famoso forro polar de algod\u00f3n soplado. Esta mezcla de algod\u00f3n ultraconfortable tiene un tacto incre\u00edblemente suave y el interior de forro polar se convertir\u00e1 al instante en tu favorito.<\/p>","protected":false},"featured_media":7347,"comment_status":"closed","ping_status":"closed","template":"","meta":{"_acf_changed":false},"product_brand":[],"product_cat":[335,360,363,529,530],"product_tag":[],"class_list":{"0":"post-7275","1":"product","2":"type-product","3":"status-publish","4":"has-post-thumbnail","6":"product_cat-a_baby_brand","7":"product_cat-cadeautips","8":"product_cat-cadeaus-e25-e50","9":"product_cat-katoenen-babykleertjes","10":"product_cat-katoenen-babyshirt","11":"pa_maat-1-jaar","12":"pa_maat-6-maanden","14":"first","15":"instock","16":"taxable","17":"shipping-taxable","18":"purchasable","19":"product-type-variable"},"acf":[],"_links":{"self":[{"href":"https:\/\/woolskins.eu\/es\/wp-json\/wp\/v2\/product\/7275","targetHints":{"allow":["GET"]}}],"collection":[{"href":"https:\/\/woolskins.eu\/es\/wp-json\/wp\/v2\/product"}],"about":[{"href":"https:\/\/woolskins.eu\/es\/wp-json\/wp\/v2\/types\/product"}],"replies":[{"embeddable":true,"href":"https:\/\/woolskins.eu\/es\/wp-json\/wp\/v2\/comments?post=7275"}],"wp:featuredmedia":[{"embeddable":true,"href":"https:\/\/woolskins.eu\/es\/wp-json\/wp\/v2\/media\/7347"}],"wp:attachment":[{"href":"https:\/\/woolskins.eu\/es\/wp-json\/wp\/v2\/media?parent=7275"}],"wp:term":[{"taxonomy":"product_brand","embeddable":true,"href":"https:\/\/woolskins.eu\/es\/wp-json\/wp\/v2\/product_brand?post=7275"},{"taxonomy":"product_cat","embeddable":true,"href":"https:\/\/woolskins.eu\/es\/wp-json\/wp\/v2\/product_cat?post=7275"},{"taxonomy":"product_tag","embeddable":true,"href":"https:\/\/woolskins.eu\/es\/wp-json\/wp\/v2\/product_tag?post=7275"}],"curies":[{"name":"wp","href":"https:\/\/api.w.org\/{rel}","templated":true}]}}