{"id":7267,"date":"2022-02-09T11:42:09","date_gmt":"2022-02-09T11:42:09","guid":{"rendered":"https:\/\/woolskins.eu\/?post_type=product&#038;p=7267"},"modified":"2026-04-11T11:05:36","modified_gmt":"2026-04-11T11:05:36","slug":"baby-suite-gris-claro","status":"publish","type":"product","link":"https:\/\/woolskins.eu\/es\/babysuite-light-grey\/","title":{"rendered":"A Basic Brand - mono beb\u00e9 | gris claro"},"content":{"rendered":"<p>Lo \u00faltimo en ba\u00f1adores con pies para beb\u00e9 para todo el d\u00eda y toda la noche. Fabricado con un fino forro polar de algod\u00f3n ultrasuave, con un tacto incre\u00edblemente suave: el tejido m\u00e1s suave posible para la piel sensible de tu beb\u00e9. Se abre completamente con peque\u00f1os botones a presi\u00f3n para un acceso r\u00e1pido y f\u00e1cil. El dise\u00f1o m\u00e1s sencillo en colores b\u00e1sicos.<\/p>\n<p>97% algod\u00f3n 3% elastano. STANDARD 100 de OEKO-TEX<\/p>\n<p>Tallas:<\/p>\n<p>entrepierna cm \/ longitud total cm \/ longitud de las mangas cm<\/p>\n<p>0m - 16 \/ 41 \/ 17<br \/>\n3m - 19 \/ 48 \/ 19<br \/>\n6m - 22 \/ 55 \/ 21<br \/>\n9m - 25 \/ 62 \/ 23<\/p>\n<h5>Una marca para beb\u00e9s<\/h5>\n<p>Descubre un armario minimalista repleto de b\u00e1sicos pr\u00e1cticos. Combina nuestros modelos y colores unisex.  Sin logotipos, sin estampados, sin complicaciones.<\/p>\n<p>Nuestra misi\u00f3n es hacerte la vida m\u00e1s f\u00e1cil, por lo que una de las ideas principales de nuestra filosof\u00eda es la PR\u00c1CTICA. Tambi\u00e9n nos preocupamos mucho por nuestro planeta y deseamos que todo el mundo lleve una vida m\u00e1s minimalista y, por tanto, utilice menos ropa (#CONSUMEWISELY).<\/p>\n<p>Por eso, la calidad de nuestros productos es la m\u00e1s alta posible. Podr\u00e1s usarlos durante a\u00f1os y traspasarlos cuando acabes. Utilizamos tejidos de primera calidad con certificado GOTS de algod\u00f3n org\u00e1nico y STANDARD 100 de OEKO-TEX\u00ae. Todos nuestros productos se pueden lavar a m\u00e1quina y secar en secadora tantas veces como quieras. Descubrir\u00e1 que nuestro forro polar de algod\u00f3n ni siquiera necesita planchado para tener buen aspecto.<\/p>","protected":false},"excerpt":{"rendered":"<p>Lo \u00faltimo en ba\u00f1adores con pies para beb\u00e9 para todo el d\u00eda y toda la noche. Fabricado con un fino forro polar de algod\u00f3n ultrasuave, con un tacto incre\u00edblemente suave: el tejido m\u00e1s suave posible para la piel sensible de tu beb\u00e9.<\/p>","protected":false},"featured_media":7167,"comment_status":"closed","ping_status":"closed","template":"","meta":{"_acf_changed":false},"product_brand":[],"product_cat":[335,361,360,363,529,534],"product_tag":[],"class_list":{"0":"post-7267","1":"product","2":"type-product","3":"status-publish","4":"has-post-thumbnail","6":"product_cat-a_baby_brand","7":"product_cat-babyshower","8":"product_cat-cadeautips","9":"product_cat-cadeaus-e25-e50","10":"product_cat-katoenen-babykleertjes","11":"product_cat-katoenen-babypak","12":"pa_maat-0-maanden","13":"pa_maat-3-maanden","14":"pa_maat-6-maanden","16":"first","17":"instock","18":"taxable","19":"shipping-taxable","20":"purchasable","21":"product-type-variable","22":"has-default-attributes"},"acf":[],"_links":{"self":[{"href":"https:\/\/woolskins.eu\/es\/wp-json\/wp\/v2\/product\/7267","targetHints":{"allow":["GET"]}}],"collection":[{"href":"https:\/\/woolskins.eu\/es\/wp-json\/wp\/v2\/product"}],"about":[{"href":"https:\/\/woolskins.eu\/es\/wp-json\/wp\/v2\/types\/product"}],"replies":[{"embeddable":true,"href":"https:\/\/woolskins.eu\/es\/wp-json\/wp\/v2\/comments?post=7267"}],"wp:featuredmedia":[{"embeddable":true,"href":"https:\/\/woolskins.eu\/es\/wp-json\/wp\/v2\/media\/7167"}],"wp:attachment":[{"href":"https:\/\/woolskins.eu\/es\/wp-json\/wp\/v2\/media?parent=7267"}],"wp:term":[{"taxonomy":"product_brand","embeddable":true,"href":"https:\/\/woolskins.eu\/es\/wp-json\/wp\/v2\/product_brand?post=7267"},{"taxonomy":"product_cat","embeddable":true,"href":"https:\/\/woolskins.eu\/es\/wp-json\/wp\/v2\/product_cat?post=7267"},{"taxonomy":"product_tag","embeddable":true,"href":"https:\/\/woolskins.eu\/es\/wp-json\/wp\/v2\/product_tag?post=7267"}],"curies":[{"name":"wp","href":"https:\/\/api.w.org\/{rel}","templated":true}]}}