{"id":7242,"date":"2022-02-04T14:31:12","date_gmt":"2022-02-04T14:31:12","guid":{"rendered":"https:\/\/woolskins.eu\/?post_type=product&#038;p=7242"},"modified":"2026-03-04T13:32:25","modified_gmt":"2026-03-04T13:32:25","slug":"cojin-cuddle-moon-beige","status":"publish","type":"product","link":"https:\/\/woolskins.eu\/es\/knuffelkussen-maan-beige\/","title":{"rendered":"Coj\u00edn Beb\u00e9 Lana Moon - Thumbled | Beige"},"content":{"rendered":"<p>Un precioso y suave coj\u00edn de lana con forma de Luna. Este bonito coj\u00edn encaja perfectamente en la moderna habitaci\u00f3n del beb\u00e9 y en la guarder\u00eda.  Combina este coj\u00edn con otros bonitos productos de lana de Woolskins.<\/p>\n<p>Tama\u00f1o: 50 x 35 cm.<\/p>\n<p>Este producto lleva las etiquetas Safe for Children y Woolmark, entre otras.<\/p>\n<h5>Etiqueta Woolskins<\/h5>\n<p>Tras a\u00f1os de fruct\u00edfera colaboraci\u00f3n con Alwero, nos enorgullece anunciar que ahora comercializamos nuestros productos con nuestra propia marca Woolskins.<\/p>\n<p>De este modo, sigue obteniendo la mejor calidad, pero combinada con los productos y dise\u00f1os m\u00e1s bonitos y exclusivos.<\/p>\n<p>La calidad de los tejidos y los colores sigue siendo la de siempre, s\u00f3lo que ahora hay una mayor variedad con la que Woolskins cree que puede distinguirse.<\/p>\n<p>Nuestra amplia colecci\u00f3n es tan parecida que son un gran complemento para cualquier conjunto de beb\u00e9, fabricados con lana europea 100% que transpira y es adecuada para todas las estaciones.<\/p>\n<p>Unimos nuestras fuerzas con entusiasmo para conseguir un producto sostenible, natural y lo m\u00e1s c\u00f3modo posible para tu beb\u00e9.<\/p>","protected":false},"excerpt":{"rendered":"<p>Los cojines decorativos de lana son una forma divertida y acogedora de alegrar la habitaci\u00f3n de los ni\u00f1os. Son suaves, c\u00e1lidos y c\u00f3modos de acurrucar. Adem\u00e1s, est\u00e1n disponibles en distintos colores y formas, para que puedas combinarlos con el estilo y la tem\u00e1tica de la habitaci\u00f3n. Combina este coj\u00edn con los dem\u00e1s bonitos productos de lana de la serie Thumbled de Woolskins. As\u00ed pues, los cojines decorativos de lana son un accesorio estupendo para la habitaci\u00f3n de los ni\u00f1os, no s\u00f3lo bonitos a la vista, \u00a1sino tambi\u00e9n divertidos para jugar!<\/p>\n<p><strong>Marca: Woolskins<\/strong><br \/>\n<strong>Producci\u00f3n: Polonia<\/strong><\/p>","protected":false},"featured_media":7236,"comment_status":"closed","ping_status":"closed","template":"","meta":{"_acf_changed":false},"product_brand":[],"product_cat":[361,360,363,196,348,194],"product_tag":[],"class_list":{"0":"post-7242","1":"product","2":"type-product","3":"status-publish","4":"has-post-thumbnail","6":"product_cat-babyshower","7":"product_cat-cadeautips","8":"product_cat-cadeaus-e25-e50","9":"product_cat-slaapkleding-baby","10":"product_cat-kussens","11":"product_cat-wollen-babyproducten","12":"pa_maat-m","13":"pa_maat-s","15":"first","16":"instock","17":"taxable","18":"shipping-taxable","19":"purchasable","20":"product-type-simple"},"acf":[],"_links":{"self":[{"href":"https:\/\/woolskins.eu\/es\/wp-json\/wp\/v2\/product\/7242","targetHints":{"allow":["GET"]}}],"collection":[{"href":"https:\/\/woolskins.eu\/es\/wp-json\/wp\/v2\/product"}],"about":[{"href":"https:\/\/woolskins.eu\/es\/wp-json\/wp\/v2\/types\/product"}],"replies":[{"embeddable":true,"href":"https:\/\/woolskins.eu\/es\/wp-json\/wp\/v2\/comments?post=7242"}],"wp:featuredmedia":[{"embeddable":true,"href":"https:\/\/woolskins.eu\/es\/wp-json\/wp\/v2\/media\/7236"}],"wp:attachment":[{"href":"https:\/\/woolskins.eu\/es\/wp-json\/wp\/v2\/media?parent=7242"}],"wp:term":[{"taxonomy":"product_brand","embeddable":true,"href":"https:\/\/woolskins.eu\/es\/wp-json\/wp\/v2\/product_brand?post=7242"},{"taxonomy":"product_cat","embeddable":true,"href":"https:\/\/woolskins.eu\/es\/wp-json\/wp\/v2\/product_cat?post=7242"},{"taxonomy":"product_tag","embeddable":true,"href":"https:\/\/woolskins.eu\/es\/wp-json\/wp\/v2\/product_tag?post=7242"}],"curies":[{"name":"wp","href":"https:\/\/api.w.org\/{rel}","templated":true}]}}