{"id":7227,"date":"2022-02-04T14:18:29","date_gmt":"2022-02-04T14:18:29","guid":{"rendered":"https:\/\/woolskins.eu\/?post_type=product&#038;p=7227"},"modified":"2025-11-17T08:04:14","modified_gmt":"2025-11-17T08:04:14","slug":"alwero-hand-warmers-thumby-dark-grey","status":"publish","type":"product","link":"https:\/\/woolskins.eu\/es\/alwero-handwarmers-thumby-donker-grijs\/","title":{"rendered":"Calentadores de lana para mujer - Thumby | Gris oscuro"},"content":{"rendered":"<p>Los calentadores de manos de lana Woolskins est\u00e1n disponibles en tres colores. No hay dedos ni pulgares en este guante, por lo que es f\u00e1cil seguir haciendo de todo mientras mantienes las manos agradables y c\u00e1lidas.<br \/>\nEstos finos guantes est\u00e1n confeccionados en lana 100% con elastina, lo que garantiza un ajuste ce\u00f1ido a la mano. Son ideales para viajar con tu beb\u00e9.<\/p>\n<p>Estos calentadores de manos proporcionan un entorno seco y c\u00f3modo que ayuda con el dolor de mu\u00f1ecas y articulaciones. Mejoran la circulaci\u00f3n, lo que reducir\u00e1 los s\u00edntomas. Ideales m\u00e1s all\u00e1 de, por ejemplo, su uso detr\u00e1s de un ordenador.<\/p>\n<p>Medidas en cent\u00edmetros:<\/p>\n<p>S: 23 x 10 cm (longitud y anchura en la mu\u00f1eca)<br \/>\nM: 24 x 11 cm (largo y ancho en la mu\u00f1eca)<br \/>\nL: 25 x 12 cm (longitud y anchura en la mu\u00f1eca)<\/p>\n<p>Lavar en ciclo de lavado para lana a 30 \u00b0C con detergente para lana.<\/p>","protected":false},"excerpt":{"rendered":"<p>Si est\u00e1s buscando un par de calentadores de lana para darte un capricho a ti mismo o a un ser querido, te recomendamos encarecidamente estos calentadores de manos de Woolskins. Estos guantes no tienen dedos ni pulgar, por lo que te resultar\u00e1 muy f\u00e1cil hacer de todo mientras mantienes las manos calientes. Estos finos guantes est\u00e1n hechos de lana 100% con elastina, por lo que se ajustan bien a la mano. Nuestros calientamanos de lana Thumby son una forma estupenda de mantener las manos calientes y c\u00f3modas durante los fr\u00edos meses de invierno. Son suaves y transpirables, lo que los hace adecuados para personas con piel sensible, y est\u00e1n disponibles en varios colores y tallas.<\/p>\n<p><strong>Marca: Woolskins<\/strong><br \/>\n<strong>Producci\u00f3n: Polonia<\/strong><\/p>","protected":false},"featured_media":17602,"comment_status":"closed","ping_status":"closed","template":"","meta":{"_acf_changed":false},"product_brand":[],"product_cat":[351,362,350,31,194],"product_tag":[],"class_list":{"0":"post-7227","1":"product","2":"type-product","3":"status-publish","4":"has-post-thumbnail","6":"product_cat-accessoiresvoormama","7":"product_cat-cadeaus-tot-e-25","8":"product_cat-fashion","9":"product_cat-yogamat-wol","10":"product_cat-wollen-babyproducten","11":"pa_maat-l","12":"pa_maat-m","13":"pa_maat-s","15":"first","16":"outofstock","17":"taxable","18":"shipping-taxable","19":"purchasable","20":"product-type-variable"},"acf":[],"_links":{"self":[{"href":"https:\/\/woolskins.eu\/es\/wp-json\/wp\/v2\/product\/7227","targetHints":{"allow":["GET"]}}],"collection":[{"href":"https:\/\/woolskins.eu\/es\/wp-json\/wp\/v2\/product"}],"about":[{"href":"https:\/\/woolskins.eu\/es\/wp-json\/wp\/v2\/types\/product"}],"replies":[{"embeddable":true,"href":"https:\/\/woolskins.eu\/es\/wp-json\/wp\/v2\/comments?post=7227"}],"wp:featuredmedia":[{"embeddable":true,"href":"https:\/\/woolskins.eu\/es\/wp-json\/wp\/v2\/media\/17602"}],"wp:attachment":[{"href":"https:\/\/woolskins.eu\/es\/wp-json\/wp\/v2\/media?parent=7227"}],"wp:term":[{"taxonomy":"product_brand","embeddable":true,"href":"https:\/\/woolskins.eu\/es\/wp-json\/wp\/v2\/product_brand?post=7227"},{"taxonomy":"product_cat","embeddable":true,"href":"https:\/\/woolskins.eu\/es\/wp-json\/wp\/v2\/product_cat?post=7227"},{"taxonomy":"product_tag","embeddable":true,"href":"https:\/\/woolskins.eu\/es\/wp-json\/wp\/v2\/product_tag?post=7227"}],"curies":[{"name":"wp","href":"https:\/\/api.w.org\/{rel}","templated":true}]}}