{"id":7190,"date":"2022-02-04T13:27:44","date_gmt":"2022-02-04T13:27:44","guid":{"rendered":"https:\/\/woolskins.eu\/?post_type=product&#038;p=7190"},"modified":"2026-04-07T19:32:11","modified_gmt":"2026-04-07T19:32:11","slug":"alwero-feeding-pillow-lammy-beige","status":"publish","type":"product","link":"https:\/\/woolskins.eu\/es\/alwero-voedingskussen-lammy-beige\/","title":{"rendered":"Coj\u00edn de lactancia de lana Thumbled-L | Beige"},"content":{"rendered":"<p>La almohada de lactancia se utiliza, por ejemplo, colocando la parte inferior entre las piernas y apoyando la cabeza en la parte superior. La parte central se coloca debajo del vientre de embarazada, para que el peso se distribuya mejor. De este modo, la almohada corporal te abraza, por as\u00ed decirlo, y tu espalda tambi\u00e9n recibe el apoyo que necesita.<\/p>\n<p>- Funda de lana.<br \/>\n- Lana virgen 100% \u2018Thumbled\u2019 con certificaci\u00f3n Woolmark.<br \/>\n- Estructura lisa, suave y compacta<br \/>\n- Relleno de ovillos de lana (lana ecol\u00f3gica 100%).<br \/>\n- Coj\u00edn interior (algod\u00f3n ecol\u00f3gico) con cremallera.<br \/>\n- Relleno natural silencioso<br \/>\n- Peso ligero (1,5 KG).<br \/>\n- Almohada de lactancia y almohada para embarazadas.<br \/>\n- Tama\u00f1o 35 x 150 cm (circunferencia central 70 cm).<br \/>\n- Funda y coj\u00edn interior lavables en ciclo de lavado de lana a 30\u00b0C.<\/p>\n<p>Este producto lleva las etiquetas Safe for Children y Woolmark, entre otras.<\/p>\n<h5>Etiqueta Woolskins<\/h5>\n<p>Tras a\u00f1os de fruct\u00edfera colaboraci\u00f3n con Alwero, nos enorgullece anunciar que ahora comercializamos nuestros productos con nuestra propia marca Woolskins.<\/p>\n<p>De este modo, sigue obteniendo la mejor calidad, pero combinada con los productos y dise\u00f1os m\u00e1s bonitos y exclusivos.<\/p>\n<p>La calidad de los tejidos y los colores sigue siendo la de siempre, s\u00f3lo que ahora hay una mayor variedad con la que Woolskins cree que puede distinguirse.<\/p>\n<p>Nuestra amplia colecci\u00f3n es tan parecida que son un gran complemento para cualquier conjunto de beb\u00e9, fabricados con lana europea 100% que transpira y es adecuada para todas las estaciones.<\/p>\n<p>Unimos nuestras fuerzas con entusiasmo para conseguir un producto sostenible, natural y lo m\u00e1s c\u00f3modo posible para su hijo.<\/p>","protected":false},"excerpt":{"rendered":"<p>Esta almohada de lana es extremadamente c\u00f3moda y relajante para tu beb\u00e9 mientras se alimenta, ya que es silenciosa y se adapta instant\u00e1neamente a su temperatura corporal. Sujeta tu cuerpo mientras duermes y te asegura un sue\u00f1o reparador para que te levantes descansada por la ma\u00f1ana.<\/p>\n<p>Como la almohada y el relleno son de lana, la almohada respira y es hipoalerg\u00e9nica. Las fibras de lana tienen la capacidad de actuar como un termostato natural que regula la temperatura corporal? Esto garantiza una temperatura estable y os mantiene a ti y a tu beb\u00e9 secos y c\u00f3modos.<\/p>\n<p>El exclusivo relleno de bolas de lana ecol\u00f3gica es un buen apoyo para su cuerpo y el de su hijo, y como el relleno no hace ning\u00fan ruido (a diferencia, por ejemplo, del relleno de pozos), puede dar de comer a su hijo sin molestarle y as\u00ed disfrutar el uno del otro sin parar. La lana se limpia y lava con detergentes biodegradables y, gracias a la lanolina presente de forma natural, la lana est\u00e1 libre de polvo y es, por tanto, antial\u00e9rgica.<\/p>\n<p><strong>Marca: Woolskins<\/strong><br \/>\n<strong>Producci\u00f3n: Polonia<\/strong><\/p>","protected":false},"featured_media":7193,"comment_status":"closed","ping_status":"closed","template":"","meta":{"_acf_changed":false},"product_brand":[],"product_cat":[349,364,31,210,194],"product_tag":[],"class_list":{"0":"post-7190","1":"product","2":"type-product","3":"status-publish","4":"has-post-thumbnail","6":"product_cat-borstvoedingenvoedingskussens","7":"product_cat-cadeaus-vanaf-e50","8":"product_cat-yogamat-wol","9":"product_cat-wollen-voedingskussen","10":"product_cat-wollen-babyproducten","12":"first","13":"instock","14":"taxable","15":"shipping-taxable","16":"purchasable","17":"product-type-simple"},"acf":[],"_links":{"self":[{"href":"https:\/\/woolskins.eu\/es\/wp-json\/wp\/v2\/product\/7190","targetHints":{"allow":["GET"]}}],"collection":[{"href":"https:\/\/woolskins.eu\/es\/wp-json\/wp\/v2\/product"}],"about":[{"href":"https:\/\/woolskins.eu\/es\/wp-json\/wp\/v2\/types\/product"}],"replies":[{"embeddable":true,"href":"https:\/\/woolskins.eu\/es\/wp-json\/wp\/v2\/comments?post=7190"}],"wp:featuredmedia":[{"embeddable":true,"href":"https:\/\/woolskins.eu\/es\/wp-json\/wp\/v2\/media\/7193"}],"wp:attachment":[{"href":"https:\/\/woolskins.eu\/es\/wp-json\/wp\/v2\/media?parent=7190"}],"wp:term":[{"taxonomy":"product_brand","embeddable":true,"href":"https:\/\/woolskins.eu\/es\/wp-json\/wp\/v2\/product_brand?post=7190"},{"taxonomy":"product_cat","embeddable":true,"href":"https:\/\/woolskins.eu\/es\/wp-json\/wp\/v2\/product_cat?post=7190"},{"taxonomy":"product_tag","embeddable":true,"href":"https:\/\/woolskins.eu\/es\/wp-json\/wp\/v2\/product_tag?post=7190"}],"curies":[{"name":"wp","href":"https:\/\/api.w.org\/{rel}","templated":true}]}}