{"id":7093,"date":"2022-01-31T11:06:17","date_gmt":"2022-01-31T11:06:17","guid":{"rendered":"https:\/\/woolskins.eu\/?post_type=product&#038;p=7093"},"modified":"2025-11-21T10:36:57","modified_gmt":"2025-11-21T10:36:57","slug":"manta-de-peluche-con-cuerda-para-chupete-beige-2","status":"publish","type":"product","link":"https:\/\/woolskins.eu\/es\/knuffeldoekje-met-speenkoord-beige-2\/","title":{"rendered":"Manta de peluche con cord\u00f3n para chupete | Beige"},"content":{"rendered":"<p>Manta de peluche Woolskins con cord\u00f3n para el chupete. Ideal para que tu beb\u00e9 la abrace y juegue con ella por el simp\u00e1tico sonido que hace el relleno crepitante. La manta de peluche est\u00e1 hecha de lana 100% y tiene, por ejemplo, las etiquetas \u2018Woolmark\u2019 y \u2018Safe for children\u2019. El cord\u00f3n para el chupete es pr\u00e1ctico para tener a mano el chupete del beb\u00e9 y evitar que se pierda.<\/p>\n<p>- Lana virgen 100%, etiqueta Woolmark.<br \/>\n- Las dimensiones son 18\u00d725 cm.<br \/>\n- Tetina exclusiva<\/p>\n<p>El cord\u00f3n permite fijar f\u00e1cilmente la tela de lana para chupetes a cualquier tipo de chupete.<\/p>","protected":false},"excerpt":{"rendered":"<p>Woolskins ofrece una preciosa manta de peluche de lana con cord\u00f3n para el chupete. Esta suave y c\u00f3moda tela es perfecta para que tu peque\u00f1o se acurruque y juegue con ella. Est\u00e1 hecha de lana de alta calidad y disponible en beige y gris.<\/p>\n<p>Es ideal para que tu beb\u00e9 la abrace y juegue con ella por el simp\u00e1tico sonido que hace el relleno al crepitar. La manta de peluche est\u00e1 hecha de lana 100% y lleva las etiquetas \u2018Woolmark\u2019 y \u2018Safe for children\u2019, por ejemplo.<\/p>\n<p>Woolskins es especialista en productos ecol\u00f3gicos de piel de cordero y lana. Todos los productos se fabrican con materiales de alta calidad y se dise\u00f1an pensando en la comodidad y la durabilidad. Esta manta de peluche con cord\u00f3n para el chupete es, por tanto, una elecci\u00f3n responsable para los padres que buscan calidad y estilo.<\/p>\n<p><strong>Marca: Woolskins<\/strong><br \/>\n<strong>Producci\u00f3n: Polonia<\/strong><\/p>","protected":false},"featured_media":5424,"comment_status":"closed","ping_status":"closed","template":"","meta":{"_acf_changed":false},"product_brand":[],"product_cat":[345,361,360,362,200,196,346,348,194],"product_tag":[],"class_list":{"0":"post-7093","1":"product","2":"type-product","3":"status-publish","4":"has-post-thumbnail","6":"product_cat-accessoires","7":"product_cat-babyshower","8":"product_cat-cadeautips","9":"product_cat-cadeaus-tot-e-25","10":"product_cat-wollen-babykleding","11":"product_cat-slaapkleding-baby","12":"product_cat-mutsjesensjaaltjes","13":"product_cat-kussens","14":"product_cat-wollen-babyproducten","16":"first","17":"instock","18":"taxable","19":"shipping-taxable","20":"purchasable","21":"product-type-simple"},"acf":[],"_links":{"self":[{"href":"https:\/\/woolskins.eu\/es\/wp-json\/wp\/v2\/product\/7093","targetHints":{"allow":["GET"]}}],"collection":[{"href":"https:\/\/woolskins.eu\/es\/wp-json\/wp\/v2\/product"}],"about":[{"href":"https:\/\/woolskins.eu\/es\/wp-json\/wp\/v2\/types\/product"}],"replies":[{"embeddable":true,"href":"https:\/\/woolskins.eu\/es\/wp-json\/wp\/v2\/comments?post=7093"}],"wp:featuredmedia":[{"embeddable":true,"href":"https:\/\/woolskins.eu\/es\/wp-json\/wp\/v2\/media\/5424"}],"wp:attachment":[{"href":"https:\/\/woolskins.eu\/es\/wp-json\/wp\/v2\/media?parent=7093"}],"wp:term":[{"taxonomy":"product_brand","embeddable":true,"href":"https:\/\/woolskins.eu\/es\/wp-json\/wp\/v2\/product_brand?post=7093"},{"taxonomy":"product_cat","embeddable":true,"href":"https:\/\/woolskins.eu\/es\/wp-json\/wp\/v2\/product_cat?post=7093"},{"taxonomy":"product_tag","embeddable":true,"href":"https:\/\/woolskins.eu\/es\/wp-json\/wp\/v2\/product_tag?post=7093"}],"curies":[{"name":"wp","href":"https:\/\/api.w.org\/{rel}","templated":true}]}}