{"id":7018,"date":"2022-01-27T15:18:01","date_gmt":"2022-01-27T15:18:01","guid":{"rendered":"https:\/\/woolskins.eu\/?post_type=product&#038;p=7018"},"modified":"2026-02-18T13:40:53","modified_gmt":"2026-02-18T13:40:53","slug":"alwero-wrap-blanket-lammy-camel","status":"publish","type":"product","link":"https:\/\/woolskins.eu\/es\/alwero-wikkeldeken-lammy-camel\/","title":{"rendered":"Manta Wrap de lana \/ Manta con capucha para beb\u00e9 - Thumbled | Camel"},"content":{"rendered":"<p>Las fibras de lana respiran y tienen la capacidad de actuar como un termostato natural que regula la temperatura corporal? Esto ayuda al beb\u00e9 a mantener una temperatura estable y lo mantiene seco y c\u00f3modo. Lo hace de forma \u2018din\u00e1mica\u2019, es decir, cuando es necesario y no cuando no lo es. Caliente en invierno y fresco en verano.<\/p>\n<p>- Lana virgen 100% (Tumbled) con certificaci\u00f3n Woolmark.<br \/>\n- Para casa y para llevar.<br \/>\n- Tama\u00f1o: 80 x 80 cm.<br \/>\n- Producci\u00f3n europea.<br \/>\n- Lavable en ciclo de lavado de lana a 30 \u00b0C.<br \/>\n- Disponible exclusivamente en Woolskins.<\/p>\n<p>Los productos de lana desmenuzada se caracterizan por sus fibras de lana sueltas. Para minimizar la esponjosidad, lo mejor es dar palmaditas al producto por fuera antes de usarlo.<\/p>\n<p>Este producto lleva las etiquetas Safe for Children y Woolmark, entre otras.<\/p>\n<h5>Etiqueta Woolskins<\/h5>\n<p>Tras a\u00f1os de fruct\u00edfera colaboraci\u00f3n con Alwero, nos enorgullece anunciar que ahora comercializamos nuestros productos con nuestra propia marca Woolskins.<\/p>\n<p>De este modo, sigue obteniendo la mejor calidad, pero combinada con los productos y dise\u00f1os m\u00e1s bonitos y exclusivos.<\/p>\n<p>La calidad de los tejidos y los colores sigue siendo la de siempre, s\u00f3lo que ahora hay una mayor variedad con la que Woolskins cree que puede distinguirse.<\/p>\n<p>Nuestra amplia colecci\u00f3n es tan parecida que son un gran complemento para cualquier conjunto de beb\u00e9, fabricados con lana europea 100% que transpira y es adecuada para todas las estaciones.<\/p>\n<p>Unimos nuestras fuerzas con entusiasmo para conseguir un producto sostenible, natural y lo m\u00e1s c\u00f3modo posible para tu beb\u00e9.<\/p>","protected":false},"excerpt":{"rendered":"<p>Tu beb\u00e9 dormir\u00e1 y so\u00f1ar\u00e1 en esta c\u00f3moda manta de lana con capucha de nuestra colecci\u00f3n \u2018Thumbled\u2019. Esta manta de lana con capucha cae suavemente y es muy suave. Tienen un aspecto precioso y lujoso y son extremadamente c\u00f3modas. La manta envolvente est\u00e1 hecha de lana 100% y toma inmediatamente la temperatura de su hijo. Tambi\u00e9n es ideal para envolver o dar de comer c\u00f3modamente a su hijo. Puede llev\u00e1rsela f\u00e1cilmente de viaje para mantener a su hijo a la temperatura adecuada. La manta es adecuada para todas las estaciones y un regalo perfecto para un baby shower o una visita de maternidad.<\/p>\n<p><strong>Marca: Woolskins<\/strong><br \/>\n<strong>Producci\u00f3n: Polonia<\/strong><\/p>","protected":false},"featured_media":17486,"comment_status":"closed","ping_status":"closed","template":"","meta":{"_acf_changed":false},"product_brand":[],"product_cat":[361,360,363,364,196,321,194],"product_tag":[],"class_list":{"0":"post-7018","1":"product","2":"type-product","3":"status-publish","4":"has-post-thumbnail","6":"product_cat-babyshower","7":"product_cat-cadeautips","8":"product_cat-cadeaus-e25-e50","9":"product_cat-cadeaus-vanaf-e50","10":"product_cat-slaapkleding-baby","11":"product_cat-wikkeldekens","12":"product_cat-wollen-babyproducten","14":"first","15":"instock","16":"taxable","17":"shipping-taxable","18":"purchasable","19":"product-type-simple"},"acf":[],"_links":{"self":[{"href":"https:\/\/woolskins.eu\/es\/wp-json\/wp\/v2\/product\/7018","targetHints":{"allow":["GET"]}}],"collection":[{"href":"https:\/\/woolskins.eu\/es\/wp-json\/wp\/v2\/product"}],"about":[{"href":"https:\/\/woolskins.eu\/es\/wp-json\/wp\/v2\/types\/product"}],"replies":[{"embeddable":true,"href":"https:\/\/woolskins.eu\/es\/wp-json\/wp\/v2\/comments?post=7018"}],"wp:featuredmedia":[{"embeddable":true,"href":"https:\/\/woolskins.eu\/es\/wp-json\/wp\/v2\/media\/17486"}],"wp:attachment":[{"href":"https:\/\/woolskins.eu\/es\/wp-json\/wp\/v2\/media?parent=7018"}],"wp:term":[{"taxonomy":"product_brand","embeddable":true,"href":"https:\/\/woolskins.eu\/es\/wp-json\/wp\/v2\/product_brand?post=7018"},{"taxonomy":"product_cat","embeddable":true,"href":"https:\/\/woolskins.eu\/es\/wp-json\/wp\/v2\/product_cat?post=7018"},{"taxonomy":"product_tag","embeddable":true,"href":"https:\/\/woolskins.eu\/es\/wp-json\/wp\/v2\/product_tag?post=7018"}],"curies":[{"name":"wp","href":"https:\/\/api.w.org\/{rel}","templated":true}]}}