{"id":6951,"date":"2022-01-24T13:26:20","date_gmt":"2022-01-24T13:26:20","guid":{"rendered":"https:\/\/woolskins.eu\/?post_type=product&#038;p=6951"},"modified":"2026-04-16T11:34:11","modified_gmt":"2026-04-16T11:34:11","slug":"woolskins-bodywarmer-essential-gris","status":"publish","type":"product","link":"https:\/\/woolskins.eu\/es\/woolskins-bodywarmer-essential-grijs\/","title":{"rendered":"Chaleco de lana para beb\u00e9 y ni\u00f1o | Fieltro gris claro"},"content":{"rendered":"<div id=\"product-6939\" class=\"product type-product post-6939 status-publish first instock product_cat-alwero product_cat-alwero-bodywarmer product_cat-babyshower product_cat-best-verkocht product_cat-cadeaus-e25-e50 product_cat-cadeautips product_cat-vestjes product_cat-kleertjes product_cat-wollen-babykleding product_tag-alwero-bodywarmer product_tag-alwero-bodywarmer-baby product_tag-alwero-bodywarmer-kind product_tag-alwero-bodywarmer-wol product_tag-alwero-gilet product_tag-wollen-kinderbodywarmer product_tag-woolskins-wollen-kinderbodywarmer has-post-thumbnail taxable shipping-taxable purchasable product-type-variable ct-ajax-add-to-cart thumbs-bottom sticky-summary ct-default-gallery\">\n<div class=\"woocommerce-tabs wc-tabs-wrapper\" data-type=\"type-1:center\">\n<article>\n<div id=\"tab-description\" class=\"woocommerce-Tabs-panel woocommerce-Tabs-panel--description panel entry-content wc-tab\" role=\"tabpanel\" aria-labelledby=\"tab-title-description\">\n<p>Este producto lleva las etiquetas Safe for Children y Woolmark, entre otras. Este c\u00e1rdigan suele llevarse como prenda de abrigo, tenlo en cuenta a la hora de elegir la talla adecuada.<\/p>\n<p>- Lana virgen 100%, etiqueta Woolmark.<br \/>\n- Muy c\u00e1lido para estar en casa o de viaje.<br \/>\n- Diferentes colores disponibles.<br \/>\n- NOTA: Para saber cu\u00e1l es la talla correcta, consulte \u2018Tallas en cent\u00edmetros\u2019.<\/p>\n<h5>Etiqueta Woolskins<\/h5>\n<p>Tras a\u00f1os de fruct\u00edfera colaboraci\u00f3n con Alwero, nos enorgullece anunciar que ahora comercializamos nuestros productos con nuestra propia marca Woolskins.<\/p>\n<p>De este modo, sigue obteniendo la mejor calidad, pero combinada con los productos y dise\u00f1os m\u00e1s bonitos y exclusivos.<\/p>\n<p>La calidad de los tejidos y los colores sigue siendo la de siempre, s\u00f3lo que ahora hay una mayor variedad con la que Woolskins cree que puede distinguirse.<\/p>\n<p>Nuestra amplia colecci\u00f3n es tan parecida que son un gran complemento para cualquier conjunto de beb\u00e9, fabricados con lana europea 100% que transpira y es adecuada para todas las estaciones.<\/p>\n<p>Unimos nuestras fuerzas con entusiasmo para conseguir un producto sostenible, natural y lo m\u00e1s c\u00f3modo posible para tu beb\u00e9.<\/p>\n<h5 class=\"Text1893342656__root Text1893342656---typography-11-runningText Text1893342656---priority-7-primary s8gg2 _2UIKs InfoSectionTitle3095652555__root\" aria-hidden=\"false\" data-hook=\"info-section-title\">Medidas en cent\u00edmetros:<\/h5>\n<div class=\"_2tV5m fggS- cell\">Talla: 50\/56 Largo: 27,5 cm Ancho: 22 cm (en la axila)<br \/>\nTalla: 62\/60 Longitud: 28,5 cm Anchura: 25 cm<br \/>\nTalla: 74\/80 Longitud: 29,5 cm Anchura: 28 cm<br \/>\nTalla: 80\/86 Longitud: 31 cm Anchura: 32 cm<br \/>\nTalla: 92\/98 Longitud: 33,5 cm Anchura: 35 cm<br \/>\nTalla: 104\/110 Longitud: 39,5 cm Anchura: 37 cm<\/div>\n<\/div>\n<\/article>\n<\/div>\n<\/div>","protected":false},"excerpt":{"rendered":"<p>Este moderno chaleco es muy c\u00e1lido y c\u00f3modo.  Ll\u00e9valo por encima de un jersey o una chaqueta, siempre queda bien y est\u00e1 muy de moda. Este chaleco tiene todas las cualidades de la lana 100% Eco. Esto significa que tu hijo estar\u00e1 calentito y c\u00f3modo en los d\u00edas m\u00e1s fr\u00edos. Este c\u00e1rdigan es bonito para combinar con toda nuestra colecci\u00f3n Woolskins. El chaleco Woolskins tiene un bonito acabado con puntada de manta y bot\u00f3n de madera.<\/p>\n<p>ATENCI\u00d3N: Los c\u00e1rdigans son peque\u00f1os. Para saber cu\u00e1l es la talla correcta, consulta \u2018Tallas en cent\u00edmetros\u2019 en la descripci\u00f3n.<\/p>\n<p><strong>Marca: Woolskins<\/strong><br \/>\n<strong>Producci\u00f3n: Polonia<\/strong><\/p>","protected":false},"featured_media":9617,"comment_status":"closed","ping_status":"closed","template":"","meta":{"_acf_changed":false},"product_brand":[],"product_cat":[361,360,363,200,337,413,344,194],"product_tag":[424,451,452,450,421,484,486],"class_list":{"0":"post-6951","1":"product","2":"type-product","3":"status-publish","4":"has-post-thumbnail","6":"product_cat-babyshower","7":"product_cat-cadeautips","8":"product_cat-cadeaus-e25-e50","9":"product_cat-wollen-babykleding","10":"product_cat-vestjes","11":"product_cat-alwero-bodywarmer","12":"product_cat-kleertjes","13":"product_cat-wollen-babyproducten","14":"product_tag-alwero-bodywarmer","15":"product_tag-alwero-bodywarmer-baby","16":"product_tag-alwero-bodywarmer-kind","17":"product_tag-alwero-gilet","18":"product_tag-wollen-bodywarmer","19":"product_tag-wollen-kinderbodywarmer","20":"product_tag-woolskins-wollen-bodywarmer","21":"pa_maat-104-110","22":"pa_maat-50-56","23":"pa_maat-62-68","24":"pa_maat-74-80","25":"pa_maat-80-86","26":"pa_maat-92-98","28":"first","29":"instock","30":"sale","31":"taxable","32":"shipping-taxable","33":"purchasable","34":"product-type-variable"},"acf":[],"_links":{"self":[{"href":"https:\/\/woolskins.eu\/es\/wp-json\/wp\/v2\/product\/6951","targetHints":{"allow":["GET"]}}],"collection":[{"href":"https:\/\/woolskins.eu\/es\/wp-json\/wp\/v2\/product"}],"about":[{"href":"https:\/\/woolskins.eu\/es\/wp-json\/wp\/v2\/types\/product"}],"replies":[{"embeddable":true,"href":"https:\/\/woolskins.eu\/es\/wp-json\/wp\/v2\/comments?post=6951"}],"wp:featuredmedia":[{"embeddable":true,"href":"https:\/\/woolskins.eu\/es\/wp-json\/wp\/v2\/media\/9617"}],"wp:attachment":[{"href":"https:\/\/woolskins.eu\/es\/wp-json\/wp\/v2\/media?parent=6951"}],"wp:term":[{"taxonomy":"product_brand","embeddable":true,"href":"https:\/\/woolskins.eu\/es\/wp-json\/wp\/v2\/product_brand?post=6951"},{"taxonomy":"product_cat","embeddable":true,"href":"https:\/\/woolskins.eu\/es\/wp-json\/wp\/v2\/product_cat?post=6951"},{"taxonomy":"product_tag","embeddable":true,"href":"https:\/\/woolskins.eu\/es\/wp-json\/wp\/v2\/product_tag?post=6951"}],"curies":[{"name":"wp","href":"https:\/\/api.w.org\/{rel}","templated":true}]}}