{"id":6932,"date":"2022-01-24T12:58:15","date_gmt":"2022-01-24T12:58:15","guid":{"rendered":"https:\/\/woolskins.eu\/?post_type=product&#038;p=6932"},"modified":"2026-04-17T11:19:46","modified_gmt":"2026-04-17T11:19:46","slug":"alwero-bodywarmer-lammy-camel","status":"publish","type":"product","link":"https:\/\/woolskins.eu\/es\/alwero-bodywarmer-lammy-camel\/","title":{"rendered":"Chaleco de lana para beb\u00e9 y ni\u00f1o | Camel Thumbled - Woolskins"},"content":{"rendered":"<p>Este producto lleva las etiquetas Safe for Children y Woolmark, entre otras. Este c\u00e1rdigan suele llevarse como prenda de abrigo, tenlo en cuenta a la hora de elegir la talla adecuada.<\/p>\n<p>- Lana virgen 100%, etiqueta Woolmark.<br \/>\n- Muy c\u00e1lido para estar en casa o de viaje.<br \/>\n- Diferentes colores disponibles.<br \/>\n- NOTA: Para saber cu\u00e1l es la talla correcta, consulte \u2018Tallas en cent\u00edmetros\u2019.<\/p>\n<h5>Etiqueta Woolskins<\/h5>\n<p>Tras a\u00f1os de fruct\u00edfera colaboraci\u00f3n con Alwero, nos enorgullece anunciar que ahora comercializamos nuestros productos con nuestra propia marca Woolskins.<\/p>\n<p>De este modo, sigue obteniendo la mejor calidad, pero combinada con los productos y dise\u00f1os m\u00e1s bonitos y exclusivos.<\/p>\n<p>La calidad de los tejidos y los colores sigue siendo la de siempre, s\u00f3lo que ahora hay una mayor variedad con la que Woolskins cree que puede distinguirse.<\/p>\n<p>Nuestra amplia colecci\u00f3n es tan parecida que son un gran complemento para cualquier conjunto de beb\u00e9, fabricados con lana europea 100% que transpira y es adecuada para todas las estaciones.<\/p>\n<p>Unimos nuestras fuerzas con entusiasmo para conseguir un producto sostenible, natural y lo m\u00e1s c\u00f3modo posible para tu beb\u00e9.<\/p>\n<h5 class=\"Text1893342656__root Text1893342656---typography-11-runningText Text1893342656---priority-7-primary s8gg2 _2UIKs InfoSectionTitle3095652555__root\" aria-hidden=\"false\" data-hook=\"info-section-title\">Medidas en cent\u00edmetros:<\/h5>\n<div class=\"_2tV5m fggS- cell\">Talla: 50\/56 Largo: 27,5 cm Ancho: 22 cm (en la axila)<br \/>\nTalla: 62\/60 Longitud: 28,5 cm Anchura: 25 cm<br \/>\nTalla: 74\/80 Longitud: 29,5 cm Anchura: 28 cm<br \/>\nTalla: 80\/86 Longitud: 31 cm Anchura: 32 cm<br \/>\nTalla: 92\/98 Longitud: 33,5 cm Anchura: 35 cm<br \/>\nTalla: 104\/110 Longitud: 39,5 cm Anchura: 37 cm<\/div>\n<p>&nbsp;<\/p>","protected":false},"excerpt":{"rendered":"<p>Este moderno chaleco es muy c\u00e1lido y c\u00f3modo.  Ll\u00e9valo por encima de un jersey o una chaqueta, siempre queda bien y est\u00e1 muy de moda. Este chaleco tiene todas las cualidades de la lana 100% Eco. Esto significa que tu hijo estar\u00e1 calentito y c\u00f3modo en los d\u00edas m\u00e1s fr\u00edos. Este c\u00e1rdigan es bonito para combinar con toda nuestra colecci\u00f3n Woolskins. El chaleco Woolskins tiene un bonito acabado con puntada de manta y bot\u00f3n de madera.<\/p>\n<p>ATENCI\u00d3N: Los c\u00e1rdigans son peque\u00f1os. Para saber cu\u00e1l es la talla correcta, consulta \u2018Tallas en cent\u00edmetros\u2019 en la descripci\u00f3n.<\/p>\n<p><strong>Marca: Woolskins<\/strong><br \/>\n<strong>Producci\u00f3n: Polonia<\/strong><\/p>","protected":false},"featured_media":17462,"comment_status":"closed","ping_status":"closed","template":"","meta":{"_acf_changed":false},"product_brand":[],"product_cat":[361,360,363,200,337,413,344,194],"product_tag":[],"class_list":{"0":"post-6932","1":"product","2":"type-product","3":"status-publish","4":"has-post-thumbnail","6":"product_cat-babyshower","7":"product_cat-cadeautips","8":"product_cat-cadeaus-e25-e50","9":"product_cat-wollen-babykleding","10":"product_cat-vestjes","11":"product_cat-alwero-bodywarmer","12":"product_cat-kleertjes","13":"product_cat-wollen-babyproducten","14":"pa_maat-104-110","15":"pa_maat-44-prematuur","16":"pa_maat-50-56","17":"pa_maat-62-68","18":"pa_maat-74-80","19":"pa_maat-80-86","20":"pa_maat-92-98","22":"first","23":"instock","24":"taxable","25":"shipping-taxable","26":"purchasable","27":"product-type-variable"},"acf":[],"_links":{"self":[{"href":"https:\/\/woolskins.eu\/es\/wp-json\/wp\/v2\/product\/6932","targetHints":{"allow":["GET"]}}],"collection":[{"href":"https:\/\/woolskins.eu\/es\/wp-json\/wp\/v2\/product"}],"about":[{"href":"https:\/\/woolskins.eu\/es\/wp-json\/wp\/v2\/types\/product"}],"replies":[{"embeddable":true,"href":"https:\/\/woolskins.eu\/es\/wp-json\/wp\/v2\/comments?post=6932"}],"wp:featuredmedia":[{"embeddable":true,"href":"https:\/\/woolskins.eu\/es\/wp-json\/wp\/v2\/media\/17462"}],"wp:attachment":[{"href":"https:\/\/woolskins.eu\/es\/wp-json\/wp\/v2\/media?parent=6932"}],"wp:term":[{"taxonomy":"product_brand","embeddable":true,"href":"https:\/\/woolskins.eu\/es\/wp-json\/wp\/v2\/product_brand?post=6932"},{"taxonomy":"product_cat","embeddable":true,"href":"https:\/\/woolskins.eu\/es\/wp-json\/wp\/v2\/product_cat?post=6932"},{"taxonomy":"product_tag","embeddable":true,"href":"https:\/\/woolskins.eu\/es\/wp-json\/wp\/v2\/product_tag?post=6932"}],"curies":[{"name":"wp","href":"https:\/\/api.w.org\/{rel}","templated":true}]}}