{"id":6888,"date":"2022-01-17T14:18:25","date_gmt":"2022-01-17T14:18:25","guid":{"rendered":"https:\/\/woolskins.eu\/?post_type=product&#038;p=6888"},"modified":"2026-05-14T12:28:50","modified_gmt":"2026-05-14T12:28:50","slug":"alwero-wrap-blanket-essential-beige-2","status":"publish","type":"product","link":"https:\/\/woolskins.eu\/es\/alwero-wikkeldeken-essential-beige-2\/","title":{"rendered":"Wollen Wikkeldeken voor Baby | Wingy Felted beige \/ donkere stiksel"},"content":{"rendered":"<p>Como la talla est\u00e1ndar es un poco m\u00e1s grande y menos adecuada para el maxi-cosi y la silla de coche, hemos hecho fabricar una versi\u00f3n m\u00e1s peque\u00f1a que se adapta mejor a los ni\u00f1os m\u00e1s peque\u00f1os y encaja mejor en el maxi-cosi y la silla de coche. Por supuesto, la mini tambi\u00e9n cabe en el cochecito igual que la talla original.<\/p>\n<p>La lana respira y toma instant\u00e1neamente la temperatura de tu beb\u00e9. C\u00e1lido en invierno y fresco en verano. Pr\u00e1ctico tanto en casa como en el maxi-cosi o el cochecito.<\/p>\n<p>- Lana virgen 100% con certificaci\u00f3n Woolmark.<br \/>\n- Disponible exclusivamente en Woolskins.<br \/>\n- Para casa y para llevar.<br \/>\n- Aberturas para las correas de seguridad (5 puntos).<br \/>\n- Tama\u00f1o: largo 80 cm x ancho 50 cm - Mini: largo 75 cm x 40 cm<br \/>\n- Lavable en ciclo de lavado de lana a 30\u00b0C.<\/p>\n<p>Las fibras de lana respiran y tienen la capacidad de actuar como un termostato natural que regula la temperatura corporal? Esto ayuda al beb\u00e9 a mantener una temperatura estable y lo mantiene seco y c\u00f3modo. Lo hace de forma \u2018din\u00e1mica\u2019, es decir, cuando es necesario y no cuando no lo es. Caliente en invierno y fresco en verano.<\/p>\n<p>Este producto lleva las etiquetas Safe for Children y Woolmark, entre otras.<\/p>\n<h5>Etiqueta Woolskins<\/h5>\n<p>Tras a\u00f1os de fruct\u00edfera colaboraci\u00f3n con Alwero, nos enorgullece anunciar que ahora comercializamos nuestros productos con nuestra propia marca Woolskins.<\/p>\n<p>De este modo, sigue obteniendo la mejor calidad, pero combinada con los productos y dise\u00f1os m\u00e1s bonitos y exclusivos.<\/p>\n<p>La calidad de los tejidos y los colores sigue siendo la de siempre, s\u00f3lo que ahora hay una mayor variedad con la que Woolskins cree que puede distinguirse.<\/p>\n<p>Nuestra amplia colecci\u00f3n es tan parecida que son un gran complemento para cualquier conjunto de beb\u00e9, fabricados con lana europea 100% que transpira y es adecuada para todas las estaciones.<\/p>\n<p>Unimos nuestras fuerzas con entusiasmo para conseguir un producto sostenible, natural y lo m\u00e1s c\u00f3modo posible para su hijo.<\/p>","protected":false},"excerpt":{"rendered":"<div class=\"woocommerce-product-details__short-description\">\n<p>Je kindje zal heerlijk slapen en wegdromen in deze comfortabele wollen wikkeldeken Wingy uit onze \u2018Thumbled\u2019 collectie. Deze wikkeldeken valt soepel en is zeer zacht. Ze hebben een mooie en luxe uitstraling en zijn uiterst comfortabel. De wikkeldeken is van 100% wol en neemt direct de temperatuur van je kindje aan en kan voor elk seizoen gebruikt worden. Dankzij de openingen voor de veiligheidsriempjes (5-punts) past deze goed in de kinderwagen en neem je kindje warm en comfortabel mee naar buiten. Speciaal voor de allekleinste hebben we ook een kleinere variant (mini) die goed aansluit en perfect past in de maxi-cosi.<\/p>\n<div class=\"woocommerce-product-details__short-description\">\n<p><strong>Merk: Woolskins<\/strong><br \/>\n<strong>Productie: Polen<\/strong><\/p>\n<\/div>\n<\/div>\n<form class=\"variations_form cart\" style=\"box-sizing: border-box; border-top: 1px solid var(--border-color); border-right: none; border-bottom: none; border-left: none; border-image: initial; font-size: 15px; text-align: start; line-height: inherit; color: #3f4245; font-family: -apple-system, BlinkMacSystemFont, 'Segoe UI', Roboto, Helvetica, Arial, sans-serif, 'Apple Color Emoji', 'Segoe UI Emoji', 'Segoe UI Symbol'; font-style: normal; font-variant-ligatures: normal; font-variant-caps: normal; font-weight: 400; letter-spacing: normal; orphans: 2; text-indent: 0px; text-transform: none; widows: 2; word-spacing: 0px; -webkit-text-stroke-width: 0px; white-space: normal; background-color: #ffffff; text-decoration-thickness: initial; text-decoration-style: initial; text-decoration-color: initial; padding: var(--product-element-spacing,35px) 0px 0px 0px; margin: var(--product-element-spacing,35px) 0px 0px 0px;\" action=\"https:\/\/woolskins.eu\/alwero-wikkeldeken-wingy-beige-3\" enctype=\"multipart\/form-data\" method=\"post\" data-product_id=\"14683\" data-product_variations=\"[{&quot;attributes&quot;:{&quot;attribute_pa_maat&quot;:&quot;standaard-maat&quot;},&quot;availability_html&quot;:&quot;&lt;p class=\\&quot;stock in-stock\\&quot;&gt;Op voorraad&lt;\\\/p&gt;\\n&quot;,&quot;backorders_allowed&quot;:false,&quot;dimensions&quot;:{&quot;length&quot;:&quot;&quot;,&quot;width&quot;:&quot;&quot;,&quot;height&quot;:&quot;&quot;},&quot;dimensions_html&quot;:&quot;Niet beschikbaar&quot;,&quot;display_price&quot;:79,&quot;display_regular_price&quot;:79,&quot;image&quot;:{&quot;title&quot;:&quot;Alwero wikkeldeken Duo Woolskins&quot;,&quot;caption&quot;:&quot;&quot;,&quot;url&quot;:&quot;https:\\\/\\\/woolskins.eu\\\/wp-content\\\/uploads\\\/2023\\\/03\\\/JBP_65-1.jpg&quot;,&quot;alt&quot;:&quot;Alwero wikkeldeken Duo Woolskins&quot;,&quot;src&quot;:&quot;https:\\\/\\\/woolskins.eu\\\/wp-content\\\/uploads\\\/2023\\\/03\\\/JBP_65-1-600x600.jpg&quot;,&quot;srcset&quot;:&quot;https:\\\/\\\/i0.wp.com\\\/woolskins.eu\\\/wp-content\\\/uploads\\\/2023\\\/03\\\/JBP_65-1.jpg?resize=600%2C600&amp;ssl=1 600w, https:\\\/\\\/i0.wp.com\\\/woolskins.eu\\\/wp-content\\\/uploads\\\/2023\\\/03\\\/JBP_65-1.jpg?resize=300%2C300&amp;ssl=1 300w, https:\\\/\\\/i0.wp.com\\\/woolskins.eu\\\/wp-content\\\/uploads\\\/2023\\\/03\\\/JBP_65-1.jpg?resize=100%2C100&amp;ssl=1 100w, https:\\\/\\\/i0.wp.com\\\/woolskins.eu\\\/wp-content\\\/uploads\\\/2023\\\/03\\\/JBP_65-1.jpg?resize=1024%2C1024&amp;ssl=1 1024w, https:\\\/\\\/i0.wp.com\\\/woolskins.eu\\\/wp-content\\\/uploads\\\/2023\\\/03\\\/JBP_65-1.jpg?resize=150%2C150&amp;ssl=1 150w, https:\\\/\\\/i0.wp.com\\\/woolskins.eu\\\/wp-content\\\/uploads\\\/2023\\\/03\\\/JBP_65-1.jpg?resize=768%2C768&amp;ssl=1 768w, https:\\\/\\\/i0.wp.com\\\/woolskins.eu\\\/wp-content\\\/uploads\\\/2023\\\/03\\\/JBP_65-1.jpg?resize=12%2C12&amp;ssl=1 12w, https:\\\/\\\/i0.wp.com\\\/woolskins.eu\\\/wp-content\\\/uploads\\\/2023\\\/03\\\/JBP_65-1.jpg?w=1065&amp;ssl=1 1065w&quot;,&quot;sizes&quot;:&quot;(max-width: 600px) 100vw, 600px&quot;,&quot;full_src&quot;:&quot;https:\\\/\\\/woolskins.eu\\\/wp-content\\\/uploads\\\/2023\\\/03\\\/JBP_65-1.jpg&quot;,&quot;full_src_w&quot;:1065,&quot;full_src_h&quot;:1065,&quot;gallery_thumbnail_src&quot;:&quot;https:\\\/\\\/woolskins.eu\\\/wp-content\\\/uploads\\\/2023\\\/03\\\/JBP_65-1-100x100.jpg&quot;,&quot;gallery_thumbnail_src_w&quot;:100,&quot;gallery_thumbnail_src_h&quot;:100,&quot;thumb_src&quot;:&quot;https:\\\/\\\/woolskins.eu\\\/wp-content\\\/uploads\\\/2023\\\/03\\\/JBP_65-1-300x300.jpg&quot;,&quot;thumb_src_w&quot;:300,&quot;thumb_src_h&quot;:300,&quot;src_w&quot;:600,&quot;src_h&quot;:600},&quot;image_id&quot;:14694,&quot;is_downloadable&quot;:false,&quot;is_in_stock&quot;:true,&quot;is_purchasable&quot;:true,&quot;is_sold_individually&quot;:&quot;no&quot;,&quot;is_virtual&quot;:false,&quot;max_qty&quot;:12,&quot;min_qty&quot;:1,&quot;price_html&quot;:&quot;&lt;span class=\\&quot;price\\&quot;&gt;&lt;span class=\\&quot;woocommerce-Price-amount amount\\&quot;&gt;&lt;bdi&gt;&lt;span class=\\&quot;woocommerce-Price-currencySymbol\\&quot;&gt;&amp;euro;&lt;\\\/span&gt;79,00&lt;\\\/bdi&gt;&lt;\\\/span&gt;&lt;\\\/span&gt;&quot;,&quot;sku&quot;:&quot;7466-03&quot;,&quot;variation_description&quot;:&quot;&quot;,&quot;variation_id&quot;:14684,&quot;variation_is_active&quot;:true,&quot;variation_is_visible&quot;:true,&quot;weight&quot;:&quot;&quot;,&quot;weight_html&quot;:&quot;Niet beschikbaar&quot;,&quot;ean&quot;:&quot;&quot;,&quot;blocksy_original_image&quot;:{&quot;title&quot;:&quot;Alwero wikkeldeken Duo Woolskins&quot;,&quot;caption&quot;:&quot;&quot;,&quot;alt&quot;:&quot;Alwero wikkeldeken Duo Woolskins&quot;,&quot;src&quot;:&quot;https:\\\/\\\/woolskins.eu\\\/wp-content\\\/uploads\\\/2023\\\/03\\\/JBP_65-1-600x600.jpg&quot;,&quot;srcset&quot;:&quot;https:\\\/\\\/i0.wp.com\\\/woolskins.eu\\\/wp-content\\\/uploads\\\/2023\\\/03\\\/JBP_65-1.jpg?resize=600%2C600&amp;ssl=1 600w, https:\\\/\\\/i0.wp.com\\\/woolskins.eu\\\/wp-content\\\/uploads\\\/2023\\\/03\\\/JBP_65-1.jpg?resize=300%2C300&amp;ssl=1 300w, https:\\\/\\\/i0.wp.com\\\/woolskins.eu\\\/wp-content\\\/uploads\\\/2023\\\/03\\\/JBP_65-1.jpg?resize=100%2C100&amp;ssl=1 100w, https:\\\/\\\/i0.wp.com\\\/woolskins.eu\\\/wp-content\\\/uploads\\\/2023\\\/03\\\/JBP_65-1.jpg?resize=1024%2C1024&amp;ssl=1 1024w, https:\\\/\\\/i0.wp.com\\\/woolskins.eu\\\/wp-content\\\/uploads\\\/2023\\\/03\\\/JBP_65-1.jpg?resize=150%2C150&amp;ssl=1 150w, https:\\\/\\\/i0.wp.com\\\/woolskins.eu\\\/wp-content\\\/uploads\\\/2023\\\/03\\\/JBP_65-1.jpg?resize=768%2C768&amp;ssl=1 768w, https:\\\/\\\/i0.wp.com\\\/woolskins.eu\\\/wp-content\\\/uploads\\\/2023\\\/03\\\/JBP_65-1.jpg?resize=12%2C12&amp;ssl=1 12w, https:\\\/\\\/i0.wp.com\\\/woolskins.eu\\\/wp-content\\\/uploads\\\/2023\\\/03\\\/JBP_65-1.jpg?w=1065&amp;ssl=1 1065w&quot;,&quot;sizes&quot;:&quot;(max-width: 600px) 100vw, 600px&quot;,&quot;full_src&quot;:&quot;https:\\\/\\\/woolskins.eu\\\/wp-content\\\/uploads\\\/2023\\\/03\\\/JBP_65-1.jpg&quot;,&quot;full_src_w&quot;:1065,&quot;full_src_h&quot;:1065,&quot;gallery_thumbnail_src&quot;:&quot;https:\\\/\\\/woolskins.eu\\\/wp-content\\\/uploads\\\/2023\\\/03\\\/JBP_65-1-100x100.jpg&quot;,&quot;gallery_thumbnail_src_w&quot;:100,&quot;gallery_thumbnail_src_h&quot;:100,&quot;thumb_src&quot;:&quot;https:\\\/\\\/woolskins.eu\\\/wp-content\\\/uploads\\\/2023\\\/03\\\/JBP_65-1-300x300.jpg&quot;,&quot;thumb_src_w&quot;:300,&quot;thumb_src_h&quot;:300,&quot;src_w&quot;:600,&quot;src_h&quot;:600,&quot;id&quot;:&quot;14694&quot;},&quot;blocksy_gallery_source&quot;:&quot;default&quot;,&quot;_myparcel_hs_code_variation&quot;:&quot;&quot;,&quot;_myparcel_country_of_origin_variation&quot;:&quot;&quot;},{&quot;attributes&quot;:{&quot;attribute_pa_maat&quot;:&quot;mini&quot;},&quot;availability_html&quot;:&quot;&lt;p class=\\&quot;stock in-stock\\&quot;&gt;Op voorraad&lt;\\\/p&gt;\\n&quot;,&quot;backorders_allowed&quot;:false,&quot;dimensions&quot;:{&quot;length&quot;:&quot;&quot;,&quot;width&quot;:&quot;&quot;,&quot;height&quot;:&quot;&quot;},&quot;dimensions_html&quot;:&quot;Niet beschikbaar&quot;,&quot;display_price&quot;:69,&quot;display_regular_price&quot;:69,&quot;image&quot;:{&quot;title&quot;:&quot;Alwero wikkeldeken Duo Woolskins&quot;,&quot;caption&quot;:&quot;&quot;,&quot;url&quot;:&quot;https:\\\/\\\/woolskins.eu\\\/wp-content\\\/uploads\\\/2023\\\/03\\\/JBP_65-1.jpg&quot;,&quot;alt&quot;:&quot;Alwero wikkeldeken Duo Woolskins&quot;,&quot;src&quot;:&quot;https:\\\/\\\/woolskins.eu\\\/wp-content\\\/uploads\\\/2023\\\/03\\\/JBP_65-1-600x600.jpg&quot;,&quot;srcset&quot;:&quot;https:\\\/\\\/i0.wp.com\\\/woolskins.eu\\\/wp-content\\\/uploads\\\/2023\\\/03\\\/JBP_65-1.jpg?resize=600%2C600&amp;ssl=1 600w, https:\\\/\\\/i0.wp.com\\\/woolskins.eu\\\/wp-content\\\/uploads\\\/2023\\\/03\\\/JBP_65-1.jpg?resize=300%2C300&amp;ssl=1 300w, https:\\\/\\\/i0.wp.com\\\/woolskins.eu\\\/wp-content\\\/uploads\\\/2023\\\/03\\\/JBP_65-1.jpg?resize=100%2C100&amp;ssl=1 100w, https:\\\/\\\/i0.wp.com\\\/woolskins.eu\\\/wp-content\\\/uploads\\\/2023\\\/03\\\/JBP_65-1.jpg?resize=1024%2C1024&amp;ssl=1 1024w, https:\\\/\\\/i0.wp.com\\\/woolskins.eu\\\/wp-content\\\/uploads\\\/2023\\\/03\\\/JBP_65-1.jpg?resize=150%2C150&amp;ssl=1 150w, https:\\\/\\\/i0.wp.com\\\/woolskins.eu\\\/wp-content\\\/uploads\\\/2023\\\/03\\\/JBP_65-1.jpg?resize=768%2C768&amp;ssl=1 768w, https:\\\/\\\/i0.wp.com\\\/woolskins.eu\\\/wp-content\\\/uploads\\\/2023\\\/03\\\/JBP_65-1.jpg?resize=12%2C12&amp;ssl=1 12w, https:\\\/\\\/i0.wp.com\\\/woolskins.eu\\\/wp-content\\\/uploads\\\/2023\\\/03\\\/JBP_65-1.jpg?w=1065&amp;ssl=1 1065w&quot;,&quot;sizes&quot;:&quot;(max-width: 600px) 100vw, 600px&quot;,&quot;full_src&quot;:&quot;https:\\\/\\\/woolskins.eu\\\/wp-content\\\/uploads\\\/2023\\\/03\\\/JBP_65-1.jpg&quot;,&quot;full_src_w&quot;:1065,&quot;full_src_h&quot;:1065,&quot;gallery_thumbnail_src&quot;:&quot;https:\\\/\\\/woolskins.eu\\\/wp-content\\\/uploads\\\/2023\\\/03\\\/JBP_65-1-100x100.jpg&quot;,&quot;gallery_thumbnail_src_w&quot;:100,&quot;gallery_thumbnail_src_h&quot;:100,&quot;thumb_src&quot;:&quot;https:\\\/\\\/woolskins.eu\\\/wp-content\\\/uploads\\\/2023\\\/03\\\/JBP_65-1-300x300.jpg&quot;,&quot;thumb_src_w&quot;:300,&quot;thumb_src_h&quot;:300,&quot;src_w&quot;:600,&quot;src_h&quot;:600},&quot;image_id&quot;:14694,&quot;is_downloadable&quot;:false,&quot;is_in_stock&quot;:true,&quot;is_purchasable&quot;:true,&quot;is_sold_individually&quot;:&quot;no&quot;,&quot;is_virtual&quot;:false,&quot;max_qty&quot;:2,&quot;min_qty&quot;:1,&quot;price_html&quot;:&quot;&lt;span class=\\&quot;price\\&quot;&gt;&lt;span class=\\&quot;woocommerce-Price-amount amount\\&quot;&gt;&lt;bdi&gt;&lt;span class=\\&quot;woocommerce-Price-currencySymbol\\&quot;&gt;&amp;euro;&lt;\\\/span&gt;69,00&lt;\\\/bdi&gt;&lt;\\\/span&gt;&lt;\\\/span&gt;&quot;,&quot;sku&quot;:&quot;3625-03&quot;,&quot;variation_description&quot;:&quot;&quot;,&quot;variation_id&quot;:14685,&quot;variation_is_active&quot;:true,&quot;variation_is_visible&quot;:true,&quot;weight&quot;:&quot;&quot;,&quot;weight_html&quot;:&quot;Niet beschikbaar&quot;,&quot;ean&quot;:&quot;&quot;,&quot;blocksy_original_image&quot;:{&quot;title&quot;:&quot;Alwero wikkeldeken Duo Woolskins&quot;,&quot;caption&quot;:&quot;&quot;,&quot;alt&quot;:&quot;Alwero wikkeldeken Duo Woolskins&quot;,&quot;src&quot;:&quot;https:\\\/\\\/woolskins.eu\\\/wp-content\\\/uploads\\\/2023\\\/03\\\/JBP_65-1-600x600.jpg&quot;,&quot;srcset&quot;:&quot;https:\\\/\\\/i0.wp.com\\\/woolskins.eu\\\/wp-content\\\/uploads\\\/2023\\\/03\\\/JBP_65-1.jpg?resize=600%2C600&amp;ssl=1 600w, https:\\\/\\\/i0.wp.com\\\/woolskins.eu\\\/wp-content\\\/uploads\\\/2023\\\/03\\\/JBP_65-1.jpg?resize=300%2C300&amp;ssl=1 300w, https:\\\/\\\/i0.wp.com\\\/woolskins.eu\\\/wp-content\\\/uploads\\\/2023\\\/03\\\/JBP_65-1.jpg?resize=100%2C100&amp;ssl=1 100w, https:\\\/\\\/i0.wp.com\\\/woolskins.eu\\\/wp-content\\\/uploads\\\/2023\\\/03\\\/JBP_65-1.jpg?resize=1024%2C1024&amp;ssl=1 1024w, https:\\\/\\\/i0.wp.com\\\/woolskins.eu\\\/wp-content\\\/uploads\\\/2023\\\/03\\\/JBP_65-1.jpg?resize=150%2C150&amp;ssl=1 150w, https:\\\/\\\/i0.wp.com\\\/woolskins.eu\\\/wp-content\\\/uploads\\\/2023\\\/03\\\/JBP_65-1.jpg?resize=768%2C768&amp;ssl=1 768w, https:\\\/\\\/i0.wp.com\\\/woolskins.eu\\\/wp-content\\\/uploads\\\/2023\\\/03\\\/JBP_65-1.jpg?resize=12%2C12&amp;ssl=1 12w, https:\\\/\\\/i0.wp.com\\\/woolskins.eu\\\/wp-content\\\/uploads\\\/2023\\\/03\\\/JBP_65-1.jpg?w=1065&amp;ssl=1 1065w&quot;,&quot;sizes&quot;:&quot;(max-width: 600px) 100vw, 600px&quot;,&quot;full_src&quot;:&quot;https:\\\/\\\/woolskins.eu\\\/wp-content\\\/uploads\\\/2023\\\/03\\\/JBP_65-1.jpg&quot;,&quot;full_src_w&quot;:1065,&quot;full_src_h&quot;:1065,&quot;gallery_thumbnail_src&quot;:&quot;https:\\\/\\\/woolskins.eu\\\/wp-content\\\/uploads\\\/2023\\\/03\\\/JBP_65-1-100x100.jpg&quot;,&quot;gallery_thumbnail_src_w&quot;:100,&quot;gallery_thumbnail_src_h&quot;:100,&quot;thumb_src&quot;:&quot;https:\\\/\\\/woolskins.eu\\\/wp-content\\\/uploads\\\/2023\\\/03\\\/JBP_65-1-300x300.jpg&quot;,&quot;thumb_src_w&quot;:300,&quot;thumb_src_h&quot;:300,&quot;src_w&quot;:600,&quot;src_h&quot;:600,&quot;id&quot;:&quot;14694&quot;},&quot;blocksy_gallery_source&quot;:&quot;default&quot;,&quot;_myparcel_hs_code_variation&quot;:&quot;&quot;,&quot;_myparcel_country_of_origin_variation&quot;:&quot;&quot;}]\"><\/form>\n","protected":false},"featured_media":9959,"comment_status":"closed","ping_status":"closed","template":"","meta":{"_acf_changed":false},"product_brand":[],"product_cat":[361,360,364,196,321,194],"product_tag":[],"class_list":{"0":"post-6888","1":"product","2":"type-product","3":"status-publish","4":"has-post-thumbnail","6":"product_cat-babyshower","7":"product_cat-cadeautips","8":"product_cat-cadeaus-vanaf-e50","9":"product_cat-slaapkleding-baby","10":"product_cat-wikkeldekens","11":"product_cat-wollen-babyproducten","12":"pa_maat-mini","13":"pa_maat-standaard-maat","15":"first","16":"instock","17":"taxable","18":"shipping-taxable","19":"purchasable","20":"product-type-variable"},"acf":[],"_links":{"self":[{"href":"https:\/\/woolskins.eu\/es\/wp-json\/wp\/v2\/product\/6888","targetHints":{"allow":["GET"]}}],"collection":[{"href":"https:\/\/woolskins.eu\/es\/wp-json\/wp\/v2\/product"}],"about":[{"href":"https:\/\/woolskins.eu\/es\/wp-json\/wp\/v2\/types\/product"}],"replies":[{"embeddable":true,"href":"https:\/\/woolskins.eu\/es\/wp-json\/wp\/v2\/comments?post=6888"}],"wp:featuredmedia":[{"embeddable":true,"href":"https:\/\/woolskins.eu\/es\/wp-json\/wp\/v2\/media\/9959"}],"wp:attachment":[{"href":"https:\/\/woolskins.eu\/es\/wp-json\/wp\/v2\/media?parent=6888"}],"wp:term":[{"taxonomy":"product_brand","embeddable":true,"href":"https:\/\/woolskins.eu\/es\/wp-json\/wp\/v2\/product_brand?post=6888"},{"taxonomy":"product_cat","embeddable":true,"href":"https:\/\/woolskins.eu\/es\/wp-json\/wp\/v2\/product_cat?post=6888"},{"taxonomy":"product_tag","embeddable":true,"href":"https:\/\/woolskins.eu\/es\/wp-json\/wp\/v2\/product_tag?post=6888"}],"curies":[{"name":"wp","href":"https:\/\/api.w.org\/{rel}","templated":true}]}}