{"id":6886,"date":"2022-01-17T14:09:10","date_gmt":"2022-01-17T14:09:10","guid":{"rendered":"https:\/\/woolskins.eu\/?post_type=product&#038;p=6886"},"modified":"2026-03-03T13:15:00","modified_gmt":"2026-03-03T13:15:00","slug":"alwero-wrap-blanket-wingy-grey","status":"publish","type":"product","link":"https:\/\/woolskins.eu\/es\/alwero-wikkeldeken-wingy-grijs\/","title":{"rendered":"Manta envolvente de lana para beb\u00e9 | Wingy Duo crudo\/gris claro"},"content":{"rendered":"<p>Su beb\u00e9 dormir\u00e1 y so\u00f1ar\u00e1 en esta c\u00f3moda manta de lana Wingy Duo. Esta manta envolvente cae suavemente y es muy suave. Tienen un aspecto bonito y lujoso y son extremadamente c\u00f3modas. La manta envolvente est\u00e1 hecha de lana 100% y adopta inmediatamente la temperatura de su hijo. Gracias a las aberturas para las correas de seguridad (de 5 puntos), cabe bien en el cochecito y lleva a su hijo al aire libre de forma c\u00e1lida y c\u00f3moda.<\/p>\n<p>La lana respira y toma instant\u00e1neamente la temperatura de tu beb\u00e9. C\u00e1lido en invierno y fresco en verano. Pr\u00e1ctico para usar en casa y en el maxi-cosi o el cochecito.<\/p>\n<p>- Lana virgen 100% con certificaci\u00f3n Woolmark.<br \/>\n- Para casa y para llevar.<br \/>\n- Aberturas para las correas de seguridad (5 puntos).<br \/>\n- longitud 80 cm (edad hasta +\/- 1 a\u00f1o)<br \/>\n- Lavable en ciclo de lavado de lana a 30\u00b0C.<\/p>\n<p>Las fibras de lana respiran y tienen la capacidad de actuar como un termostato natural que regula la temperatura corporal? Esto ayuda al beb\u00e9 a mantener una temperatura estable y lo mantiene seco y c\u00f3modo. Lo hace de forma \u2018din\u00e1mica\u2019, es decir, cuando es necesario y no cuando no lo es. Caliente en invierno y fresco en verano.<\/p>\n<p>Este producto lleva las etiquetas Safe for Children y Woolmark, entre otras.<\/p>\n<h5>Etiqueta Woolskins<\/h5>\n<p>Tras a\u00f1os de fruct\u00edfera colaboraci\u00f3n con Alwero, nos enorgullece anunciar que ahora comercializamos nuestros productos con nuestra propia marca Woolskins.<\/p>\n<p>De este modo, sigue obteniendo la mejor calidad, pero combinada con los productos y dise\u00f1os m\u00e1s bonitos y exclusivos.<\/p>\n<p>La calidad de los tejidos y los colores sigue siendo la de siempre, s\u00f3lo que ahora hay una mayor variedad con la que Woolskins cree que puede distinguirse.<\/p>\n<p>Nuestra amplia colecci\u00f3n es tan parecida que son un gran complemento para cualquier conjunto de beb\u00e9, fabricados con lana europea 100% que transpira y es adecuada para todas las estaciones.<\/p>\n<p>Unimos nuestras fuerzas con entusiasmo para conseguir un producto sostenible, natural y lo m\u00e1s c\u00f3modo posible para su hijo.<\/p>","protected":false},"excerpt":{"rendered":"<p>Tu beb\u00e9 dormir\u00e1 y so\u00f1ar\u00e1 en esta c\u00f3moda manta de lana Alwero Wingy Duo. Esta manta envolvente cae suavemente y es muy suave. Tienen un aspecto bonito y lujoso y son extremadamente c\u00f3modas. La manta envolvente est\u00e1 hecha de lana 100% y toma inmediatamente la temperatura de su hijo. Gracias a las aberturas para las correas de seguridad (de 5 puntos), cabe bien en el cochecito y lleva a su hijo al aire libre de forma c\u00e1lida y c\u00f3moda.<\/p>\n<p><strong>Marca: Woolskins<\/strong><br \/>\n<strong>Producci\u00f3n: Polonia<\/strong><\/p>","protected":false},"featured_media":17540,"comment_status":"closed","ping_status":"closed","template":"","meta":{"_acf_changed":false},"product_brand":[],"product_cat":[361,360,364,196,321,194],"product_tag":[],"class_list":{"0":"post-6886","1":"product","2":"type-product","3":"status-publish","4":"has-post-thumbnail","6":"product_cat-babyshower","7":"product_cat-cadeautips","8":"product_cat-cadeaus-vanaf-e50","9":"product_cat-slaapkleding-baby","10":"product_cat-wikkeldekens","11":"product_cat-wollen-babyproducten","13":"first","14":"instock","15":"taxable","16":"shipping-taxable","17":"purchasable","18":"product-type-simple"},"acf":[],"_links":{"self":[{"href":"https:\/\/woolskins.eu\/es\/wp-json\/wp\/v2\/product\/6886","targetHints":{"allow":["GET"]}}],"collection":[{"href":"https:\/\/woolskins.eu\/es\/wp-json\/wp\/v2\/product"}],"about":[{"href":"https:\/\/woolskins.eu\/es\/wp-json\/wp\/v2\/types\/product"}],"replies":[{"embeddable":true,"href":"https:\/\/woolskins.eu\/es\/wp-json\/wp\/v2\/comments?post=6886"}],"wp:featuredmedia":[{"embeddable":true,"href":"https:\/\/woolskins.eu\/es\/wp-json\/wp\/v2\/media\/17540"}],"wp:attachment":[{"href":"https:\/\/woolskins.eu\/es\/wp-json\/wp\/v2\/media?parent=6886"}],"wp:term":[{"taxonomy":"product_brand","embeddable":true,"href":"https:\/\/woolskins.eu\/es\/wp-json\/wp\/v2\/product_brand?post=6886"},{"taxonomy":"product_cat","embeddable":true,"href":"https:\/\/woolskins.eu\/es\/wp-json\/wp\/v2\/product_cat?post=6886"},{"taxonomy":"product_tag","embeddable":true,"href":"https:\/\/woolskins.eu\/es\/wp-json\/wp\/v2\/product_tag?post=6886"}],"curies":[{"name":"wp","href":"https:\/\/api.w.org\/{rel}","templated":true}]}}