{"id":6845,"date":"2021-09-23T12:10:05","date_gmt":"2021-09-23T12:10:05","guid":{"rendered":"https:\/\/woolskins.eu\/?post_type=product&#038;p=6845"},"modified":"2025-09-30T10:50:32","modified_gmt":"2025-09-30T10:50:32","slug":"bolso-mama-lammy-camel","status":"publish","type":"product","link":"https:\/\/woolskins.eu\/es\/moms-bag-lammy-camel\/","title":{"rendered":"Bolsa Mam\u00e1 Lana - Thumbled | Camel"},"content":{"rendered":"<p>La bolsa est\u00e1 forrada con un tejido impermeable y tiene mucho espacio de almacenamiento. Disponible en varios colores elegantes, combina a la perfecci\u00f3n con todos los dem\u00e1s productos de nuestra gama Thumbled.<\/p>\n<p>- Dimensiones: 58 x 42 cm<br \/>\n- C\u00f3modas asas<br \/>\n- 100% lana (forro interior impermeable)<\/p>\n<h5>Etiqueta Woolskins<\/h5>\n<p>Tras a\u00f1os de fruct\u00edfera colaboraci\u00f3n con Alwero, nos enorgullece anunciar que ahora comercializamos nuestros productos con nuestra propia marca Woolskins.<\/p>\n<p>De este modo, sigue obteniendo la mejor calidad, pero combinada con los productos y dise\u00f1os m\u00e1s bonitos y exclusivos.<\/p>\n<p>La calidad de los tejidos y los colores sigue siendo la de siempre, s\u00f3lo que ahora hay una mayor variedad con la que Woolskins cree que puede distinguirse.<\/p>\n<p>Nuestra amplia colecci\u00f3n es tan parecida que son un gran complemento para cualquier conjunto de beb\u00e9, fabricados con lana europea 100% que transpira y es adecuada para todas las estaciones.<\/p>\n<p>Unimos nuestras fuerzas con entusiasmo para conseguir un producto sostenible, natural y lo m\u00e1s c\u00f3modo posible para tu beb\u00e9.<\/p>","protected":false},"excerpt":{"rendered":"<p>Esta pr\u00e1ctica bolsa de lana Mom Bag de Woolskins es ideal para engancharla al cochecito o para llevarla de compras. Imprescindible cuando se est\u00e1 muy de viaje. La bolsa est\u00e1 forrada con un tejido impermeable para que tambi\u00e9n puedas utilizarla del rev\u00e9s cuando llueva. Nuestro bolso Mom Bag es un accesorio vers\u00e1til y pr\u00e1ctico que facilita la vida de cualquier madre. La bolsa Mom Bag puede contener todas las necesidades de tu beb\u00e9, como pa\u00f1ales, toallitas, biberones, juguetes y ropa, as\u00ed como tus objetos personales, como el tel\u00e9fono, las llaves y cosm\u00e9ticos. Nuestra bolsa Mom Bag est\u00e1 disponible en varios colores elegantes y combina bien con todos los dem\u00e1s productos de nuestra serie Thumbled.<\/p>\n<p><strong>Marca: Woolskins<\/strong><br \/>\n<strong>Producci\u00f3n: Polonia<\/strong><\/p>","protected":false},"featured_media":6846,"comment_status":"closed","ping_status":"closed","template":"","meta":{"_acf_changed":false},"product_brand":[],"product_cat":[351,364,350,31,196,194],"product_tag":[],"class_list":{"0":"post-6845","1":"product","2":"type-product","3":"status-publish","4":"has-post-thumbnail","6":"product_cat-accessoiresvoormama","7":"product_cat-cadeaus-vanaf-e50","8":"product_cat-fashion","9":"product_cat-yogamat-wol","10":"product_cat-slaapkleding-baby","11":"product_cat-wollen-babyproducten","13":"first","14":"instock","15":"taxable","16":"shipping-taxable","17":"purchasable","18":"product-type-simple"},"acf":[],"_links":{"self":[{"href":"https:\/\/woolskins.eu\/es\/wp-json\/wp\/v2\/product\/6845","targetHints":{"allow":["GET"]}}],"collection":[{"href":"https:\/\/woolskins.eu\/es\/wp-json\/wp\/v2\/product"}],"about":[{"href":"https:\/\/woolskins.eu\/es\/wp-json\/wp\/v2\/types\/product"}],"replies":[{"embeddable":true,"href":"https:\/\/woolskins.eu\/es\/wp-json\/wp\/v2\/comments?post=6845"}],"wp:featuredmedia":[{"embeddable":true,"href":"https:\/\/woolskins.eu\/es\/wp-json\/wp\/v2\/media\/6846"}],"wp:attachment":[{"href":"https:\/\/woolskins.eu\/es\/wp-json\/wp\/v2\/media?parent=6845"}],"wp:term":[{"taxonomy":"product_brand","embeddable":true,"href":"https:\/\/woolskins.eu\/es\/wp-json\/wp\/v2\/product_brand?post=6845"},{"taxonomy":"product_cat","embeddable":true,"href":"https:\/\/woolskins.eu\/es\/wp-json\/wp\/v2\/product_cat?post=6845"},{"taxonomy":"product_tag","embeddable":true,"href":"https:\/\/woolskins.eu\/es\/wp-json\/wp\/v2\/product_tag?post=6845"}],"curies":[{"name":"wp","href":"https:\/\/api.w.org\/{rel}","templated":true}]}}