{"id":6834,"date":"2021-09-23T11:52:55","date_gmt":"2021-09-23T11:52:55","guid":{"rendered":"https:\/\/woolskins.eu\/?post_type=product&#038;p=6834"},"modified":"2026-04-08T13:58:38","modified_gmt":"2026-04-08T13:58:38","slug":"cubrepies-alwero-essential-gris","status":"publish","type":"product","link":"https:\/\/woolskins.eu\/es\/alwero-voetenzak-essential-grijs\/","title":{"rendered":"Wollen Voetenzak Bakigo &#8211; Slaapzak voor Buggy en Kinderwagen | Felted Lichtgrijs"},"content":{"rendered":"<div id=\"product-11970\" class=\"product type-product post-11970 status-publish first instock product_cat-babyshower product_cat-cadeaus-vanaf-e50 product_cat-cadeautips product_cat-alwero product_cat-slaapkleding-baby product_cat-voetenzakken product_cat-best-verkocht has-post-thumbnail taxable shipping-taxable purchasable product-type-simple ct-ajax-add-to-cart thumbs-bottom sticky-summary ct-default-gallery\">\n<div class=\"woocommerce-tabs wc-tabs-wrapper\" data-type=\"type-1:center\">\n<article>\n<div id=\"tab-description\" class=\"woocommerce-Tabs-panel woocommerce-Tabs-panel--description panel entry-content wc-tab\" role=\"tabpanel\" aria-labelledby=\"tab-title-description\">\n<p>Nuestros cubrepi\u00e9s Eco Wool para silla de paseo y Maxi-Cosi son estupendos para los m\u00e1s peque\u00f1os gracias a las propiedades naturales de las fibras de lana. \u00c9stas respiran y tienen la capacidad de actuar como un termostato natural que regula la temperatura corporal? Esto ayuda al beb\u00e9 a mantener una temperatura estable y lo mantiene seco y c\u00f3modo. Este producto cuenta con las etiquetas Safe for Children y Woolmark, entre otras.<\/p>\n<p>- 5 cm m\u00e1s largo, lo que lo hace m\u00e1s f\u00e1cil de usar.<br \/>\n- Lana virgen 100%, etiqueta Woolmark.<br \/>\n- Para casa y para llevar.<br \/>\n- Aberturas para las correas de seguridad (5 puntos).<br \/>\n- largo 90cm x ancho 45cm.<br \/>\n- Lavable en ciclo de lavado de lana a 30\u00b0C.<\/p>\n<h5>Etiqueta Woolskins<\/h5>\n<p>Tras a\u00f1os de fruct\u00edfera colaboraci\u00f3n con Alwero, nos enorgullece anunciar que ahora comercializamos nuestros productos con nuestra propia marca Woolskins.<\/p>\n<p>De este modo, sigue obteniendo la mejor calidad, pero combinada con los productos y dise\u00f1os m\u00e1s bonitos y exclusivos.<\/p>\n<p>La calidad de los tejidos y los colores sigue siendo la de siempre, s\u00f3lo que ahora hay una mayor variedad con la que Woolskins cree que puede distinguirse.<\/p>\n<p>Nuestra amplia colecci\u00f3n es tan parecida que son un gran complemento para cualquier conjunto de beb\u00e9, fabricados con lana europea 100% que transpira y es adecuada para todas las estaciones.<\/p>\n<p>Unimos nuestras fuerzas con entusiasmo para conseguir un producto sostenible, natural y lo m\u00e1s c\u00f3modo posible para tu beb\u00e9.<\/p>\n<\/div>\n<\/article>\n<\/div>\n<\/div>\n<section class=\"related products ct-hidden-sm ct-hidden-md\"><\/section>","protected":false},"excerpt":{"rendered":"<p>Acurr\u00facate con tu hijo en este c\u00e1lido saco de lana Woolskins para el cochecito y la silla de paseo. Woolskins ha hecho este cubrepi\u00e9s 5 cm m\u00e1s largo para que pueda usarse durante m\u00e1s tiempo y tambi\u00e9n tiene una abertura extra grande para la corneta de seguridad. Es perfecto para la silla de paseo y no puede faltar en ning\u00fan kit de beb\u00e9. La lana toma instant\u00e1neamente la temperatura de tu hijo y la mantiene sin hacerle sudar. Gracias a las buenas cualidades de la lana, tu hijo estar\u00e1 calentito y c\u00f3modo. El saco cubrepi\u00e9s Bakigo de Woolskins puede utilizarse durante todo el a\u00f1o, pero es preferible utilizarlo en primavera, invierno y oto\u00f1o. Puede estar seguro de que su hijo estar\u00e1 bien abrigado con el saco Woolskins.<\/p>\n<p><strong>Marca: Woolskins<\/strong><br \/>\n<strong>Producci\u00f3n: Polonia<\/strong><\/p>\n<p>&nbsp;<\/p>","protected":false},"featured_media":6835,"comment_status":"closed","ping_status":"closed","template":"","meta":{"_acf_changed":false},"product_brand":[],"product_cat":[361,360,364,196,336,194],"product_tag":[],"class_list":{"0":"post-6834","1":"product","2":"type-product","3":"status-publish","4":"has-post-thumbnail","6":"product_cat-babyshower","7":"product_cat-cadeautips","8":"product_cat-cadeaus-vanaf-e50","9":"product_cat-slaapkleding-baby","10":"product_cat-voetenzakken","11":"product_cat-wollen-babyproducten","13":"first","14":"outofstock","15":"taxable","16":"shipping-taxable","17":"purchasable","18":"product-type-simple"},"acf":[],"_links":{"self":[{"href":"https:\/\/woolskins.eu\/es\/wp-json\/wp\/v2\/product\/6834","targetHints":{"allow":["GET"]}}],"collection":[{"href":"https:\/\/woolskins.eu\/es\/wp-json\/wp\/v2\/product"}],"about":[{"href":"https:\/\/woolskins.eu\/es\/wp-json\/wp\/v2\/types\/product"}],"replies":[{"embeddable":true,"href":"https:\/\/woolskins.eu\/es\/wp-json\/wp\/v2\/comments?post=6834"}],"wp:featuredmedia":[{"embeddable":true,"href":"https:\/\/woolskins.eu\/es\/wp-json\/wp\/v2\/media\/6835"}],"wp:attachment":[{"href":"https:\/\/woolskins.eu\/es\/wp-json\/wp\/v2\/media?parent=6834"}],"wp:term":[{"taxonomy":"product_brand","embeddable":true,"href":"https:\/\/woolskins.eu\/es\/wp-json\/wp\/v2\/product_brand?post=6834"},{"taxonomy":"product_cat","embeddable":true,"href":"https:\/\/woolskins.eu\/es\/wp-json\/wp\/v2\/product_cat?post=6834"},{"taxonomy":"product_tag","embeddable":true,"href":"https:\/\/woolskins.eu\/es\/wp-json\/wp\/v2\/product_tag?post=6834"}],"curies":[{"name":"wp","href":"https:\/\/api.w.org\/{rel}","templated":true}]}}