{"id":6605,"date":"2021-09-01T12:54:16","date_gmt":"2021-09-01T12:54:16","guid":{"rendered":"https:\/\/woolskins.eu\/onderhoudsset"},"modified":"2023-09-22T12:11:21","modified_gmt":"2023-09-22T12:11:21","slug":"set-de-mantenimiento","status":"publish","type":"product","link":"https:\/\/woolskins.eu\/es\/onderhoudsset\/","title":{"rendered":"Kit de mantenimiento"},"content":{"rendered":"<p>La mejor forma de mantener su pelaje es d\u00e1ndole palmaditas regulares y cepill\u00e1ndolo corto. As\u00ed mantendr\u00e1 y embellecer\u00e1 su pelaje.<\/p>\n<p>Recomendamos esperar el mayor tiempo posible antes de lavar su abrigo \u2018lavable\u2019 para que todas las buenas cualidades del abrigo permanezcan en \u00e9l. Por lo general, basta con airearlo al aire libre o limpiarlo con una franela h\u00fameda en caso de un peque\u00f1o accidente.<\/p>\n<p>Si desea lavar su abrigo, s\u00f3lo puede hacerlo con nuestros abrigos de grado m\u00e9dico (amarillo dorado) en un programa de lavado de lana fina a 30 grados. Para ello disponemos de un detergente ecol\u00f3gico especial para lana con lanolina. Tambi\u00e9n puede secar estos abrigos en secadora a baja temperatura.<\/p>\n<p>Instrucciones de lavado:<\/p>\n<p>1.Introduce el abrigo en la lavadora con 50 ml de Eco Wool Wash en el caj\u00f3n del jab\u00f3n.<br \/>\n2.Lave el abrigo en el programa de lavado de lana\/fino a 30 C (ciclos cortos).<br \/>\n3. Coloque el abrigo con el lado del cuero sobre una toalla y enr\u00f3llelo. Presiona con firmeza para que el agua restante empape la toalla todo lo posible.<br \/>\n4.Ahora deja secar el abrigo sobre una superficie plana o m\u00e9telo en la secadora a baja - \u00a1NO CALIENTE! - baja.<br \/>\n5. Despu\u00e9s de esto, deje que la capa se seque un poco m\u00e1s y est\u00edrela suavemente para darle forma.<\/p>\n<p>A continuaci\u00f3n, cepille de nuevo si es necesario. Despu\u00e9s del lavado, la parte de cuero puede parecer un poco dura. Esto se ablandar\u00e1 por s\u00ed solo durante el uso.<\/p>\n<p>\u00a1PRECAUCI\u00d3N! \u00a1MANTENER FUERA DEL ALCANCE DE LOS NI\u00d1OS!<\/p>\n<p>*Lavar tu abrigo siempre es tu responsabilidad<\/p>","protected":false},"excerpt":{"rendered":"<p>Este set de cuidado es especial para el mantenimiento de pieles de oveja (lavables). El detergente ecol\u00f3gico, a base de aceite de oliva, tiene un efecto de retenci\u00f3n de grasa y contiene lanolina para mantener las propiedades saludables y la flexibilidad del pelaje. 250 ml = 5 lavados.<\/p>","protected":false},"featured_media":7907,"comment_status":"closed","ping_status":"closed","template":"","meta":{"_acf_changed":false},"product_brand":[],"product_cat":[357,216,222,354],"product_tag":[],"class_list":{"0":"post-6605","1":"product","2":"type-product","3":"status-publish","4":"has-post-thumbnail","6":"product_cat-onderhoud","7":"product_cat-schapenvacht-voor-baby","8":"product_cat-buggy-schapenvachtjes","9":"product_cat-woolskins","11":"first","12":"instock","13":"taxable","14":"shipping-taxable","15":"purchasable","16":"product-type-simple"},"acf":[],"_links":{"self":[{"href":"https:\/\/woolskins.eu\/es\/wp-json\/wp\/v2\/product\/6605","targetHints":{"allow":["GET"]}}],"collection":[{"href":"https:\/\/woolskins.eu\/es\/wp-json\/wp\/v2\/product"}],"about":[{"href":"https:\/\/woolskins.eu\/es\/wp-json\/wp\/v2\/types\/product"}],"replies":[{"embeddable":true,"href":"https:\/\/woolskins.eu\/es\/wp-json\/wp\/v2\/comments?post=6605"}],"wp:featuredmedia":[{"embeddable":true,"href":"https:\/\/woolskins.eu\/es\/wp-json\/wp\/v2\/media\/7907"}],"wp:attachment":[{"href":"https:\/\/woolskins.eu\/es\/wp-json\/wp\/v2\/media?parent=6605"}],"wp:term":[{"taxonomy":"product_brand","embeddable":true,"href":"https:\/\/woolskins.eu\/es\/wp-json\/wp\/v2\/product_brand?post=6605"},{"taxonomy":"product_cat","embeddable":true,"href":"https:\/\/woolskins.eu\/es\/wp-json\/wp\/v2\/product_cat?post=6605"},{"taxonomy":"product_tag","embeddable":true,"href":"https:\/\/woolskins.eu\/es\/wp-json\/wp\/v2\/product_tag?post=6605"}],"curies":[{"name":"wp","href":"https:\/\/api.w.org\/{rel}","templated":true}]}}