{"id":6586,"date":"2021-09-01T12:53:58","date_gmt":"2021-09-01T12:53:58","guid":{"rendered":"https:\/\/woolskins.eu\/yogasocks-100-wol-donkergrijs-kort"},"modified":"2022-05-10T17:47:54","modified_gmt":"2022-05-10T17:47:54","slug":"calcetines-yoga-100-lana-gris-oscuro-cortos","status":"publish","type":"product","link":"https:\/\/woolskins.eu\/es\/yogasocks-100-wol-donkergrijs-kort\/","title":{"rendered":"Yogasocks 100% Lana gris oscuro corto"},"content":{"rendered":"<p>Estos calcetines\/calentadores son ideales para practicar yoga y meditaci\u00f3n. La punta y el tal\u00f3n est\u00e1n libres para facilitar el agarre y mantienen los pies y los tobillos calientes y c\u00f3modos durante la clase. Estos calcetines\/calentadores est\u00e1n hechos de lana virgen 100% y disponibles en tres colores<\/p>\n<p>&nbsp;<\/p>\n<p>- Calcetines de lana 100%<\/p>\n<p>- Absorbente y transpirable<\/p>\n<p>- Sostenible y justo<\/p>\n<p>- Etiqueta Woolmark<\/p>","protected":false},"excerpt":{"rendered":"<p>Deze&nbsp;sokken\/warmers zijn ideaal voor het beoefenen van yoga en meditatie. De teen en hiel zijn vrij voor de nodige grip en ze houden je voeten en enkels lekker warm en comfortabel tijdens de les. Deze sokken\/warmers zijn gemaakt van 100% scheerwol en verkrijgbaar in drie kleuren &nbsp; &#8211; Sokken bestaan uit 100% wol &#8211; Absorberend [&hellip;]<\/p>\n","protected":false},"featured_media":5935,"comment_status":"closed","ping_status":"closed","template":"","meta":{"_acf_changed":false},"product_brand":[],"product_cat":[337],"product_tag":[],"class_list":{"0":"post-6586","1":"product","2":"type-product","3":"status-publish","4":"has-post-thumbnail","6":"product_cat-vestjes","8":"first","9":"outofstock","10":"taxable","11":"shipping-taxable","12":"purchasable","13":"product-type-simple"},"acf":[],"_links":{"self":[{"href":"https:\/\/woolskins.eu\/es\/wp-json\/wp\/v2\/product\/6586","targetHints":{"allow":["GET"]}}],"collection":[{"href":"https:\/\/woolskins.eu\/es\/wp-json\/wp\/v2\/product"}],"about":[{"href":"https:\/\/woolskins.eu\/es\/wp-json\/wp\/v2\/types\/product"}],"replies":[{"embeddable":true,"href":"https:\/\/woolskins.eu\/es\/wp-json\/wp\/v2\/comments?post=6586"}],"wp:featuredmedia":[{"embeddable":true,"href":"https:\/\/woolskins.eu\/es\/wp-json\/wp\/v2\/media\/5935"}],"wp:attachment":[{"href":"https:\/\/woolskins.eu\/es\/wp-json\/wp\/v2\/media?parent=6586"}],"wp:term":[{"taxonomy":"product_brand","embeddable":true,"href":"https:\/\/woolskins.eu\/es\/wp-json\/wp\/v2\/product_brand?post=6586"},{"taxonomy":"product_cat","embeddable":true,"href":"https:\/\/woolskins.eu\/es\/wp-json\/wp\/v2\/product_cat?post=6586"},{"taxonomy":"product_tag","embeddable":true,"href":"https:\/\/woolskins.eu\/es\/wp-json\/wp\/v2\/product_tag?post=6586"}],"curies":[{"name":"wp","href":"https:\/\/api.w.org\/{rel}","templated":true}]}}