{"id":6580,"date":"2021-09-01T12:53:58","date_gmt":"2021-09-01T12:53:58","guid":{"rendered":"https:\/\/woolskins.eu\/eco-lamsvacht-comfort-voor-yoga-meditatie-dubbel-3-cm"},"modified":"2024-10-25T07:06:11","modified_gmt":"2024-10-25T07:06:11","slug":"eco-piel-de-cordero-confort-para-yoga-meditacion-doble-3-cm","status":"publish","type":"product","link":"https:\/\/woolskins.eu\/es\/eco-lamsvacht-comfort-voor-yoga-meditatie-dubbel-3-cm\/","title":{"rendered":"Piel de cordero ecol\u00f3gica Confort para yoga y meditaci\u00f3n | doble 3 cm"},"content":{"rendered":"<p>Nuestros abrigos confort WOOLSKINS son un producto europeo, ecol\u00f3gico y 100% natural.<\/p>\n<p>La lana es buena para la mente, la piel y el cuerpo. Tiene un efecto din\u00e1mico y le ayuda a usted y a su familia a disfrutar de la vida sanos, relajados y descansados.<\/p>\n<p>Tenemos dos versiones dentro de nuestra colecci\u00f3n, un abrigo sencillo y uno doble en el que cabe c\u00f3modamente todo el cuerpo. \u00a1Un regalo bonito, honesto y saludable!<\/p>\n<p>El tama\u00f1o de nuestro abrigo XL es de +\/- 70 x 200 cm y tiene una longitud de +\/- 3 cm.<\/p>\n<p>Esta piel de cordero es ideal para practicar yoga y meditaci\u00f3n. Es muy c\u00f3moda y regula el calor y la humedad. Incluso hay yoguis que recomiendan una piel de cordero, no s\u00f3lo por su tama\u00f1o perfecto, sino tambi\u00e9n porque a\u00edsla tu propio campo magn\u00e9tico (tu aura) y bloquea la radiaci\u00f3n magn\u00e9tica de la Tierra. Esto te ayuda enormemente en el proceso meditativo y mantiene tu cuerpo equilibrado.<\/p>","protected":false},"excerpt":{"rendered":"<p>La lana es buena para la mente, la piel y el cuerpo. Tiene un efecto din\u00e1mico y le ayuda a usted y a su familia a disfrutar de la vida sanos, relajados y descansados.<\/p>","protected":false},"featured_media":5927,"comment_status":"closed","ping_status":"closed","template":"","meta":{"_acf_changed":false},"product_brand":[],"product_cat":[358],"product_tag":[],"class_list":{"0":"post-6580","1":"product","2":"type-product","3":"status-publish","4":"has-post-thumbnail","6":"product_cat-wollen-yogamat","8":"first","9":"outofstock","10":"taxable","11":"shipping-taxable","12":"purchasable","13":"product-type-simple"},"acf":[],"_links":{"self":[{"href":"https:\/\/woolskins.eu\/es\/wp-json\/wp\/v2\/product\/6580","targetHints":{"allow":["GET"]}}],"collection":[{"href":"https:\/\/woolskins.eu\/es\/wp-json\/wp\/v2\/product"}],"about":[{"href":"https:\/\/woolskins.eu\/es\/wp-json\/wp\/v2\/types\/product"}],"replies":[{"embeddable":true,"href":"https:\/\/woolskins.eu\/es\/wp-json\/wp\/v2\/comments?post=6580"}],"wp:featuredmedia":[{"embeddable":true,"href":"https:\/\/woolskins.eu\/es\/wp-json\/wp\/v2\/media\/5927"}],"wp:attachment":[{"href":"https:\/\/woolskins.eu\/es\/wp-json\/wp\/v2\/media?parent=6580"}],"wp:term":[{"taxonomy":"product_brand","embeddable":true,"href":"https:\/\/woolskins.eu\/es\/wp-json\/wp\/v2\/product_brand?post=6580"},{"taxonomy":"product_cat","embeddable":true,"href":"https:\/\/woolskins.eu\/es\/wp-json\/wp\/v2\/product_cat?post=6580"},{"taxonomy":"product_tag","embeddable":true,"href":"https:\/\/woolskins.eu\/es\/wp-json\/wp\/v2\/product_tag?post=6580"}],"curies":[{"name":"wp","href":"https:\/\/api.w.org\/{rel}","templated":true}]}}