{"id":6579,"date":"2021-09-01T12:53:58","date_gmt":"2021-09-01T12:53:58","guid":{"rendered":"https:\/\/woolskins.eu\/wollen-yogamat-met-ecoleather-zwart-zwart"},"modified":"2025-08-25T09:23:30","modified_gmt":"2025-08-25T09:23:30","slug":"esterilla-de-yoga-de-lana-con-ecopiel-negro-negro","status":"publish","type":"product","link":"https:\/\/woolskins.eu\/es\/wollen-yogamat-met-ecoleather-zwart-zwart\/","title":{"rendered":"Esterilla de yoga de lana con Ecoleather | negro-negro"},"content":{"rendered":"<p>Nuestras esterillas de yoga WOOLSKINS son ideales para practicar yoga y meditaci\u00f3n. La lana es buena para la mente, la piel y el cuerpo. Una vez que hayas probado una esterilla de yoga de lana, \u00a1ya no querr\u00e1s otra cosa! Tiene un efecto din\u00e1mico y te ayuda a mantener un cuerpo y una mente sanos.<\/p>\n<p>- Tama\u00f1o: 70 x 180 cm.<br \/>\n- Para uso en estudios de yoga, aulas y en casa<br \/>\n- Superficie fina para tratamientos terap\u00e9uticos<br \/>\n- La alfombrilla tiene valores t\u00e9rmicos y un tacto muy confortable.<br \/>\n- Capa superior: lana virgen 100%. Parte inferior: Ecoleather y tiene una capa intermedia suave (0,6 cm).<br \/>\n- Buen agarre en superficies resbaladizas.<br \/>\n- Sigue conteniendo la grasa natural de la lana y es autolimpiable.<br \/>\n- Alivia el calor y la humedad.<br \/>\n- Con pr\u00e1ctica bolsa de almacenamiento con correa de transporte.<\/p>","protected":false},"excerpt":{"rendered":"<p>Cuando practicas yoga y meditaci\u00f3n, una esterilla de yoga de lana te resultar\u00e1 muy \u00fatil. Esto se debe a que las nuestras son m\u00e1s suaves y c\u00f3modas que las esterillas de yoga normales. Por eso son ideales para practicar meditaci\u00f3n y yoga. Como la lana es buena para la mente, la piel y el cuerpo, una esterilla de yoga de lana tiene un impacto positivo en la pr\u00e1ctica del yoga y la meditaci\u00f3n. Despu\u00e9s de elegir una esterilla de yoga de lana de WOOLSKINS, es dif\u00edcil querer otra cosa.<\/p>\n<p><strong>Marca: Woolskins<\/strong><br \/>\n<strong>Producci\u00f3n: Polonia<\/strong><\/p>","protected":false},"featured_media":9038,"comment_status":"closed","ping_status":"closed","template":"","meta":{"_acf_changed":false},"product_brand":[],"product_cat":[31,358],"product_tag":[],"class_list":{"0":"post-6579","1":"product","2":"type-product","3":"status-publish","4":"has-post-thumbnail","6":"product_cat-yogamat-wol","7":"product_cat-wollen-yogamat","9":"first","10":"outofstock","11":"taxable","12":"shipping-taxable","13":"purchasable","14":"product-type-simple"},"acf":[],"_links":{"self":[{"href":"https:\/\/woolskins.eu\/es\/wp-json\/wp\/v2\/product\/6579","targetHints":{"allow":["GET"]}}],"collection":[{"href":"https:\/\/woolskins.eu\/es\/wp-json\/wp\/v2\/product"}],"about":[{"href":"https:\/\/woolskins.eu\/es\/wp-json\/wp\/v2\/types\/product"}],"replies":[{"embeddable":true,"href":"https:\/\/woolskins.eu\/es\/wp-json\/wp\/v2\/comments?post=6579"}],"wp:featuredmedia":[{"embeddable":true,"href":"https:\/\/woolskins.eu\/es\/wp-json\/wp\/v2\/media\/9038"}],"wp:attachment":[{"href":"https:\/\/woolskins.eu\/es\/wp-json\/wp\/v2\/media?parent=6579"}],"wp:term":[{"taxonomy":"product_brand","embeddable":true,"href":"https:\/\/woolskins.eu\/es\/wp-json\/wp\/v2\/product_brand?post=6579"},{"taxonomy":"product_cat","embeddable":true,"href":"https:\/\/woolskins.eu\/es\/wp-json\/wp\/v2\/product_cat?post=6579"},{"taxonomy":"product_tag","embeddable":true,"href":"https:\/\/woolskins.eu\/es\/wp-json\/wp\/v2\/product_tag?post=6579"}],"curies":[{"name":"wp","href":"https:\/\/api.w.org\/{rel}","templated":true}]}}