{"id":6557,"date":"2021-09-01T12:53:35","date_gmt":"2021-09-01T12:53:35","guid":{"rendered":"https:\/\/woolskins.eu\/meditatiedeken-100-wol-grijs"},"modified":"2025-05-23T14:25:49","modified_gmt":"2025-05-23T14:25:49","slug":"manta-de-meditacion-100-lana-gris","status":"publish","type":"product","link":"https:\/\/woolskins.eu\/es\/meditatiedeken-100-wol-grijs\/","title":{"rendered":"Manta de meditaci\u00f3n 100% lana Gris"},"content":{"rendered":"<p>Estas mantas de meditaci\u00f3n son adecuadas para mantenerse c\u00f3modamente abrigado durante la meditaci\u00f3n o la atenci\u00f3n plena y proporcionan una sensaci\u00f3n acogedora y segura. Tambi\u00e9n es una bonita manta extra para la cama o el sof\u00e1. La lana proporciona calor en invierno, y su propiedad de ventilaci\u00f3n la hace estupenda tambi\u00e9n en verano. Las propiedades rehabilitadoras y curativas de la lana se conocen desde hace miles de a\u00f1os. La lana, un producto natural puro y seguro desde hace siglos.<br \/>&nbsp;<\/p>\n<p>- 100% pura lana virgen cruda (Woolmark).<br \/>- Muy suave y c\u00f3modo.<br \/>- Tama\u00f1o:150 x 200 cm.<br \/>- Sin sustancias nocivas ni tratamientos qu\u00edmicos.<br \/>- Producci\u00f3n europea.<br \/>- Lavable en ciclo de lavado de lana a 30\u00b0C.<br \/>&nbsp;<\/p>\n<p>Este producto tiene las etiquetas Safe for Children y Woolmark, entre otras, y combina bien con nuestros otros productos.<\/p>","protected":false},"excerpt":{"rendered":"<p>Deze meditatiedekens zijn geschikt om tijdens&nbsp;meditatie&nbsp;of&nbsp;mindfullness\u200b&nbsp;comfortabel warm te blijven en geven een geborgen en veilig gevoel.&nbsp;Daarnaast is het een heerlijke extra&nbsp;deken voor op bed of voor op de bank.&nbsp;Wol&nbsp;zorgt voor warmte in de winter, en door de ventilerende eigenschap is het in de &nbsp;zomer ook prima te gebruiken. De revalidatie en helende eigenschappen van wol [&hellip;]<\/p>\n","protected":false},"featured_media":5895,"comment_status":"closed","ping_status":"closed","template":"","meta":{"_acf_changed":false},"product_brand":[],"product_cat":[358],"product_tag":[],"class_list":{"0":"post-6557","1":"product","2":"type-product","3":"status-publish","4":"has-post-thumbnail","6":"product_cat-wollen-yogamat","8":"first","9":"outofstock","10":"taxable","11":"shipping-taxable","12":"purchasable","13":"product-type-simple"},"acf":[],"_links":{"self":[{"href":"https:\/\/woolskins.eu\/es\/wp-json\/wp\/v2\/product\/6557","targetHints":{"allow":["GET"]}}],"collection":[{"href":"https:\/\/woolskins.eu\/es\/wp-json\/wp\/v2\/product"}],"about":[{"href":"https:\/\/woolskins.eu\/es\/wp-json\/wp\/v2\/types\/product"}],"replies":[{"embeddable":true,"href":"https:\/\/woolskins.eu\/es\/wp-json\/wp\/v2\/comments?post=6557"}],"wp:featuredmedia":[{"embeddable":true,"href":"https:\/\/woolskins.eu\/es\/wp-json\/wp\/v2\/media\/5895"}],"wp:attachment":[{"href":"https:\/\/woolskins.eu\/es\/wp-json\/wp\/v2\/media?parent=6557"}],"wp:term":[{"taxonomy":"product_brand","embeddable":true,"href":"https:\/\/woolskins.eu\/es\/wp-json\/wp\/v2\/product_brand?post=6557"},{"taxonomy":"product_cat","embeddable":true,"href":"https:\/\/woolskins.eu\/es\/wp-json\/wp\/v2\/product_cat?post=6557"},{"taxonomy":"product_tag","embeddable":true,"href":"https:\/\/woolskins.eu\/es\/wp-json\/wp\/v2\/product_tag?post=6557"}],"curies":[{"name":"wp","href":"https:\/\/api.w.org\/{rel}","templated":true}]}}