{"id":6543,"date":"2021-09-01T12:53:12","date_gmt":"2021-09-01T12:53:12","guid":{"rendered":"https:\/\/woolskins.eu\/baby-slofjes-emo-grijs"},"modified":"2026-05-15T13:59:26","modified_gmt":"2026-05-15T13:59:26","slug":"zapatillas-alwero-emo-gris","status":"publish","type":"product","link":"https:\/\/woolskins.eu\/es\/alwero-slofjes-emo-grijs\/","title":{"rendered":"Botas de lana para beb\u00e9 Emo | Gris claro"},"content":{"rendered":"<p>Las zapatillas de lana Woolskins est\u00e1n disponibles en diferentes colores y tallas, para que siempre encuentres la que mejor se adapta a tu hijo. Este producto cuenta con las etiquetas Safe for Children y Woolmark, entre otras.<\/p>\n<p>- Lana virgen 100%, etiqueta Woolmark.<br \/>\n- Muy c\u00e1lido para estar en casa o de viaje.<br \/>\n- Agradable de llevar del rev\u00e9s.<br \/>\n- Pr\u00e1ctico bot\u00f3n para cerrar las zapatillas.<br \/>\n- Tallas 0-6 meses (8 cm) y 6-12 meses (12 cm).<br \/>\n- Diferentes colores disponibles.<\/p>\n<h5>Etiqueta Woolskins<\/h5>\n<p>Tras a\u00f1os de fruct\u00edfera colaboraci\u00f3n con Alwero, nos enorgullece anunciar que ahora comercializamos nuestros productos con nuestra propia marca Woolskins.<\/p>\n<p>De este modo, sigue obteniendo la mejor calidad, pero combinada con los productos y dise\u00f1os m\u00e1s bonitos y exclusivos.<\/p>\n<p>La calidad de los tejidos y los colores sigue siendo la de siempre, s\u00f3lo que ahora hay una mayor variedad con la que Woolskins cree que puede distinguirse.<\/p>\n<p>Nuestra amplia colecci\u00f3n es tan parecida que son un gran complemento para cualquier conjunto de beb\u00e9, fabricados con lana europea 100% que transpira y es adecuada para todas las estaciones.<\/p>\n<p>Unimos nuestras fuerzas con entusiasmo para conseguir un producto sostenible, natural y lo m\u00e1s c\u00f3modo posible para tu beb\u00e9.<\/p>","protected":false},"excerpt":{"rendered":"<p>Nuestras c\u00f3modas zapatillas para beb\u00e9 son una opci\u00f3n perfecta para mantener los pies de los m\u00e1s peque\u00f1os maravillosamente calentitos. Tienen todas las buenas cualidades de la lana ecol\u00f3gica 100% y adoptan inmediatamente la temperatura del ni\u00f1o cuando se las pones. Las pantuflas de lana para beb\u00e9 tambi\u00e9n son un regalo s\u00faper bonito y pr\u00e1ctico para cualquier ocasi\u00f3n. Estas pantuflas tambi\u00e9n son agradables de llevar del rev\u00e9s. A su hijo le encantar\u00e1n estas pantuflas de lana.<\/p>\n<p><strong>Marca: Woolskins<\/strong><br \/>\n<strong>Producte: Polonia<\/strong><\/p>","protected":false},"featured_media":17475,"comment_status":"closed","ping_status":"closed","template":"","meta":{"_acf_changed":false},"product_brand":[],"product_cat":[360,361,362,194,200,345,323],"product_tag":[],"class_list":{"0":"post-6543","1":"product","2":"type-product","3":"status-publish","4":"has-post-thumbnail","6":"product_cat-cadeautips","7":"product_cat-babyshower","8":"product_cat-cadeaus-tot-e-25","9":"product_cat-wollen-babyproducten","10":"product_cat-wollen-babykleding","11":"product_cat-accessoires","12":"product_cat-slofjes","13":"pa_maat-0-6-maanden-9cm","14":"pa_maat-6-12-maanden11cm","16":"first","17":"instock","18":"taxable","19":"shipping-taxable","20":"purchasable","21":"product-type-variable"},"acf":[],"_links":{"self":[{"href":"https:\/\/woolskins.eu\/es\/wp-json\/wp\/v2\/product\/6543","targetHints":{"allow":["GET"]}}],"collection":[{"href":"https:\/\/woolskins.eu\/es\/wp-json\/wp\/v2\/product"}],"about":[{"href":"https:\/\/woolskins.eu\/es\/wp-json\/wp\/v2\/types\/product"}],"replies":[{"embeddable":true,"href":"https:\/\/woolskins.eu\/es\/wp-json\/wp\/v2\/comments?post=6543"}],"wp:featuredmedia":[{"embeddable":true,"href":"https:\/\/woolskins.eu\/es\/wp-json\/wp\/v2\/media\/17475"}],"wp:attachment":[{"href":"https:\/\/woolskins.eu\/es\/wp-json\/wp\/v2\/media?parent=6543"}],"wp:term":[{"taxonomy":"product_brand","embeddable":true,"href":"https:\/\/woolskins.eu\/es\/wp-json\/wp\/v2\/product_brand?post=6543"},{"taxonomy":"product_cat","embeddable":true,"href":"https:\/\/woolskins.eu\/es\/wp-json\/wp\/v2\/product_cat?post=6543"},{"taxonomy":"product_tag","embeddable":true,"href":"https:\/\/woolskins.eu\/es\/wp-json\/wp\/v2\/product_tag?post=6543"}],"curies":[{"name":"wp","href":"https:\/\/api.w.org\/{rel}","templated":true}]}}