{"id":6475,"date":"2021-09-01T12:52:26","date_gmt":"2021-09-01T12:52:26","guid":{"rendered":"https:\/\/woolskins.eu\/broekje-baby-100-merino-wolfleece-walnut"},"modified":"2025-10-27T10:51:37","modified_gmt":"2025-10-27T10:51:37","slug":"pantalon-nogal-baby-100-merino-wolf-fleece","status":"publish","type":"product","link":"https:\/\/woolskins.eu\/es\/broekje-baby-100-merino-wolfleece-walnut\/","title":{"rendered":"Pantalones Engel Beb\u00e9 100% Merino Wolfleece | Nogal"},"content":{"rendered":"<p>Este pantal\u00f3n supersuave para tu beb\u00e9 est\u00e1 hecho de lana merina org\u00e1nica 100%. Tiene un tacto lujoso y es extremadamente c\u00f3modo para tu beb\u00e9. Tiene un ribete ancho que se ajusta bien y tambi\u00e9n puedes darle la vuelta.<br \/>\nLa lana regula la temperatura corporal y mantiene al ni\u00f1o seco y c\u00f3modo. La lana virgen merina es extremadamente fina y, por tanto, no pica. Gracias a la lanolina que se encuentra de forma natural en la lana, es resistente a la suciedad y al agua.<\/p>\n<p>&nbsp;<\/p>\n<p>Este pantal\u00f3n supersuave para tu beb\u00e9 est\u00e1 hecho de lana merina org\u00e1nica 100%. Tiene un tacto lujoso y es extremadamente c\u00f3modo para tu beb\u00e9. Tiene un ribete ancho que se ajusta bien y tambi\u00e9n puedes darle la vuelta.<\/p>\n<p>La lana regula la temperatura corporal y mantiene al ni\u00f1o seco y c\u00f3modo. La lana virgen merina es extremadamente fina y, por tanto, no pica. Gracias a la lanolina que se encuentra de forma natural en la lana, es resistente a la suciedad y al agua.<\/p>\n<p>Como la lanolina tambi\u00e9n es antibacteriana, no suele ser necesario lavarla. A menudo basta con dejarla al aire libre.<\/p>\n<p>- Maravillosamente suave<br \/>\n- Se siente muy ligero y es agradable y c\u00e1lido<br \/>\n- La lana es transpirable<br \/>\n- Ayuda al beb\u00e9 a regular la temperatura<br \/>\n- Ideal para el arn\u00e9s o el portabeb\u00e9s<\/p>\n<p>Son ecol\u00f3gicos y no contienen metales pesados ni colorantes AZO nocivos. Certificados GOTS.<\/p>\n<h5>\u00c1ngel<\/h5>\n<p>Esta empresa familiar fabrica ropa interior y prendas de vestir desde hace 85 a\u00f1os. En 1982, con la elaboraci\u00f3n de algod\u00f3n natural, se inici\u00f3 una apuesta ejemplar y consecuente por los tejidos naturales.<\/p>\n<p>Hoy, nuestra colecci\u00f3n incluye ropa especialmente dise\u00f1ada para beb\u00e9s prematuros.<\/p>\n<p>Adem\u00e1s de algod\u00f3n procedente de agricultura ecol\u00f3gica controlada (kbA), procesamos la mejor lana merina procedente de agricultura ecol\u00f3gica controlada (kbT) y lana virgen merina natural (kbT) con seda. Todos los tintes utilizados est\u00e1n libres de metales pesados y siempre han estado exentos de los nocivos tintes AZO. Para te\u00f1ir los tejidos de lana, utilizamos \u00fanicamente tintes reactivos que son especialmente estables con la fibra y se caracterizan por su gran autenticidad. En cuanto al acabado textil, no utilizamos acabados qu\u00edmicos.<\/p>\n<p>En principio, todos los materiales utilizados deben ser biodegradables y no deben contaminar el suelo, el aire ni el agua. Todas las piezas met\u00e1licas utilizadas est\u00e1n exentas de n\u00edquel; nuestros botones se fabrican con materias primas naturales y renovables. Para garantizar nuestro alto nivel de calidad, se establecen los correspondientes requisitos de solidez a la luz, solidez a la saliva, solidez a la transpiraci\u00f3n, solidez al lavado y encogimiento.<\/p>\n<p>Hacemos que laboratorios e institutos medioambientales independientes y certificados examinen peri\u00f3dicamente estas propiedades, junto con los l\u00edmites de residuos para peligros medioambientales y sanitarios.<\/p>\n<p>Pantalones de lana para beb\u00e9 Engel - Engel Babywear<\/p>","protected":false},"excerpt":{"rendered":"<p>Estos pantalones de Engel tienen un tacto lujoso y son muy c\u00f3modos para tu beb\u00e9. Tiene un cuello ancho que se ajusta perfectamente y tambi\u00e9n puedes subirlos.<\/p>","protected":false},"featured_media":5793,"comment_status":"closed","ping_status":"closed","template":"","meta":{"_acf_changed":false},"product_brand":[],"product_cat":[361,360,363,248,200,322,344],"product_tag":[],"class_list":{"0":"post-6475","1":"product","2":"type-product","3":"status-publish","4":"has-post-thumbnail","6":"product_cat-babyshower","7":"product_cat-cadeautips","8":"product_cat-cadeaus-e25-e50","9":"product_cat-engel_natur","10":"product_cat-wollen-babykleding","11":"product_cat-broekjes","12":"product_cat-kleertjes","13":"pa_maat-50-56","14":"pa_maat-62-68","16":"first","17":"instock","18":"taxable","19":"shipping-taxable","20":"purchasable","21":"product-type-variable"},"acf":[],"_links":{"self":[{"href":"https:\/\/woolskins.eu\/es\/wp-json\/wp\/v2\/product\/6475","targetHints":{"allow":["GET"]}}],"collection":[{"href":"https:\/\/woolskins.eu\/es\/wp-json\/wp\/v2\/product"}],"about":[{"href":"https:\/\/woolskins.eu\/es\/wp-json\/wp\/v2\/types\/product"}],"replies":[{"embeddable":true,"href":"https:\/\/woolskins.eu\/es\/wp-json\/wp\/v2\/comments?post=6475"}],"wp:featuredmedia":[{"embeddable":true,"href":"https:\/\/woolskins.eu\/es\/wp-json\/wp\/v2\/media\/5793"}],"wp:attachment":[{"href":"https:\/\/woolskins.eu\/es\/wp-json\/wp\/v2\/media?parent=6475"}],"wp:term":[{"taxonomy":"product_brand","embeddable":true,"href":"https:\/\/woolskins.eu\/es\/wp-json\/wp\/v2\/product_brand?post=6475"},{"taxonomy":"product_cat","embeddable":true,"href":"https:\/\/woolskins.eu\/es\/wp-json\/wp\/v2\/product_cat?post=6475"},{"taxonomy":"product_tag","embeddable":true,"href":"https:\/\/woolskins.eu\/es\/wp-json\/wp\/v2\/product_tag?post=6475"}],"curies":[{"name":"wp","href":"https:\/\/api.w.org\/{rel}","templated":true}]}}