{"id":6448,"date":"2021-09-01T12:52:12","date_gmt":"2021-09-01T12:52:12","guid":{"rendered":"https:\/\/woolskins.eu\/baby-deken-alpaca-ecru"},"modified":"2022-05-30T19:18:10","modified_gmt":"2022-05-30T19:18:10","slug":"manta-bebe-alpaca-crudo","status":"publish","type":"product","link":"https:\/\/woolskins.eu\/es\/baby-deken-alpaca-ecru\/","title":{"rendered":"Manta beb\u00e9 Alpaca | Crudo"},"content":{"rendered":"<p>Esta manta de punto est\u00e1 hecha a mano con lana de alpaca baby 100%. La lana de alpaca es a\u00fan m\u00e1s suave que la lana de merino y a\u00edsla un poco mejor que la lana normal. Lo hace de forma din\u00e1mica, lo que hace que la manta sea maravillosamente c\u00e1lida en invierno y fresca en verano. Adem\u00e1s, tiene un brillo suave y un aspecto muy lujoso. La lana de alpaca beb\u00e9 se refiere a los pelos m\u00e1s finos de la alpaca adulta. Es ligera y muy suave, y se considera el Rolls-Royce de la lana.<\/p>\n<p>- 80 x 80 cm<br \/>\n- Es ligero y muy suave<br \/>\n- T\u00e9rmico, tan fresco en verano y agradable y c\u00e1lido en invierno<br \/>\n- 4 veces menos \u201csensible a la abrasi\u00f3n\u201d que la lana merina<br \/>\n- No encoge tras el lavado<br \/>\n- 100% alpaca beb\u00e9<br \/>\n- 100% ecol\u00f3gico conforme a la norma Oeko-Tex\u00ae Standard 100<\/p>\n<h5 class=\"Text1893342656__root Text1893342656---typography-11-runningText Text1893342656---priority-7-primary s8gg2 _2UIKs InfoSectionTitle3095652555__root\" aria-hidden=\"false\" data-hook=\"info-section-title\">Lana Baby Alpaca<\/h5>\n<div class=\"rah-static rah-static--height-auto\" aria-hidden=\"false\">\n<div>\n<div class=\"_1yvxJ fggS- cell\">\n<div class=\"WncCi\" data-hook=\"info-section-description\">\n<p>La estructura de la fibra de la lana de alpaca baby es muy fina y su suavidad puede compararse a la de la lana de cachemira, pero a\u00fan m\u00e1s suave. La lana de alpaca es conocida por su calidad superior, se siente muy suave en la piel y es hipoalerg\u00e9nica. La lana de baby alpaca es la lana de alpaca m\u00e1s suave de la primera urdimbre. Baby alpaca no significa que la lana proceda de cr\u00edas de alpaca, sino que s\u00f3lo se utiliza la lana m\u00e1s fina. Una micra equivale a 0,001 mil\u00edmetros. Cuanto m\u00e1s fina es la lana, m\u00e1s suave es el producto.<\/p>\n<h5>Petit Kolibri<\/h5>\n<p class=\"\">PETIT KOLIBRI naci\u00f3 de un amor incondicional por los productos aut\u00e9nticos, org\u00e1nicos y naturales. Nuestros productos nacen de un compromiso implacable con la promoci\u00f3n de la sostenibilidad ambiental y los negocios conscientes en las comunidades locales de Am\u00e9rica Latina.<\/p>\n<p class=\"\">Todas nuestras prendas de alpaca org\u00e1nica y alpaca beb\u00e9 se obtienen con cuidado y atenci\u00f3n en una relaci\u00f3n mutuamente beneficiosa y transparente con nuestros proveedores. Los productos acabados son elaborados en condiciones justas por un colectivo de artesanos de Colombia y Per\u00fa. El comercio justo se ha convertido en nuestro principio rector.<\/p>\n<p class=\"\">Los ni\u00f1os son la poblaci\u00f3n del ma\u00f1ana. El impacto que tendr\u00e1n en nuestro planeta depende de los principios que les ense\u00f1emos hoy. \u00a1Nuestras prendas de punto minimalistas con dise\u00f1o org\u00e1nico est\u00e1n hechas para todas las peque\u00f1as aventuras!<\/p>\n<p>Nuestro objetivo es proporcionar ropa y accesorios seguros para los ni\u00f1os porque creemos que los productos que tocan los ni\u00f1os deben estar en su estado m\u00e1s puro y sin tratar. Estamos orgullosos de ofrecer productos ecol\u00f3gicos libres de sustancias nocivas, certificados por la norma 100 de OEKO-TEX\u00ae. La lana que utilizamos en PETIT KOLIBRI procede de Per\u00fa, uno de los principales pa\u00edses exportadores de lana de alpaca.<\/p>\n<\/div>\n<\/div>\n<\/div>\n<\/div>","protected":false},"excerpt":{"rendered":"<p>Esta manta de punto est\u00e1 hecha a mano con lana de alpaca baby 100%. La lana de alpaca es a\u00fan m\u00e1s suave que la lana de merino y a\u00edsla un poco mejor que la lana normal.<\/p>","protected":false},"featured_media":7684,"comment_status":"closed","ping_status":"closed","template":"","meta":{"_acf_changed":false},"product_brand":[],"product_cat":[361,360,364,232,196,318],"product_tag":[],"class_list":{"0":"post-6448","1":"product","2":"type-product","3":"status-publish","4":"has-post-thumbnail","6":"product_cat-babyshower","7":"product_cat-cadeautips","8":"product_cat-cadeaus-vanaf-e50","9":"product_cat-petit-kolibri","10":"product_cat-slaapkleding-baby","11":"product_cat-wollen-wiegdeken-ledikantdeken","13":"first","14":"outofstock","15":"taxable","16":"shipping-taxable","17":"purchasable","18":"product-type-simple"},"acf":[],"_links":{"self":[{"href":"https:\/\/woolskins.eu\/es\/wp-json\/wp\/v2\/product\/6448","targetHints":{"allow":["GET"]}}],"collection":[{"href":"https:\/\/woolskins.eu\/es\/wp-json\/wp\/v2\/product"}],"about":[{"href":"https:\/\/woolskins.eu\/es\/wp-json\/wp\/v2\/types\/product"}],"replies":[{"embeddable":true,"href":"https:\/\/woolskins.eu\/es\/wp-json\/wp\/v2\/comments?post=6448"}],"wp:featuredmedia":[{"embeddable":true,"href":"https:\/\/woolskins.eu\/es\/wp-json\/wp\/v2\/media\/7684"}],"wp:attachment":[{"href":"https:\/\/woolskins.eu\/es\/wp-json\/wp\/v2\/media?parent=6448"}],"wp:term":[{"taxonomy":"product_brand","embeddable":true,"href":"https:\/\/woolskins.eu\/es\/wp-json\/wp\/v2\/product_brand?post=6448"},{"taxonomy":"product_cat","embeddable":true,"href":"https:\/\/woolskins.eu\/es\/wp-json\/wp\/v2\/product_cat?post=6448"},{"taxonomy":"product_tag","embeddable":true,"href":"https:\/\/woolskins.eu\/es\/wp-json\/wp\/v2\/product_tag?post=6448"}],"curies":[{"name":"wp","href":"https:\/\/api.w.org\/{rel}","templated":true}]}}