{"id":6419,"date":"2021-09-01T12:51:50","date_gmt":"2021-09-01T12:51:50","guid":{"rendered":"https:\/\/woolskins.eu\/baby-slaapzak-lammy-camel"},"modified":"2026-05-06T12:31:54","modified_gmt":"2026-05-06T12:31:54","slug":"alwero-saco-de-dormir-lammy-camel","status":"publish","type":"product","link":"https:\/\/woolskins.eu\/es\/alwero-slaapzak-lammy-camel\/","title":{"rendered":"Saco de dormir de lana para beb\u00e9 - Thumbled | Camel"},"content":{"rendered":"<p>Nuestro saco de dormir de lana ecol\u00f3gica para beb\u00e9s es ideal para los m\u00e1s peque\u00f1os gracias a las propiedades naturales de las fibras de lana. Estas respiran y tienen la capacidad de actuar como un termostato natural que regula la temperatura corporal.<\/p>\n<p>Esto ayuda al beb\u00e9 a mantener una temperatura estable y lo mantiene seco y c\u00f3modo. Lo hace de forma \u2018din\u00e1mica\u2019, es decir, cuando es necesario y no cuando no lo es. Estos sacos de dormir de lana son, por tanto, c\u00e1lidos en invierno y frescos en verano.<\/p>\n<p>Los botones de presi\u00f3n dobles hacen que el tama\u00f1o del cuello sea ajustable y tiene una cremallera larga que facilita la apertura de todo el saco de dormir.<\/p>\n<p>Talla 0-6 meses: longitud 67 cm (desde el cierre del hombro hasta la parte inferior).<\/p>\n<p>Este producto lleva las etiquetas Safe for Children y Woolmark, entre otras.<\/p>\n<h5>Pieles de lana de marca blanca fabricadas por Alwero<\/h5>\n<p>Tras a\u00f1os de fruct\u00edfera colaboraci\u00f3n con Alwero, nos enorgullece anunciar que estamos autorizados a comercializar Alwero bajo nuestra propia marca Woolskins.<\/p>\n<p>De este modo, seguir\u00e1s obteniendo la mejor calidad de Alwero combinada con los productos\/dise\u00f1os m\u00e1s bonitos y exclusivos de Woolskins.<\/p>\n<p>\u00bfY qu\u00e9 cambia? No mucho. La calidad, los tejidos y los colores siguen siendo los mismos, s\u00f3lo que hay una mayor variedad de productos \u00fanicos con los que Woolskins cree que puede distinguirse y que son un buen complemento para el equipamiento del beb\u00e9.<\/p>\n<p>Nuestros productos se reconocen por la etiqueta Woolskins y la etiqueta de lavado indica que ha sido fabricado por Alwero.<\/p>\n<p>Unimos nuestras fuerzas con entusiasmo para conseguir un producto sostenible, natural y lo m\u00e1s c\u00f3modo posible para tu beb\u00e9.<\/p>\n<h5>Alwero<\/h5>\n<p>La empresa familiar naci\u00f3 a finales de los a\u00f1os 90 de la necesidad de crear algo. En plena naturaleza, donde las ovejas pastan en las monta\u00f1as, ALWERO encuentra la materia prima \u00fanica de la que se trata: la lana cruda.<\/p>\n<p>Combinando tradiciones ancestrales e innovaci\u00f3n t\u00e9cnica, ALWERO crea un mundo de confort. El conocimiento, la artesan\u00eda y el amor por la lana han hecho que los productos ALWERO sean apreciados en todo el mundo.<\/p>","protected":false},"excerpt":{"rendered":"<p>Si buscas un saco de dormir c\u00f3modo y c\u00e1lido para tu beb\u00e9, la lana es una excelente elecci\u00f3n. De hecho, la lana tiene muchas ventajas que ayudar\u00e1n a tu beb\u00e9 a dormir bien, en cualquier estaci\u00f3n del a\u00f1o.<\/p>\n<p>Nuestro ligero saco de dormir de lana ecol\u00f3gica para beb\u00e9s es transpirable y tiene la capacidad de actuar como un termostato natural que regula la temperatura corporal, ayudando a su beb\u00e9 a descansar y dormir profundamente. Este saco de dormir es muy adecuado para los ni\u00f1os peque\u00f1os gracias a los botones autom\u00e1ticos dobles que permiten ampliar o reducir la abertura del cuello. La larga cremallera abre todo el saco de dormir para facilitar el cambio. El saco de dormir de lana ayuda a tu beb\u00e9 a mantener una temperatura estable y lo mantiene seco y c\u00f3modo. Lo hace de forma \u2018din\u00e1mica\u2019, es decir, cuando es necesario y no cuando no lo es. Por eso, estos sacos de dormir de lana son c\u00e1lidos en invierno y frescos en verano.<\/p>\n<p><strong>Marca: Woolskins<\/strong><br \/>\n<strong>Productor: Woolskins Private Lable es una producci\u00f3n de Alwero<\/strong><\/p>","protected":false},"featured_media":5714,"comment_status":"closed","ping_status":"closed","template":"","meta":{"_acf_changed":false},"product_brand":[],"product_cat":[361,360,364,196,370,194],"product_tag":[],"class_list":{"0":"post-6419","1":"product","2":"type-product","3":"status-publish","4":"has-post-thumbnail","6":"product_cat-babyshower","7":"product_cat-cadeautips","8":"product_cat-cadeaus-vanaf-e50","9":"product_cat-slaapkleding-baby","10":"product_cat-slaapzakken","11":"product_cat-wollen-babyproducten","12":"pa_maat-0-6-maanden","13":"pa_maat-6-12-maanden","15":"first","16":"outofstock","17":"taxable","18":"shipping-taxable","19":"purchasable","20":"product-type-variable"},"acf":[],"_links":{"self":[{"href":"https:\/\/woolskins.eu\/es\/wp-json\/wp\/v2\/product\/6419","targetHints":{"allow":["GET"]}}],"collection":[{"href":"https:\/\/woolskins.eu\/es\/wp-json\/wp\/v2\/product"}],"about":[{"href":"https:\/\/woolskins.eu\/es\/wp-json\/wp\/v2\/types\/product"}],"replies":[{"embeddable":true,"href":"https:\/\/woolskins.eu\/es\/wp-json\/wp\/v2\/comments?post=6419"}],"wp:featuredmedia":[{"embeddable":true,"href":"https:\/\/woolskins.eu\/es\/wp-json\/wp\/v2\/media\/5714"}],"wp:attachment":[{"href":"https:\/\/woolskins.eu\/es\/wp-json\/wp\/v2\/media?parent=6419"}],"wp:term":[{"taxonomy":"product_brand","embeddable":true,"href":"https:\/\/woolskins.eu\/es\/wp-json\/wp\/v2\/product_brand?post=6419"},{"taxonomy":"product_cat","embeddable":true,"href":"https:\/\/woolskins.eu\/es\/wp-json\/wp\/v2\/product_cat?post=6419"},{"taxonomy":"product_tag","embeddable":true,"href":"https:\/\/woolskins.eu\/es\/wp-json\/wp\/v2\/product_tag?post=6419"}],"curies":[{"name":"wp","href":"https:\/\/api.w.org\/{rel}","templated":true}]}}