{"id":6407,"date":"2021-09-01T12:51:30","date_gmt":"2021-09-01T12:51:30","guid":{"rendered":"https:\/\/woolskins.eu\/baby-slaapzak-lammy-ecru"},"modified":"2026-05-06T12:31:49","modified_gmt":"2026-05-06T12:31:49","slug":"alwero-saco-de-dormir-lammy-crudo","status":"publish","type":"product","link":"https:\/\/woolskins.eu\/es\/alwero-slaapzak-lammy-ecru\/","title":{"rendered":"Saco de dormir de lana para beb\u00e9 - Thumbled | Ecru"},"content":{"rendered":"<p>Los botones de presi\u00f3n dobles hacen que el tama\u00f1o del cuello sea ajustable y tiene una cremallera larga que facilita la apertura de todo el saco de dormir.<\/p>\n<p>- Lana virgen 100% Thumbled con certificaci\u00f3n Woolmark.<br \/>\n- Textura lisa, suave y Teddy Plush.<br \/>\n- Buenas propiedades t\u00e9rmicas.<br \/>\n- Para casa y para llevar.<br \/>\n- Talla: 0\/6 meses 67 cm, 6\/12 meses 82 cm.<br \/>\n- Producci\u00f3n europea.<br \/>\n- Lavable en ciclo de lavado de lana a 30\u00b0C.<\/p>\n<p>Nuestros sacos de dormir Eco Wool son ideales para los m\u00e1s peque\u00f1os gracias a las propiedades naturales de las fibras de lana. \u00c9stas respiran y tienen la capacidad de actuar como un termostato natural que regula la temperatura corporal? Esto ayuda al beb\u00e9 a mantener una temperatura estable y lo mantiene seco y c\u00f3modo. Lo hace de forma \u2018din\u00e1mica\u2019, es decir, cuando es necesario y no cuando no lo es.<\/p>\n<p>Este producto lleva las etiquetas Safe for Children y Woolmark, entre otras.<\/p>\n<h5>Etiqueta Woolskins<\/h5>\n<p>Tras a\u00f1os de fruct\u00edfera colaboraci\u00f3n con Alwero, nos enorgullece anunciar que ahora comercializamos nuestros productos con nuestra propia marca Woolskins.<\/p>\n<p>De este modo, sigue obteniendo la mejor calidad, pero combinada con los productos y dise\u00f1os m\u00e1s bonitos y exclusivos.<\/p>\n<p>La calidad de los tejidos y los colores sigue siendo la de siempre, s\u00f3lo que ahora hay una mayor variedad con la que Woolskins cree que puede distinguirse.<\/p>\n<p>Nuestra amplia colecci\u00f3n es tan parecida que son un gran complemento para cualquier conjunto de beb\u00e9, fabricados con lana europea 100% que transpira y es adecuada para todas las estaciones.<\/p>\n<p>Unimos nuestras fuerzas con entusiasmo para conseguir un producto sostenible, natural y lo m\u00e1s c\u00f3modo posible para su hijo.<\/p>","protected":false},"excerpt":{"rendered":"<p>Si buscas un saco de dormir c\u00f3modo y c\u00e1lido para tu beb\u00e9, la lana es una excelente elecci\u00f3n. De hecho, la lana tiene muchas ventajas que ayudar\u00e1n a tu beb\u00e9 a dormir bien, en cualquier estaci\u00f3n del a\u00f1o.<\/p>\n<p>Nuestro ligero saco de dormir de lana ecol\u00f3gica para beb\u00e9s es transpirable y tiene la capacidad de actuar como un termostato natural que regula la temperatura corporal, ayudando a su beb\u00e9 a descansar y dormir profundamente. Este saco de dormir es muy adecuado para los ni\u00f1os peque\u00f1os gracias a los botones autom\u00e1ticos dobles que permiten ampliar o reducir la abertura del cuello. La larga cremallera abre todo el saco de dormir para facilitar el cambio. El saco de dormir de lana ayuda a tu beb\u00e9 a mantener una temperatura estable y lo mantiene seco y c\u00f3modo. Lo hace de forma \u2018din\u00e1mica\u2019, es decir, cuando es necesario y no cuando no lo es. Por eso, estos sacos de dormir de lana son c\u00e1lidos en invierno y frescos en verano.<\/p>\n<p><strong>Marca: Woolskins<\/strong><br \/>\n<strong>Producci\u00f3n: Polonia<\/strong><\/p>","protected":false},"featured_media":5699,"comment_status":"closed","ping_status":"closed","template":"","meta":{"_acf_changed":false},"product_brand":[],"product_cat":[361,360,364,196,370,194],"product_tag":[],"class_list":{"0":"post-6407","1":"product","2":"type-product","3":"status-publish","4":"has-post-thumbnail","6":"product_cat-babyshower","7":"product_cat-cadeautips","8":"product_cat-cadeaus-vanaf-e50","9":"product_cat-slaapkleding-baby","10":"product_cat-slaapzakken","11":"product_cat-wollen-babyproducten","12":"pa_maat-0-6-maanden","13":"pa_maat-6-12-maanden","15":"first","16":"outofstock","17":"taxable","18":"shipping-taxable","19":"purchasable","20":"product-type-variable"},"acf":[],"_links":{"self":[{"href":"https:\/\/woolskins.eu\/es\/wp-json\/wp\/v2\/product\/6407","targetHints":{"allow":["GET"]}}],"collection":[{"href":"https:\/\/woolskins.eu\/es\/wp-json\/wp\/v2\/product"}],"about":[{"href":"https:\/\/woolskins.eu\/es\/wp-json\/wp\/v2\/types\/product"}],"replies":[{"embeddable":true,"href":"https:\/\/woolskins.eu\/es\/wp-json\/wp\/v2\/comments?post=6407"}],"wp:featuredmedia":[{"embeddable":true,"href":"https:\/\/woolskins.eu\/es\/wp-json\/wp\/v2\/media\/5699"}],"wp:attachment":[{"href":"https:\/\/woolskins.eu\/es\/wp-json\/wp\/v2\/media?parent=6407"}],"wp:term":[{"taxonomy":"product_brand","embeddable":true,"href":"https:\/\/woolskins.eu\/es\/wp-json\/wp\/v2\/product_brand?post=6407"},{"taxonomy":"product_cat","embeddable":true,"href":"https:\/\/woolskins.eu\/es\/wp-json\/wp\/v2\/product_cat?post=6407"},{"taxonomy":"product_tag","embeddable":true,"href":"https:\/\/woolskins.eu\/es\/wp-json\/wp\/v2\/product_tag?post=6407"}],"curies":[{"name":"wp","href":"https:\/\/api.w.org\/{rel}","templated":true}]}}