{"id":6385,"date":"2021-09-01T12:51:15","date_gmt":"2021-09-01T12:51:15","guid":{"rendered":"https:\/\/woolskins.eu\/babysjaaltje-lammy-camel"},"modified":"2026-04-09T13:10:01","modified_gmt":"2026-04-09T13:10:01","slug":"bufanda-bebe-lammy-camel","status":"publish","type":"product","link":"https:\/\/woolskins.eu\/es\/babysjaaltje-lammy-camel\/","title":{"rendered":"Bufanda de lana para beb\u00e9 Thumbled | camel"},"content":{"rendered":"<p>Con esta bufanda de lana para beb\u00e9 de Woolskins, tu peque\u00f1o no s\u00f3lo estar\u00e1 mon\u00edsimo, sino que tambi\u00e9n se mantendr\u00e1 calentito durante los fr\u00edos d\u00edas de invierno. Un regalo perfecto para cualquier padre amante de la calidad y el estilo. Este producto cuenta con las etiquetas Safe for Children y Woolmark, entre otras.<\/p>\n<p>- Lana virgen 100%, etiqueta Woolmark.<br \/>\n- Muy c\u00e1lido para viajar.<br \/>\n- C\u00f3modo cierre con autom\u00e1ticos.<br \/>\n- Diferentes colores disponibles.<\/p>\n<h5>Etiqueta Woolskins<\/h5>\n<p>Tras a\u00f1os de fruct\u00edfera colaboraci\u00f3n con Alwero, nos enorgullece anunciar que ahora comercializamos nuestros productos con nuestra propia marca Woolskins.<\/p>\n<p>De este modo, sigue obteniendo la mejor calidad, pero combinada con los productos y dise\u00f1os m\u00e1s bonitos y exclusivos.<\/p>\n<p>La calidad de los tejidos y los colores sigue siendo la de siempre, s\u00f3lo que ahora hay una mayor variedad con la que Woolskins cree que puede distinguirse.<\/p>\n<p>Nuestra amplia colecci\u00f3n es tan parecida que son un gran complemento para cualquier conjunto de beb\u00e9, fabricados con lana europea 100% que transpira y es adecuada para todas las estaciones.<\/p>\n<p>Unimos nuestras fuerzas con entusiasmo para conseguir un producto sostenible, natural y lo m\u00e1s c\u00f3modo posible para tu beb\u00e9.<\/p>","protected":false},"excerpt":{"rendered":"<p>Una bufanda de lana para beb\u00e9 es imprescindible para los d\u00edas m\u00e1s fr\u00edos. Mantiene a los m\u00e1s peque\u00f1os calentitos y, adem\u00e1s, \u00a1est\u00e1 mon\u00edsima! Esta bufanda para beb\u00e9 de Woolskins est\u00e1 hecha de lana de alta calidad y est\u00e1 disponible en cuatro colores. Combina a la perfecci\u00f3n con otros productos de lana de Woolskins, como un body de lana o unas zapatillas.<\/p>\n<p>Esta bufanda no s\u00f3lo es funcional, sino tambi\u00e9n elegante. Tiene un pr\u00e1ctico cierre a presi\u00f3n que facilita su colocaci\u00f3n. Adem\u00e1s, la bufanda es suave y c\u00f3moda para la piel sensible de tu beb\u00e9.<\/p>\n<p><strong>Marca: Woolskins<\/strong><br \/>\n<strong>Producci\u00f3n: Polonia<\/strong><\/p>","protected":false},"featured_media":17479,"comment_status":"closed","ping_status":"closed","template":"","meta":{"_acf_changed":false},"product_brand":[],"product_cat":[345,361,360,362,200,346,194],"product_tag":[],"class_list":{"0":"post-6385","1":"product","2":"type-product","3":"status-publish","4":"has-post-thumbnail","6":"product_cat-accessoires","7":"product_cat-babyshower","8":"product_cat-cadeautips","9":"product_cat-cadeaus-tot-e-25","10":"product_cat-wollen-babykleding","11":"product_cat-mutsjesensjaaltjes","12":"product_cat-wollen-babyproducten","14":"first","15":"instock","16":"taxable","17":"shipping-taxable","18":"purchasable","19":"product-type-simple"},"acf":[],"_links":{"self":[{"href":"https:\/\/woolskins.eu\/es\/wp-json\/wp\/v2\/product\/6385","targetHints":{"allow":["GET"]}}],"collection":[{"href":"https:\/\/woolskins.eu\/es\/wp-json\/wp\/v2\/product"}],"about":[{"href":"https:\/\/woolskins.eu\/es\/wp-json\/wp\/v2\/types\/product"}],"replies":[{"embeddable":true,"href":"https:\/\/woolskins.eu\/es\/wp-json\/wp\/v2\/comments?post=6385"}],"wp:featuredmedia":[{"embeddable":true,"href":"https:\/\/woolskins.eu\/es\/wp-json\/wp\/v2\/media\/17479"}],"wp:attachment":[{"href":"https:\/\/woolskins.eu\/es\/wp-json\/wp\/v2\/media?parent=6385"}],"wp:term":[{"taxonomy":"product_brand","embeddable":true,"href":"https:\/\/woolskins.eu\/es\/wp-json\/wp\/v2\/product_brand?post=6385"},{"taxonomy":"product_cat","embeddable":true,"href":"https:\/\/woolskins.eu\/es\/wp-json\/wp\/v2\/product_cat?post=6385"},{"taxonomy":"product_tag","embeddable":true,"href":"https:\/\/woolskins.eu\/es\/wp-json\/wp\/v2\/product_tag?post=6385"}],"curies":[{"name":"wp","href":"https:\/\/api.w.org\/{rel}","templated":true}]}}